{"id":3360,"date":"2022-10-14T14:24:46","date_gmt":"2022-10-14T12:24:46","guid":{"rendered":"https:\/\/jednostki.uksw.edu.pl\/wnhs\/?page_id=17528"},"modified":"2025-03-01T20:46:45","modified_gmt":"2025-03-01T19:46:45","slug":"aktualnosci","status":"publish","type":"page","link":"https:\/\/szkoladoktorska.uksw.edu.pl\/aktualnosci\/","title":{"rendered":"Aktualno\u015bci"},"content":{"rendered":"<p style=\"text-align: center\"><strong>Program Sta\u017cowy w <\/strong><strong>Misji Sta\u0142ego Obserwatora Stolicy Apostolskiej przy Organizacji Narod\u00f3w Zjednoczonych i Innych Organizacjach Mi\u0119dzynarodowych w Genewie<\/strong><\/p>\n\n<p><a href=\"https:\/\/szkoladoktorska.uksw.edu.pl\/wp-content\/uploads\/sites\/29\/2025\/03\/2025_02_21_ogloszenie_konkursu.pdf\">og\u0142oszenie konkursu<\/a><\/p>\n\n\n<p><\/p>\n","protected":false},"excerpt":{"rendered":"<p>Program Sta\u017cowy w Misji Sta\u0142ego Obserwatora Stolicy Apostolskiej przy Organizacji Narod\u00f3w Zjednoczonych i Innych Organizacjach Mi\u0119dzynarodowych w Genewie og\u0142oszenie konkursu<\/p>\n","protected":false},"author":7,"featured_media":0,"parent":0,"menu_order":0,"comment_status":"closed","ping_status":"closed","template":"page-templates\/template-news-page.php","meta":{"_acf_changed":false,"inline_featured_image":false,"footnotes":"","_links_to":"","_links_to_target":""},"class_list":["post-3360","page","type-page","status-publish","hentry"],"acf":[],"_links":{"self":[{"href":"https:\/\/szkoladoktorska.uksw.edu.pl\/pl\/wp-json\/wp\/v2\/pages\/3360","targetHints":{"allow":["GET"]}}],"collection":[{"href":"https:\/\/szkoladoktorska.uksw.edu.pl\/pl\/wp-json\/wp\/v2\/pages"}],"about":[{"href":"https:\/\/szkoladoktorska.uksw.edu.pl\/pl\/wp-json\/wp\/v2\/types\/page"}],"author":[{"embeddable":true,"href":"https:\/\/szkoladoktorska.uksw.edu.pl\/pl\/wp-json\/wp\/v2\/users\/7"}],"replies":[{"embeddable":true,"href":"https:\/\/szkoladoktorska.uksw.edu.pl\/pl\/wp-json\/wp\/v2\/comments?post=3360"}],"version-history":[{"count":4,"href":"https:\/\/szkoladoktorska.uksw.edu.pl\/pl\/wp-json\/wp\/v2\/pages\/3360\/revisions"}],"predecessor-version":[{"id":5207,"href":"https:\/\/szkoladoktorska.uksw.edu.pl\/pl\/wp-json\/wp\/v2\/pages\/3360\/revisions\/5207"}],"wp:attachment":[{"href":"https:\/\/szkoladoktorska.uksw.edu.pl\/pl\/wp-json\/wp\/v2\/media?parent=3360"}],"curies":[{"name":"wp","href":"https:\/\/api.w.org\/{rel}","templated":true}]}}