{"id":3365,"date":"2022-08-05T10:08:24","date_gmt":"2022-08-05T08:08:24","guid":{"rendered":"https:\/\/jednostki.uksw.edu.pl\/wfch\/?page_id=30"},"modified":"2025-11-03T10:18:26","modified_gmt":"2025-11-03T09:18:26","slug":"kontakt","status":"publish","type":"page","link":"https:\/\/szkoladoktorska.uksw.edu.pl\/kontakt\/","title":{"rendered":"Kontakt"},"content":{"rendered":"\n<h2 class=\"wp-block-heading\">Szko\u0142a Doktorska Uniwersytetu Kardyna\u0142a Stefana Wyszy\u0144skiego w Warszawie<\/h2>\n\n\n\r\n<div class=\"\">\r\n\r\n<div class=\"row\">\r\n\r\n  \r\n\r\n\r\n     <div class=\"col-xl-6 col-lg-6 col-md-12 col-sm-12 project\">\r\n\t\t\t<div class=\"contact_box project_box\">\r\n\t\t\t<div class=\"headingh2\">ul. W\u00f3ycickiego 1\/3 bud. 12, 01-938 Warszawa<br> pok\u00f3j 1240, pi\u0119tro 1<\/div>\r\n\t\t\t<div class=\"headingh3\"><\/div><br>\r\n\r\n\r\n\t\t\t<p>e-mail: <a href=\"mailto:szkoladoktorska@uksw.edu.pl\">szkoladoktorska@uksw.edu.pl<\/a><br \/>\ntel.: <a href=\"tel:22 380 97 14\">22 380 97 14<\/a>;<a href=\"tel:22 380 43 11\"> 22 380 43 11<\/a><\/p>\n<p>Biuro Szko\u0142y Doktorskiej UKSW czynne jest w dniach:<\/p>\n<p>poniedzia\u0142ek &#8211; wtorek &#8211; \u015broda- czwartek w godzinach: 9:00-15:00<\/p>\n<p>pi\u0105tek w godzinach: 8:00-12:00<\/p>\n\t\t\t<\/div>\r\n    <\/div>\r\n\r\n\t\r\n\t \r\n\r\n\r\n<\/div>\r\n  \r\n<\/div>\r\n\n\n\n<h2 class=\"wp-block-heading\">Biuro Szko\u0142y Doktorskiej UKSW<\/h2>\n\n\n\r\n<div class=\"\">\r\n\r\n<div class=\"row\">\r\n\r\n  \r\n\r\n\r\n     <div class=\"col-xl-4 col-lg-6 col-md-12 col-sm-12 project\">\r\n\t\t\t<div class=\"contact_box project_box\">\r\n\t\t\t<div class=\"headingh2\">Koordynator Szko\u0142y Doktorskiej UKSW<\/div>\r\n\t\t\t<div class=\"headingh3\">dr Monika Sulej-Janus<\/div><br>\r\n\r\n\r\n\t\t\t<p>tel. 22 380 43 11<\/p>\n<p>e-mail: <a href=\"mailto:m.sulej@uksw.edu.pl\">m.sulej@uksw.edu.pl<\/a><\/p>\n<p>&nbsp;<\/p>\n\t\t\t<\/div>\r\n    <\/div>\r\n\r\n\t\r\n\r\n\r\n     <div class=\"col-xl-4 col-lg-6 col-md-12 col-sm-12 project\">\r\n\t\t\t<div class=\"contact_box project_box\">\r\n\t\t\t<div class=\"headingh2\">Biuro Szko\u0142y Doktorskiej UKSW<\/div>\r\n\t\t\t<div class=\"headingh3\">mgr Ewa Bogurad<\/div><br>\r\n\r\n\r\n\t\t\t<p>tel.: <a href=\"tel:22 380 97 14\">22 380 97 14<\/a><\/p>\n<p>e-mail: <a href=\"mailto:szkoladoktorska@uksw.edu.pl\">szkoladoktorska@uksw.edu.pl<\/a><\/p>\n<p>&nbsp;<\/p>\n\t\t\t<\/div>\r\n    <\/div>\r\n\r\n\t\r\n\t \r\n\r\n\r\n<\/div>\r\n  \r\n<\/div>\r\n","protected":false},"excerpt":{"rendered":"<p>Szko\u0142a Doktorska Uniwersytetu Kardyna\u0142a Stefana Wyszy\u0144skiego w Warszawie Biuro Szko\u0142y Doktorskiej UKSW<\/p>\n","protected":false},"author":7,"featured_media":4427,"parent":0,"menu_order":0,"comment_status":"closed","ping_status":"closed","template":"page-templates\/template-standerd-page.php","meta":{"_acf_changed":false,"inline_featured_image":false,"footnotes":"","_links_to":"","_links_to_target":""},"class_list":["post-3365","page","type-page","status-publish","has-post-thumbnail","hentry"],"acf":[],"_links":{"self":[{"href":"https:\/\/szkoladoktorska.uksw.edu.pl\/pl\/wp-json\/wp\/v2\/pages\/3365","targetHints":{"allow":["GET"]}}],"collection":[{"href":"https:\/\/szkoladoktorska.uksw.edu.pl\/pl\/wp-json\/wp\/v2\/pages"}],"about":[{"href":"https:\/\/szkoladoktorska.uksw.edu.pl\/pl\/wp-json\/wp\/v2\/types\/page"}],"author":[{"embeddable":true,"href":"https:\/\/szkoladoktorska.uksw.edu.pl\/pl\/wp-json\/wp\/v2\/users\/7"}],"replies":[{"embeddable":true,"href":"https:\/\/szkoladoktorska.uksw.edu.pl\/pl\/wp-json\/wp\/v2\/comments?post=3365"}],"version-history":[{"count":44,"href":"https:\/\/szkoladoktorska.uksw.edu.pl\/pl\/wp-json\/wp\/v2\/pages\/3365\/revisions"}],"predecessor-version":[{"id":5487,"href":"https:\/\/szkoladoktorska.uksw.edu.pl\/pl\/wp-json\/wp\/v2\/pages\/3365\/revisions\/5487"}],"wp:featuredmedia":[{"embeddable":true,"href":"https:\/\/szkoladoktorska.uksw.edu.pl\/pl\/wp-json\/wp\/v2\/media\/4427"}],"wp:attachment":[{"href":"https:\/\/szkoladoktorska.uksw.edu.pl\/pl\/wp-json\/wp\/v2\/media?parent=3365"}],"curies":[{"name":"wp","href":"https:\/\/api.w.org\/{rel}","templated":true}]}}