{"id":3668,"date":"2022-10-14T15:06:07","date_gmt":"2022-10-14T13:06:07","guid":{"rendered":"https:\/\/jednostki.uksw.edu.pl\/bbn\/badania-naukowe\/"},"modified":"2022-12-20T08:41:13","modified_gmt":"2022-12-20T07:41:13","slug":"o-nas","status":"publish","type":"page","link":"https:\/\/szkoladoktorska.uksw.edu.pl\/o-nas\/","title":{"rendered":"O nas"},"content":{"rendered":"\n<p>Szko\u0142a Doktorska UKSW stwarza wyj\u0105tkowe mo\u017cliwo\u015bci rozwoju w wielu dyscyplinach naukowych. Wyr\u00f3\u017cniaj\u0105 j\u0105: zaanga\u017cowani promotorzy, indywidualne podej\u015bcie do doktorant\u00f3w, innowacyjny program kszta\u0142cenia oraz nowoczesna infrastruktura. To doskona\u0142e miejsce dla ambitnych i m\u0142odych naukowc\u00f3w, kt\u00f3rzy chc\u0105 zaj\u0105\u0107 si\u0119 praca naukowa i badawcza.<\/p>\n\n\n\n<p>Szko\u0142a Doktorska UKSW to szansa na zdobycie nowych kompetencji pod okiem do\u015bwiadczonej kadry naukowej Uniwersytetu. Doktoranci maj\u0105 mo\u017cliwo\u015b\u0107 poznania warsztatu naukowego, metod i technik oraz narz\u0119dzi badawczych. Szeroki wyb\u00f3r przedmiot\u00f3w dopasowanych do r\u00f3\u017cnorodnych zainteresowa\u0144 doktorant\u00f3w, umo\u017cliwia kszta\u0142towanie indywidualnej \u015bcie\u017cki rozwoju.<\/p>\n\n\n\n<p>Zapraszamy do zapoznania si\u0119 z nasz\u0105 ofert\u0105<\/p>\n\n\n\r\n<div class=\"\">\r\n\r\n\r\n<div class=\"row\">\r\n\r\n  \r\n<div class=\"col-xl-12 col-lg-12 col-md-12 col-sm-12 \">\r\n\t\t<div class=\"download_detils\">\r\n\t\t\t<a href=\"https:\/\/szkoladoktorska.uksw.edu.pl\/wp-content\/uploads\/sites\/29\/2022\/11\/broszura.pdf\"  target=\"_blank\" >\r\n\t\t\t<img decoding=\"async\" src=\"https:\/\/szkoladoktorska.uksw.edu.pl\/wp-content\/themes\/uksw\/images\/import.svg\" alt=\"\"> Broszura [PDF,  11.34 MB]<\/a>\r\n\t\t<\/div>\r\n<\/div>\r\n\r\n\r\n\t\t\r\n\t\t \r\n\r\n<\/div>\r\n<\/div>\r\n<div class=\"space20\"><\/div>\r\n\r\n\n\n\n<div style=\"height:32px\" aria-hidden=\"true\" class=\"wp-block-spacer\"><\/div>\n\n\n\r\n<div class=\"\">\r\n\r\n<div class=\"page_heading\"> <img decoding=\"async\" src=\"https:\/\/szkoladoktorska.uksw.edu.pl\/wp-content\/themes\/uksw\/images\/note-2_white.svg\" alt=\"\"> Wybierz interesuj\u0105cy Ci\u0119 dzia\u0142:<\/div>\r\n<div class=\"candidate_box_sec\">\r\n<div class=\"row\">\r\n\r\n    \r\n                                \r\n                            <div class=\"col-xl-6 col-lg-6 col-md-12 col-sm-12 project\">\r\n                                <a href=\"https:\/\/szkoladoktorska.uksw.edu.pl\/?post_type=page&#038;p=3765\" class=\"project_box\">\r\n                                    <div class=\"candidate_box project_box\">\r\n                                        <div class=\"candidate_box_title\">Dyrektor<\/div>\r\n                                                                                <div class=\"candidate_box_sub_title\">Szko\u0142y Doktorskiej UKSW<\/div>\r\n                                                                                <img decoding=\"async\" src=\"https:\/\/szkoladoktorska.uksw.edu.pl\/wp-content\/themes\/uksw\/images\/arrow_more1.svg\" alt=\"\">  \r\n                                    <\/div>\r\n                                <\/a>\r\n                            <\/div>\r\n                      \r\n                        \r\n                            \r\n                                \r\n                            <div class=\"col-xl-6 col-lg-6 col-md-12 col-sm-12 project\">\r\n                                <a href=\"https:\/\/szkoladoktorska.uksw.edu.pl\/?post_type=page&#038;p=3766\" class=\"project_box\">\r\n                                    <div class=\"candidate_box project_box\">\r\n                                        <div class=\"candidate_box_title\">Rada<\/div>\r\n                                                                                <div class=\"candidate_box_sub_title\">Szko\u0142y Doktorskiej UKSW<\/div>\r\n                                                                                <img decoding=\"async\" src=\"https:\/\/szkoladoktorska.uksw.edu.pl\/wp-content\/themes\/uksw\/images\/arrow_more1.svg\" alt=\"\">  \r\n                                    <\/div>\r\n                                <\/a>\r\n                            <\/div>\r\n                      \r\n                        \r\n                            \r\n                                \r\n                            <div class=\"col-xl-6 col-lg-6 col-md-12 col-sm-12 project\">\r\n                                <a href=\"https:\/\/szkoladoktorska.uksw.edu.pl\/?post_type=page&#038;p=3767\" class=\"project_box\">\r\n                                    <div class=\"candidate_box project_box\">\r\n                                        <div class=\"candidate_box_title\">Kierownicy<\/div>\r\n                                                                                <div class=\"candidate_box_sub_title\">\u015bcie\u017cek kszta\u0142cenia<\/div>\r\n                                                                                <img decoding=\"async\" src=\"https:\/\/szkoladoktorska.uksw.edu.pl\/wp-content\/themes\/uksw\/images\/arrow_more1.svg\" alt=\"\">  \r\n                                    <\/div>\r\n                                <\/a>\r\n                            <\/div>\r\n                      \r\n                        \r\n                            <\/div>\r\n<\/div>\r\n\r\n<\/div>","protected":false},"excerpt":{"rendered":"<p>Szko\u0142a Doktorska UKSW stwarza wyj\u0105tkowe mo\u017cliwo\u015bci rozwoju w wielu dyscyplinach naukowych. Wyr\u00f3\u017cniaj\u0105 j\u0105: zaanga\u017cowani promotorzy, indywidualne podej\u015bcie do doktorant\u00f3w, innowacyjny program kszta\u0142cenia oraz nowoczesna infrastruktura. To doskona\u0142e miejsce dla ambitnych i m\u0142odych naukowc\u00f3w, kt\u00f3rzy chc\u0105 zaj\u0105\u0107 si\u0119 praca naukowa i badawcza. Szko\u0142a Doktorska UKSW to szansa na zdobycie nowych kompetencji pod okiem do\u015bwiadczonej kadry naukowej [&hellip;]<\/p>\n","protected":false},"author":7,"featured_media":4415,"parent":0,"menu_order":1,"comment_status":"closed","ping_status":"closed","template":"page-templates\/template-sub-page.php","meta":{"_acf_changed":false,"inline_featured_image":false,"footnotes":"","_links_to":"","_links_to_target":""},"class_list":["post-3668","page","type-page","status-publish","has-post-thumbnail","hentry"],"acf":[],"_links":{"self":[{"href":"https:\/\/szkoladoktorska.uksw.edu.pl\/pl\/wp-json\/wp\/v2\/pages\/3668","targetHints":{"allow":["GET"]}}],"collection":[{"href":"https:\/\/szkoladoktorska.uksw.edu.pl\/pl\/wp-json\/wp\/v2\/pages"}],"about":[{"href":"https:\/\/szkoladoktorska.uksw.edu.pl\/pl\/wp-json\/wp\/v2\/types\/page"}],"author":[{"embeddable":true,"href":"https:\/\/szkoladoktorska.uksw.edu.pl\/pl\/wp-json\/wp\/v2\/users\/7"}],"replies":[{"embeddable":true,"href":"https:\/\/szkoladoktorska.uksw.edu.pl\/pl\/wp-json\/wp\/v2\/comments?post=3668"}],"version-history":[{"count":11,"href":"https:\/\/szkoladoktorska.uksw.edu.pl\/pl\/wp-json\/wp\/v2\/pages\/3668\/revisions"}],"predecessor-version":[{"id":4416,"href":"https:\/\/szkoladoktorska.uksw.edu.pl\/pl\/wp-json\/wp\/v2\/pages\/3668\/revisions\/4416"}],"wp:featuredmedia":[{"embeddable":true,"href":"https:\/\/szkoladoktorska.uksw.edu.pl\/pl\/wp-json\/wp\/v2\/media\/4415"}],"wp:attachment":[{"href":"https:\/\/szkoladoktorska.uksw.edu.pl\/pl\/wp-json\/wp\/v2\/media?parent=3668"}],"curies":[{"name":"wp","href":"https:\/\/api.w.org\/{rel}","templated":true}]}}