{"id":3765,"date":"2022-11-17T09:04:55","date_gmt":"2022-11-17T08:04:55","guid":{"rendered":"https:\/\/jednostki.uksw.edu.pl\/szkoladoktorska\/o-nas\/dyrektor-szkoly-doktorskiej-uksw\/"},"modified":"2026-04-20T19:23:39","modified_gmt":"2026-04-20T17:23:39","slug":"dyrektor-szkoly-doktorskiej-uksw","status":"publish","type":"page","link":"https:\/\/szkoladoktorska.uksw.edu.pl\/o-nas\/dyrektor-szkoly-doktorskiej-uksw\/","title":{"rendered":"Dyrektor Szko\u0142y Doktorskiej UKSW"},"content":{"rendered":"\r\n<div class=\"\">\r\n\r\n<div class=\"row\">\r\n\r\n  \r\n\r\n\r\n     <div class=\"col-xl-6 col-lg-6 col-md-12 col-sm-12 project\">\r\n\t\t\t<div class=\"contact_box project_box\">\r\n\t\t\t<div class=\"headingh2\">Dyrektor Szko\u0142y Doktorskiej UKSW<\/div>\r\n\t\t\t<div class=\"headingh3\">Ks. dr hab. Ryszard Sadowski, prof. uczelni<\/div><br>\r\n\r\n\r\n\t\t\t<p>Dy\u017cur:<\/p>\n<p>kontakt: szkoladoktorska@uksw.edu.pl<\/p>\n<p>&nbsp;<\/p>\n\t\t\t<\/div>\r\n    <\/div>\r\n\r\n\t\r\n\r\n\r\n     <div class=\"col-xl-6 col-lg-6 col-md-12 col-sm-12 project\">\r\n\t\t\t<div class=\"contact_box project_box\">\r\n\t\t\t<div class=\"headingh2\">Wicedyrektor Szko\u0142y Doktorskiej UKSW<\/div>\r\n\t\t\t<div class=\"headingh3\">dr hab. Krassimira Ilieva-Makulec, prof. uczelni<\/div><br>\r\n\r\n\r\n\t\t\t<p>Dy\u017cur: wtorek, godz. 10:00-12:00<\/p>\n<p>kontakt: k.makulec@uksw.edu.pl<\/p>\n\t\t\t<\/div>\r\n    <\/div>\r\n\r\n\t\r\n\r\n\r\n     <div class=\"col-xl-6 col-lg-6 col-md-12 col-sm-12 project\">\r\n\t\t\t<div class=\"contact_box project_box\">\r\n\t\t\t<div class=\"headingh2\"><\/div>\r\n\t\t\t<div class=\"headingh3\"><\/div><br>\r\n\r\n\r\n\t\t\t\t\t\t<\/div>\r\n    <\/div>\r\n\r\n\t\r\n\t \r\n\r\n\r\n<\/div>\r\n  \r\n<\/div>\r\n\n\n\n<h2 class=\"wp-block-heading\">Do zada\u0144 Dyrektora Szko\u0142y Doktorskiej UKSW nale\u017cy w szczeg\u00f3lno\u015bci:<\/h2>\n\n\n\n<ul class=\"wp-block-list\">\n<li>reprezentowanie Szko\u0142y Doktorskiej,<\/li>\n\n\n\n<li>organizowanie pracy Szko\u0142y Doktorskiej, w szczeg\u00f3lno\u015bci zapewnienie w\u0142a\u015bciwego i wysokiego poziomu kszta\u0142cenia zgodnie z najwy\u017cszymi standardami oraz z zachowaniem powszechnie obowi\u0105zuj\u0105cych przepis\u00f3w,<\/li>\n\n\n\n<li>nadzorowanie procesu kszta\u0142cenia oraz organizacja zaj\u0119\u0107 w Szkole Doktorskiej,<\/li>\n\n\n\n<li>zapewnianie warunk\u00f3w do prowadzenia kszta\u0142cenia w Szkole Doktorskiej, szczeg\u00f3lnie poprzez \u015bcis\u0142\u0105 wsp\u00f3\u0142prac\u0119 z przedstawicielami wydzia\u0142\u00f3w i instytut\u00f3w, w kt\u00f3rych prowadzone s\u0105 dyscypliny naukowe posiadaj\u0105ce uprawnienia do nadawania stopnia naukowego doktora,<\/li>\n\n\n\n<li>zapewnienie warunk\u00f3w do prowadzenia przez doktorant\u00f3w dzia\u0142alno\u015bci naukowej obejmuj\u0105cej badania naukowe i prace rozwojowe,<\/li>\n\n\n\n<li>tworzenie i przedstawianie do zatwierdzania Radzie Szko\u0142y planu dzia\u0142ania Szko\u0142y Doktorskiej,<\/li>\n\n\n\n<li>przygotowywanie ewaluacji Szko\u0142y Doktorskiej,<\/li>\n\n\n\n<li>publikowanie, z upowa\u017cnienia Rektora, listy doktorant\u00f3w UKSW,<\/li>\n\n\n\n<li>podejmowanie z upowa\u017cnienia Rektora, decyzji, w tym decyzji administracyjnych, we wszystkich sprawach dotycz\u0105cych Szko\u0142y Doktorskiej, niezastrze\u017conych wprost do kompetencji organ\u00f3w Uniwersytetu, podmiot\u00f3w kolegialnych lub innych funkcji kierowniczych,<\/li>\n\n\n\n<li>rozstrzyganie odwo\u0142a\u0144 od decyzji kierownik\u00f3w \u015bcie\u017cek,<\/li>\n\n\n\n<li>wyra\u017canie zgody na odbywanie przez doktorant\u00f3w sta\u017cy zagranicznych i prowadzenia bada\u0144 w instytucjach naukowych poza Uniwersytetem, w tym wspieranie aktywno\u015bci grantowej oraz mobilno\u015bci krajowej i mi\u0119dzynarodowej doktorant\u00f3w,<\/li>\n\n\n\n<li>wsp\u00f3\u0142praca z Samorz\u0105dem Doktorant\u00f3w, szczeg\u00f3lnie w zakresie spraw socjalnobytowych doktorant\u00f3w,<\/li>\n\n\n\n<li>powo\u0142ywanie, po zasi\u0119gni\u0119ciu opinii w\u0142a\u015bciwej Rady Dyscypliny oraz Rady Szko\u0142y, komisji do przeprowadzenia oceny \u015br\u00f3dokresowej,<\/li>\n\n\n\n<li>wsp\u00f3\u0142praca z Radami Dyscyplin oraz kierownikami \u015bcie\u017cek w zakresie wyznaczania promotora, promotor\u00f3w lub promotora pomocniczego oraz szczeg\u00f3\u0142owych czynno\u015bci w post\u0119powaniu o nadanie stopnia naukowego doktora,<\/li>\n\n\n\n<li>przedstawianie Rektorowi rocznego sprawozdania z dzia\u0142alno\u015bci Szko\u0142y Doktorskiej,<\/li>\n\n\n\n<li>wprowadzanie, aktualizowanie oraz archiwizowanie danych w Zintegrowanym Systemie Informacji o Szkolnictwie Wy\u017cszym i Nauce \u201ePOL-on\u201d,<\/li>\n\n\n\n<li>nadz\u00f3r nad gromadzeniem dokumentacji przebiegu kszta\u0142cenia,<\/li>\n\n\n\n<li>dysponowanie \u015brodkami finansowymi przeznaczonymi na funkcjonowanie Szko\u0142y Doktorskiej<\/li>\n\n\n\n<li>przedstawianie Senatowi, po zasi\u0119gni\u0119ciu opinii Rady Szko\u0142y, projektu:\n<ul class=\"wp-block-list\">\n<li>regulaminu Szko\u0142y Doktorskiej,<\/li>\n\n\n\n<li>programu Kszta\u0142cenia w Szkole Doktorskiej,<\/li>\n\n\n\n<li>trybu, zasad i harmonogramu rekrutacji do Szko\u0142y Doktorskiej.<\/li>\n<\/ul>\n<\/li>\n\n\n\n<li>prowadzenie i nadzorowanie, we wsp\u00f3\u0142pracy z Komisj\u0105 Rekrutacyjn\u0105 i Rad\u0105 Szko\u0142y, post\u0119powania rekrutacyjnego do Szko\u0142y Doktorskiej.<\/li>\n<\/ul>\n\n\n\n<p>Dyrektor Szko\u0142y, w sprawach dotycz\u0105cych Szko\u0142y Doktorskiej oraz doktorant\u00f3w, wsp\u00f3\u0142pracuje \u015bci\u015ble z Prorektorem w\u0142a\u015bciwym ds. nauki, Kierownikami \u015bcie\u017cek kszta\u0142cenia, Dziekanami i Dyrektorami Instytut\u00f3w.<\/p>\n","protected":false},"excerpt":{"rendered":"<p>Do zada\u0144 Dyrektora Szko\u0142y Doktorskiej UKSW nale\u017cy w szczeg\u00f3lno\u015bci: Dyrektor Szko\u0142y, w sprawach dotycz\u0105cych Szko\u0142y Doktorskiej oraz doktorant\u00f3w, wsp\u00f3\u0142pracuje \u015bci\u015ble z Prorektorem w\u0142a\u015bciwym ds. nauki, Kierownikami \u015bcie\u017cek kszta\u0142cenia, Dziekanami i Dyrektorami Instytut\u00f3w.<\/p>\n","protected":false},"author":1,"featured_media":0,"parent":3668,"menu_order":2,"comment_status":"closed","ping_status":"closed","template":"page-templates\/template-sub-page.php","meta":{"_acf_changed":false,"inline_featured_image":false,"footnotes":"","_links_to":"","_links_to_target":""},"class_list":["post-3765","page","type-page","status-publish","hentry"],"acf":[],"_links":{"self":[{"href":"https:\/\/szkoladoktorska.uksw.edu.pl\/pl\/wp-json\/wp\/v2\/pages\/3765","targetHints":{"allow":["GET"]}}],"collection":[{"href":"https:\/\/szkoladoktorska.uksw.edu.pl\/pl\/wp-json\/wp\/v2\/pages"}],"about":[{"href":"https:\/\/szkoladoktorska.uksw.edu.pl\/pl\/wp-json\/wp\/v2\/types\/page"}],"author":[{"embeddable":true,"href":"https:\/\/szkoladoktorska.uksw.edu.pl\/pl\/wp-json\/wp\/v2\/users\/1"}],"replies":[{"embeddable":true,"href":"https:\/\/szkoladoktorska.uksw.edu.pl\/pl\/wp-json\/wp\/v2\/comments?post=3765"}],"version-history":[{"count":21,"href":"https:\/\/szkoladoktorska.uksw.edu.pl\/pl\/wp-json\/wp\/v2\/pages\/3765\/revisions"}],"predecessor-version":[{"id":5743,"href":"https:\/\/szkoladoktorska.uksw.edu.pl\/pl\/wp-json\/wp\/v2\/pages\/3765\/revisions\/5743"}],"up":[{"embeddable":true,"href":"https:\/\/szkoladoktorska.uksw.edu.pl\/pl\/wp-json\/wp\/v2\/pages\/3668"}],"wp:attachment":[{"href":"https:\/\/szkoladoktorska.uksw.edu.pl\/pl\/wp-json\/wp\/v2\/media?parent=3765"}],"curies":[{"name":"wp","href":"https:\/\/api.w.org\/{rel}","templated":true}]}}