{"id":3766,"date":"2022-11-17T09:04:56","date_gmt":"2022-11-17T08:04:56","guid":{"rendered":"https:\/\/jednostki.uksw.edu.pl\/szkoladoktorska\/o-nas\/rada-szkoly-doktorskiej-uksw\/"},"modified":"2025-11-17T12:39:24","modified_gmt":"2025-11-17T11:39:24","slug":"rada-szkoly-doktorskiej-uksw","status":"publish","type":"page","link":"https:\/\/szkoladoktorska.uksw.edu.pl\/o-nas\/rada-szkoly-doktorskiej-uksw\/","title":{"rendered":"Rada Szko\u0142y Doktorskiej UKSW"},"content":{"rendered":"\n<h2 class=\"wp-block-heading\">W sk\u0142ad Rady Szko\u0142y Doktorskiej UKSW wchodz\u0105:<\/h2>\n\n\n\n<ul class=\"wp-block-list\">\n<li>dyrektor Szko\u0142y pe\u0142ni\u0105cy funkcj\u0119 Przewodnicz\u0105cego Rady Szko\u0142y,<\/li>\n\n\n\n<li>kierownicy \u015bcie\u017cek kszta\u0142cenia,<\/li>\n\n\n\n<li>jeden doktorant wskazany przez w\u0142a\u015bciwy organ Samorz\u0105du Doktorant\u00f3w UKSW,<\/li>\n\n\n\n<li>koordynator Szko\u0142y Doktorskiej.<\/li>\n<\/ul>\n\n\n\n<h2 class=\"wp-block-heading\">Do zada\u0144 Rady Szko\u0142y Doktorskiej UKSW nale\u017cy:<\/h2>\n\n\n\n<ul class=\"wp-block-list\">\n<li>wyznaczanie kierunk\u00f3w prowadzenia Szko\u0142y Doktorskiej UKSW, w tym uchwalanie misji i strategii rozwoju Szko\u0142y, z uwzgl\u0119dnieniem polityki naukowej Wydzia\u0142\u00f3w, Instytut\u00f3w i Uniwersytetu,<\/li>\n\n\n\n<li>wspieranie doradczo-eksperckie Dyrektora Szko\u0142y w zakresie prowadzenia kszta\u0142cenia doktorant\u00f3w, w tym opiniowanie i rozstrzyganie w sprawach niezastrze\u017conych dla innych organ\u00f3w i podmiot\u00f3w kolegialnych Uniwersytetu, wniesionych pod jej obrady,<\/li>\n\n\n\n<li>opiniowanie oraz wsp\u00f3\u0142praca w zakresie opracowywania i wdra\u017cania:\n<ul class=\"wp-block-list\">\n<li>regulaminu Szko\u0142y Doktorskiej,<\/li>\n\n\n\n<li>programu kszta\u0142cenia w Szkole Doktorskiej,<\/li>\n\n\n\n<li>zasad, trybu i warunk\u00f3w rekrutacji do Szko\u0142y Doktorskiej,<\/li>\n\n\n\n<li>sk\u0142adu komisji ds. przeprowadzenia oceny \u015br\u00f3dokresowej doktoranta.<\/li>\n<\/ul>\n<\/li>\n\n\n\n<li>przyjmowanie rocznego sprawozdania Dyrektora Szko\u0142y z prowadzenia kszta\u0142cenia w Szkole Doktorskiej oraz sprawozdania finansowego,<\/li>\n\n\n\n<li>wsp\u00f3\u0142praca z Dyrektorem Szko\u0142y w zakresie nadzoru nad jako\u015bci\u0105 kszta\u0142cenia, w szczeg\u00f3lno\u015bci za\u015b przygotowywanie Szko\u0142y Doktorskiej do ewaluacji,<\/li>\n\n\n\n<li>inicjowanie, w porozumieniu z Rektorem, wsp\u00f3\u0142pracy mi\u0119dzy Uczelni\u0105 a instytucjami zewn\u0119trznymi na p\u0142aszczy\u017anie naukowej i dydaktycznej w kontek\u015bcie doktorant\u00f3w,<\/li>\n\n\n\n<li>opiniowanie indywidualnego planu badawczego doktorant\u00f3w i przedstawianie go w\u0142a\u015bciwej Radzie Dyscypliny Naukowej,<\/li>\n\n\n\n<li>inicjowanie dzia\u0142a\u0144 zwi\u0105zanych z doskonaleniem kompetencji promotor\u00f3w,<\/li>\n\n\n\n<li>opracowywanie i monitorowanie funkcjonowania wewn\u0119trznego systemu zapewniania jako\u015bci kszta\u0142cenia doktorant\u00f3w,<\/li>\n\n\n\n<li>udzia\u0142 w prowadzeniu post\u0119powania rekrutacyjnego do Szko\u0142y Doktorskiej.<\/li>\n<\/ul>\n","protected":false},"excerpt":{"rendered":"<p>W sk\u0142ad Rady Szko\u0142y Doktorskiej UKSW wchodz\u0105: Do zada\u0144 Rady Szko\u0142y Doktorskiej UKSW nale\u017cy:<\/p>\n","protected":false},"author":1,"featured_media":0,"parent":3668,"menu_order":3,"comment_status":"closed","ping_status":"closed","template":"page-templates\/template-sub-page.php","meta":{"_acf_changed":false,"inline_featured_image":false,"footnotes":"","_links_to":"","_links_to_target":""},"class_list":["post-3766","page","type-page","status-publish","hentry"],"acf":[],"_links":{"self":[{"href":"https:\/\/szkoladoktorska.uksw.edu.pl\/pl\/wp-json\/wp\/v2\/pages\/3766","targetHints":{"allow":["GET"]}}],"collection":[{"href":"https:\/\/szkoladoktorska.uksw.edu.pl\/pl\/wp-json\/wp\/v2\/pages"}],"about":[{"href":"https:\/\/szkoladoktorska.uksw.edu.pl\/pl\/wp-json\/wp\/v2\/types\/page"}],"author":[{"embeddable":true,"href":"https:\/\/szkoladoktorska.uksw.edu.pl\/pl\/wp-json\/wp\/v2\/users\/1"}],"replies":[{"embeddable":true,"href":"https:\/\/szkoladoktorska.uksw.edu.pl\/pl\/wp-json\/wp\/v2\/comments?post=3766"}],"version-history":[{"count":7,"href":"https:\/\/szkoladoktorska.uksw.edu.pl\/pl\/wp-json\/wp\/v2\/pages\/3766\/revisions"}],"predecessor-version":[{"id":5491,"href":"https:\/\/szkoladoktorska.uksw.edu.pl\/pl\/wp-json\/wp\/v2\/pages\/3766\/revisions\/5491"}],"up":[{"embeddable":true,"href":"https:\/\/szkoladoktorska.uksw.edu.pl\/pl\/wp-json\/wp\/v2\/pages\/3668"}],"wp:attachment":[{"href":"https:\/\/szkoladoktorska.uksw.edu.pl\/pl\/wp-json\/wp\/v2\/media?parent=3766"}],"curies":[{"name":"wp","href":"https:\/\/api.w.org\/{rel}","templated":true}]}}