{"id":3767,"date":"2022-11-17T09:04:57","date_gmt":"2022-11-17T08:04:57","guid":{"rendered":"https:\/\/jednostki.uksw.edu.pl\/szkoladoktorska\/o-nas\/kierownicy-sciezek-ksztalcenia\/"},"modified":"2026-04-01T11:25:42","modified_gmt":"2026-04-01T09:25:42","slug":"kierownicy-sciezek-ksztalcenia","status":"publish","type":"page","link":"https:\/\/szkoladoktorska.uksw.edu.pl\/o-nas\/kierownicy-sciezek-ksztalcenia\/","title":{"rendered":"Kierownicy \u015bcie\u017cek kszta\u0142cenia"},"content":{"rendered":"\n<p>Kszta\u0142cenie w Szkole Doktorskiej UKSW prowadzone jest w ramach \u015bcie\u017cek kszta\u0142cenia pod nadzorem kierownik\u00f3w \u015bcie\u017cek.<\/p>\n\n\n\n<p>Kierownikiem \u015bcie\u017cki mo\u017ce by\u0107 osoba spe\u0142niaj\u0105ca nast\u0119puj\u0105ce wymagania:<\/p>\n\n\n\n<ul class=\"wp-block-list\">\n<li>jest zatrudniona w Uniwersytecie w pe\u0142nym wymiarze czasu pracy na stanowisku nauczyciela akademickiego w grupie pracownik\u00f3w badawczych lub badawczo-dydaktycznych,<\/li>\n\n\n\n<li>posiada stopie\u0144 naukowy doktora habilitowanego lub tytu\u0142 profesora.<\/li>\n<\/ul>\n\n\n\n<p>Kierownika \u015bcie\u017cki kszta\u0142cenia powo\u0142uje Rektor UKSW na wniosek Dyrektora Instytutu, zaopiniowany przez Rad\u0119 Dyscypliny oraz Dyrektora Szko\u0142y Doktorskiej UKSW.<\/p>\n\n\n\n<h2 class=\"wp-block-heading\">Kierownicy \u015bcie\u017cek kszta\u0142cenia:<\/h2>\n\n\n\n<div class=\"wp-block-columns\">\n<div class=\"wp-block-column\" style=\"flex-basis:100%\">\n<figure class=\"wp-block-table\"><table><tbody><tr><td>archeologia<\/td><td>dr hab.&nbsp;Bo\u017cena J\u00f3zef\u00f3w-Czerwi\u0144ska prof. ucz.<\/td><td><a href=\"mailto:b.jozefow-czerwinska@uksw.edu.pl\">b.jozefow-czerwinska@uksw.edu.pl<\/a><\/td><\/tr><tr><td>filozofia<\/td><td>dr&nbsp;hab. Andrzej Kobyli\u0144ski, prof.&nbsp;ucz.<\/td><td><a href=\"mailto:m.piekarski@uksw.edu.pl\">a.kobylinski@uksw.edu.pl<\/a><\/td><\/tr><tr><td>historia<\/td><td>dr hab. Artur G\u00f3rak, prof. ucz.<\/td><td><a href=\"mailto:a.gorak@uksw.edu.pl\">a.gorak@uksw.edu.pl<\/a><\/td><\/tr><tr><td>literaturoznawstwo<\/td><td>dr&nbsp;hab. Ewa Szczeglacka-Paw\u0142owska, prof.&nbsp;ucz.<\/td><td><a href=\"mailto:%20e.szczeglacka@uksw.edu.pl\">e.szczeglacka@uksw.edu.pl<\/a><\/td><\/tr><tr><td>nauki prawne<\/td><td>dr hab. Martyna Wilbrandt-Gotowicz, prof. ucz.<\/td><td><a href=\"mailto:m.gotowicz@uksw.edu.pl\">m.gotowicz@uksw.edu.pl<\/a><\/td><\/tr><tr><td>nauki socjologiczne<\/td><td>dr&nbsp;hab. Maria Sroczy\u0144ska, prof.&nbsp;ucz.<\/td><td><a href=\"https:\/\/szkoladoktorska.uksw.edu.pl\/o-nas\/kierownicy-sciezek-ksztalcenia\/m.sroczynska@uksw.edu.pl\">m.sroczynska@uksw.edu.pl<\/a><\/td><\/tr><tr><td>nauki o&nbsp;polityce i&nbsp;administracji<\/td><td>dr hab. Tadeusz Kami\u0144ski, prof. ucz.<\/td><td><a href=\"mailto:t.kaminski@uksw.edu.pl\">t.kaminski@uksw.edu.pl<\/a><\/td><\/tr><tr><td>nauki teologiczne<\/td><td>ks. dr hab. Jaros\u0142aw Babi\u0144ski, prof. ucz.<\/td><td><a href=\"mailto:j.babinski@uksw.edu.pl\">j.babinski@uksw.edu.pl<\/a><\/td><\/tr><tr><td>pedagogika<\/td><td>dr&nbsp;hab. Witold Starnawski, prof.&nbsp;ucz.<\/td><td><a href=\"mailto:w.starnawski@uksw.edu.pl\">w.starnawski@uksw.edu.pl<\/a><\/td><\/tr><tr><td>prawo kanoniczne<\/td><td>ks.&nbsp;dr&nbsp;hab. Dariusz Borek, prof.&nbsp;ucz.<\/td><td><a href=\"mailto:%20d.borek@uksw.edu.pl\">d.borek@uksw.edu.pl<\/a><\/td><\/tr><tr><td>nauki fizyczne<\/td><td>dr&nbsp;hab. Iaroslav Shopa, prof.&nbsp;ucz.<\/td><td><a href=\"mailto:%20i.shopa@uksw.edu.pl\">i.shopa@uksw.edu.pl<\/a><\/td><\/tr><tr><td>nauki chemiczne<\/td><td>dr&nbsp;hab. Krzysztof Nawara, prof.&nbsp;ucz.<\/td><td><a href=\"mailto:k.nawara@uksw.edu.pl\">k.nawara@uksw.edu.pl<\/a><\/td><\/tr><tr><td>matematyka<\/td><td>dr&nbsp;hab. S\u0142awomir Michalik, prof. ucz.<\/td><td><a href=\"mailto:%20s.michalik@uksw.edu.pl\">s.michalik@uksw.edu.pl<\/a><\/td><\/tr><tr><td>psychologia<\/td><td>dr hab. Katarzyna Kucharska, prof. ucz.<\/td><td><a href=\"mailto:j.piotrowski@uksw.edu.pl\">k.kucharska@uksw.edu.pl<\/a><\/td><\/tr><tr><td>nauki biologiczne<\/td><td>prof.&nbsp;dr&nbsp;hab. Justyna Nowakowska<\/td><td><a href=\"mailto:j.nowakowska@uksw.edu.pl\">j.nowakowska@uksw.edu.pl<\/a><\/td><\/tr><tr><td>nauki o&nbsp;komunikacji i&nbsp;mediach<\/td><td>ks.&nbsp;prof.&nbsp;dr&nbsp;hab. Witold Kawecki<\/td><td><a href=\"mailto:w.kawecki@uksw.edu.pl\">w.kawecki@uksw.edu.pl<\/a><\/td><\/tr><tr><td>nauki o&nbsp;kulturze i&nbsp;religii<\/td><td>ks. dr hab. Wojciech Sad\u0142o\u0144<\/td><td><a href=\"mailto:w.sadlon@uksw.edu.pl\">w.sadlon@uksw.edu.pl<\/a><\/td><\/tr><tr><td>informatyka techniczna i telekomunikacja<\/td><td>dr hab. in\u017c. Wojciech Stecz, prof. ucz.<\/td><td><a href=\"mailto:w.stecz@uksw.edu.pl\">w.stecz@uksw.edu.pl<\/a><\/td><\/tr><tr><td>nauki o rodzinie<\/td><td>dr hab. Zbigniew Miko\u0142ajczyk prof. ucz.<\/td><td><a href=\"mailto:z.mikolajczyk@uksw.edu.pl\">z.mikolajczyk@uksw.edu.pl<\/a><\/td><\/tr><tr><td>nauki o sztuce<\/td><td>prof. dr hab. Jakub Lewicki<\/td><td><a href=\"mailto:j.lewicki@uksw.edu.pl\">j.lewicki@uksw.edu.pl<\/a><\/td><\/tr><\/tbody><\/table><\/figure>\n\n\n\n<p><\/p>\n<\/div>\n<\/div>\n\n\n\n<div style=\"height:16px\" aria-hidden=\"true\" class=\"wp-block-spacer\"><\/div>\n\n\n\n<h2 class=\"wp-block-heading\">Do zada\u0144 kierownik\u00f3w \u015bcie\u017cek nale\u017cy w szczeg\u00f3lno\u015bci:<\/h2>\n\n\n\n<ul class=\"wp-block-list\">\n<li>czuwanie nad realizacj\u0105 indywidualnego planu badawczego oraz programu kszta\u0142cenia doktorant\u00f3w nale\u017c\u0105cych do dyscypliny naukowej nadzorowanej przez kierownika,<\/li>\n\n\n\n<li>wsp\u00f3\u0142praca z Dyrektorem Szko\u0142y oraz Wydzia\u0142ami i Instytutami,<\/li>\n\n\n\n<li>wyznaczanie sk\u0142adu Komisji ds. oceny seminarium state of the art,<\/li>\n\n\n\n<li>wskazywanie Dyrektorowi Szko\u0142y kandydat\u00f3w do Komisji do przeprowadzenia oceny \u015br\u00f3dokresowej doktorant\u00f3w,<\/li>\n\n\n\n<li>przygotowanie, w porozumieniu z Dyrektorem Instytutu i przedstawianie Dyrektorowi Szko\u0142y do publikacji, listy nauczycieli akademickich uprawnionych do prowadzenia seminarium doktoranckiego i pe\u0142nienia funkcji promotora,<\/li>\n\n\n\n<li>nadzorowanie procesu kszta\u0142cenia w ramach danej dyscypliny naukowej, w szczeg\u00f3lno\u015bci proponowanie, w porozumieniu z Instytutami, poszczeg\u00f3lnych przedmiot\u00f3w i innych zaj\u0119\u0107 dydaktycznych prowadzonych w Szkole Doktorskiej,<\/li>\n\n\n\n<li>ustalanie w porozumieniu z promotorem zakresu praktyk dydaktycznych, o ile zosta\u0142y przewidziane w indywidualnym planie badawczym,<\/li>\n\n\n\n<li>opiniowanie wniosk\u00f3w doktorant\u00f3w przed ich rozstrzygni\u0119ciem przez w\u0142a\u015bciwe organy Uczelni, w tym wniosku o przed\u0142u\u017cenie terminu z\u0142o\u017cenia rozprawy doktorskiej,<\/li>\n\n\n\n<li>udzia\u0142 w posiedzeniach Rady Szko\u0142y oraz wykonywanie zada\u0144 zleconych przez Dyrektora Szko\u0142y w zakresie kszta\u0142cenia doktorant\u00f3w,<\/li>\n\n\n\n<li>udzia\u0142 w post\u0119powaniu rekrutacyjnym do Szko\u0142y Doktorskiej.<\/li>\n<\/ul>\n","protected":false},"excerpt":{"rendered":"<p>Kszta\u0142cenie w Szkole Doktorskiej UKSW prowadzone jest w ramach \u015bcie\u017cek kszta\u0142cenia pod nadzorem kierownik\u00f3w \u015bcie\u017cek. Kierownikiem \u015bcie\u017cki mo\u017ce by\u0107 osoba spe\u0142niaj\u0105ca nast\u0119puj\u0105ce wymagania: Kierownika \u015bcie\u017cki kszta\u0142cenia powo\u0142uje Rektor UKSW na wniosek Dyrektora Instytutu, zaopiniowany przez Rad\u0119 Dyscypliny oraz Dyrektora Szko\u0142y Doktorskiej UKSW. Kierownicy \u015bcie\u017cek kszta\u0142cenia: archeologia dr hab.&nbsp;Bo\u017cena J\u00f3zef\u00f3w-Czerwi\u0144ska prof. ucz. b.jozefow-czerwinska@uksw.edu.pl filozofia dr&nbsp;hab. Andrzej [&hellip;]<\/p>\n","protected":false},"author":1,"featured_media":0,"parent":3668,"menu_order":4,"comment_status":"closed","ping_status":"closed","template":"page-templates\/template-sub-page.php","meta":{"_acf_changed":false,"inline_featured_image":false,"footnotes":"","_links_to":"","_links_to_target":""},"class_list":["post-3767","page","type-page","status-publish","hentry"],"acf":[],"_links":{"self":[{"href":"https:\/\/szkoladoktorska.uksw.edu.pl\/pl\/wp-json\/wp\/v2\/pages\/3767","targetHints":{"allow":["GET"]}}],"collection":[{"href":"https:\/\/szkoladoktorska.uksw.edu.pl\/pl\/wp-json\/wp\/v2\/pages"}],"about":[{"href":"https:\/\/szkoladoktorska.uksw.edu.pl\/pl\/wp-json\/wp\/v2\/types\/page"}],"author":[{"embeddable":true,"href":"https:\/\/szkoladoktorska.uksw.edu.pl\/pl\/wp-json\/wp\/v2\/users\/1"}],"replies":[{"embeddable":true,"href":"https:\/\/szkoladoktorska.uksw.edu.pl\/pl\/wp-json\/wp\/v2\/comments?post=3767"}],"version-history":[{"count":41,"href":"https:\/\/szkoladoktorska.uksw.edu.pl\/pl\/wp-json\/wp\/v2\/pages\/3767\/revisions"}],"predecessor-version":[{"id":5712,"href":"https:\/\/szkoladoktorska.uksw.edu.pl\/pl\/wp-json\/wp\/v2\/pages\/3767\/revisions\/5712"}],"up":[{"embeddable":true,"href":"https:\/\/szkoladoktorska.uksw.edu.pl\/pl\/wp-json\/wp\/v2\/pages\/3668"}],"wp:attachment":[{"href":"https:\/\/szkoladoktorska.uksw.edu.pl\/pl\/wp-json\/wp\/v2\/media?parent=3767"}],"curies":[{"name":"wp","href":"https:\/\/api.w.org\/{rel}","templated":true}]}}