{"id":3768,"date":"2022-11-17T09:04:57","date_gmt":"2022-11-17T08:04:57","guid":{"rendered":"https:\/\/jednostki.uksw.edu.pl\/szkoladoktorska\/kandydat-2\/rekrutacja-pytania-i-odpowiedzi\/"},"modified":"2026-04-06T15:27:28","modified_gmt":"2026-04-06T13:27:28","slug":"rekrutacja-pytania-i-odpowiedzi","status":"publish","type":"page","link":"https:\/\/szkoladoktorska.uksw.edu.pl\/kandydat\/rekrutacja-pytania-i-odpowiedzi\/","title":{"rendered":"Rekrutacja \u2013 pytania i odpowiedzi"},"content":{"rendered":"\n<h2 class=\"wp-block-heading\">1. W jakich dyscyplinach Szko\u0142a Doktorska UKSW prowadzi kszta\u0142cenie?<\/h2>\n\n\n\n<p>Szko\u0142a Doktorska UKSW prowadzi kszta\u0142cenie w nast\u0119puj\u0105cych dyscyplinach:<\/p>\n\n\n\n<p><\/p>\n\n\n\n<ul class=\"wp-block-list\">\n<li>archeologia<\/li>\n\n\n\n<li>ekonomia i finanse<\/li>\n\n\n\n<li>filozofia<\/li>\n\n\n\n<li>historia<\/li>\n\n\n\n<li>informatyka techniczna i telekomunikacja<\/li>\n\n\n\n<li>j\u0119zykoznawstwo<\/li>\n\n\n\n<li>matematyka<\/li>\n\n\n\n<li>literaturoznawstwo<\/li>\n\n\n\n<li>nauki biologiczne<\/li>\n\n\n\n<li>nauki chemiczne<\/li>\n\n\n\n<li>nauki fizyczne<\/li>\n\n\n\n<li>nauki o komunikacji spo\u0142ecznej i mediach<\/li>\n\n\n\n<li>nauki o polityce i administracji<\/li>\n\n\n\n<li>nauki o kulturze i religii<\/li>\n\n\n\n<li>nauki o rodzinie<\/li>\n\n\n\n<li>nauki o sztuce (historia sztuki)<\/li>\n\n\n\n<li>nauki prawne<\/li>\n\n\n\n<li>nauki socjologiczne<\/li>\n\n\n\n<li>nauki teologiczne<\/li>\n\n\n\n<li>pedagogika<\/li>\n\n\n\n<li>prawo kanoniczne<\/li>\n\n\n\n<li>psychologia<\/li>\n<\/ul>\n\n\n\n<p>Do rekrutacji mog\u0105&nbsp;przyst\u0105pi\u0107&nbsp;kandydaci zamierzaj\u0105cy prowadzi\u0107&nbsp;badania i odbywa\u0107&nbsp;kszta\u0142cenie w dyscyplinach, w kt\u00f3rych UKSW posiada uprawnienia do nadawania&nbsp;stopnia doktora. Lista dyscyplin bior\u0105cych udzia\u0142 w rekrutacji zostanie  okre\u015blona w drodze decyzji Rektora <\/p>\n\n\n\n<h2 class=\"wp-block-heading\">2. Jaki jest aktualny harmonogram rekrutacji?<\/h2>\n\n\n\n<p>Aktualny harmonogram znajduje si\u0119 w zak\u0142adce&nbsp;<a href=\"https:\/\/szkoladoktorska.uksw.edu.pl\/kandydat-2\/harmonogram-rekrutacji\/\" data-type=\"page\" data-id=\"3770\" target=\"_blank\" rel=\"noreferrer noopener\"><strong>Harmonogram rekrutacji.<\/strong><\/a><\/p>\n\n\n\n<h2 class=\"wp-block-heading\">3. Czy s\u0105 limity przyj\u0119\u0107 w Szkole Doktorskiej UKSW?<\/h2>\n\n\n\n<p>Limit os\u00f3b \u2013 z podzia\u0142em na dyscypliny \u2013 okre\u015blony jest w obowi\u0105zuj\u0105cym&nbsp;<a href=\"https:\/\/monitor.uksw.edu.pl\/docs\/8698\" data-type=\"URL\" data-id=\"https:\/\/monitor.uksw.edu.pl\/docs\/6877\" target=\"_blank\" rel=\"noreferrer noopener\">Zarz\u0105dzeniu Rektora<\/a>.<\/p>\n\n\n\n<p><\/p>\n\n\n\n<p>Poza rekrutacj\u0105&nbsp;zgodn\u0105&nbsp;z harmonogramem i w ramach okre\u015blonego limitu miejsc,&nbsp;mo\u017cliwa jest&nbsp;<strong>rekrutacja kandydat\u00f3w w ramach projekt\u00f3w badawczych finansowanych&nbsp;<\/strong><strong>ze&nbsp;\u017ar\u00f3de\u0142&nbsp;zewn\u0119<\/strong><strong>trznych<\/strong>,&nbsp;w&nbsp;kt\u00f3rych&nbsp;przewidziano&nbsp;finansowanie&nbsp;stypendium&nbsp;doktoranckiego przez okres co najmniej 24 miesi\u0119cy.<\/p>\n\n\n\n<p><\/p>\n\n\n\n<h2 class=\"wp-block-heading\">4. Jaka jest op\u0142ata za udzia\u0142 w rekrutacji?<\/h2>\n\n\n\n<p>Op\u0142ata wynosi&nbsp;<strong>150&nbsp;PLN za ka<\/strong><strong>\u017cd\u0105&nbsp;dyscyplin\u0119<\/strong>, w kt\u00f3rej kandydat rejestruje si\u0119&nbsp;w IRK.&nbsp;Brak op\u0142aty skutkuje pozostawieniem kandydatury bez rozpatrzenia.<\/p>\n\n\n\n<h2 class=\"wp-block-heading\">5. Jak przebiega rekrutacja?<\/h2>\n\n\n\n<p>Kandydaci do Szko\u0142y Doktorskiej UKSW rejestruj\u0105&nbsp;si\u0119&nbsp;za po\u015brednictwem IRK, tj.&nbsp;<strong>Internetowej&nbsp;Rejestracji Kandydat\u00f3w (<a href=\"https:\/\/irk.uksw.edu.pl\/pl\/offer\/SZD_2025\/\">oferta.uksw.edu.pl<\/a>)<\/strong>. Formularz wype\u0142niaj\u0105 swoimi danymi osobowymi oraz wgrywaj\u0105 wymagane dokumenty.<\/p>\n\n\n\n<p>Wniosek o przyj\u0119cie do Szko\u0142y Doktorskiej UKSW zawiera:<\/p>\n\n\n\n<ul class=\"wp-block-list\">\n<li><strong>podanie&nbsp;o&nbsp;przyj\u0119cie&nbsp;do&nbsp;Szko\u0142y&nbsp;Doktorskiej&nbsp;UKSW<\/strong>&nbsp;wskazuj\u0105ce&nbsp;wybran\u0105&nbsp;dyscyplin\u0119, w kt\u00f3rej kandydat planuje podj\u0105\u0107&nbsp;kszta\u0142cenie, oraz dane osobowe Kandydata,<\/li>\n\n\n\n<li><strong>skan dokumentu uprawniaj\u0105cego do podj\u0119<\/strong><strong>cia kszta\u0142cenia<\/strong>&nbsp;w szkole doktorskiej,<\/li>\n\n\n\n<li><strong>wst\u0119pn\u0105&nbsp;koncepcj\u0119&nbsp;<\/strong><strong>tematyki badawczej<\/strong>, kt\u00f3r\u0105&nbsp;kandydat zamierza podj\u0105\u0107&nbsp;w trakcie&nbsp;kszta\u0142cenia w Szkole Doktorskiej UKSW,<\/li>\n\n\n\n<li><strong>wykaz dotychczasowej dzia\u0142alno\u015bci naukowej oraz osi\u0105gni\u0119\u0107&nbsp;<\/strong><strong>naukowych<\/strong>&nbsp;wraz&nbsp;z ich potwierdzeniem,<\/li>\n\n\n\n<li><strong>rekomendacj\u0119&nbsp;projektu&nbsp;badawczego<\/strong>,&nbsp;sporz\u0105dzon\u0105&nbsp;przez&nbsp;samodzielnego&nbsp;pracownika&nbsp;naukowego&nbsp;UKSW,&nbsp;pod&nbsp;kierunkiem&nbsp;kt\u00f3rego&nbsp;kandydat&nbsp;zamierza&nbsp;przygotowa\u0107&nbsp;rozpraw\u0119&nbsp;doktorsk\u0105&nbsp;wraz z&nbsp;<strong>o\u015bwiadczeniem opiekuna naukowego<\/strong> &nbsp;\u2013&nbsp;<a href=\"https:\/\/szkoladoktorska.uksw.edu.pl\/wp-content\/uploads\/sites\/29\/2026\/01\/zal-5-do-u-160-2025.docx\">Za\u0142\u0105cznik nr 5<\/a>,<\/li>\n\n\n\n<li>podpisane&nbsp;<strong>o\u015bwiadczenie<\/strong> &nbsp;<a href=\"https:\/\/szkoladoktorska.uksw.edu.pl\/wp-content\/uploads\/sites\/29\/2026\/01\/zal-2-do-u-160-2025.docx\">Za\u0142\u0105cznik nr 2,<\/a>\u2013&nbsp;dotycz\u0105ce odbywania studi\u00f3w doktoranckich, wszcz\u0119cia przewodu doktorskiego oraz&nbsp;ubiegania si\u0119&nbsp;o miejsca w szkole doktorskiej prowadzonej przez podmiot inny ni\u017c&nbsp;UKSW,<\/li>\n\n\n\n<li><strong>fotografi\u0119<\/strong>&nbsp;przedstawiaj\u0105c\u0105&nbsp;twarz kandydata, umo\u017cliwiaj\u0105c\u0105&nbsp;jego identyfikacj\u0119,<\/li>\n\n\n\n<li>w&nbsp;przypadku&nbsp;kandydata&nbsp;nieb\u0119d\u0105cego&nbsp;obywatelem&nbsp;polskim&nbsp;<strong>kolorowy&nbsp;skan&nbsp;<\/strong><strong>paszportu<\/strong>&nbsp;umo\u017cliwiaj\u0105cy identyfikacj\u0119&nbsp;kandydata,<\/li>\n\n\n\n<li>w przypadku os\u00f3b duchownych i zakonnych,&nbsp;<strong>zezwolenie w\u0142adz ko<\/strong><strong>\u015b<\/strong><strong>cielnych<\/strong>&nbsp;na&nbsp;podj\u0119cie kszta\u0142cenia w Szkole Doktorskiej UKSW.<\/li>\n<\/ul>\n\n\n\n<p>Komisja Kwalifikacyjna, po zapoznaniu si\u0119 z projektem badawczym oraz dorobkiem naukowym Kandydata, wyznacza termin rozmowy kwalifikacyjnej. Komisja informuje o terminie i formie rozmowy, kt\u00f3ra&nbsp;mo\u017ce by\u0107&nbsp;przeprowadzona w siedzibie uczelni&nbsp;lub za pomoc\u0105&nbsp;\u015brodk\u00f3w komunikacji elektronicznej pozwalaj\u0105cych na jednoczesn\u0105&nbsp;rejestracj\u0119&nbsp;obrazu i d\u017awi\u0119ku przy udziale cz\u0142onk\u00f3w Komisji i Kandydata.<\/p>\n\n\n\n<p>Po zako\u0144czeniu rozm\u00f3w kwalifikacyjnych,&nbsp;Komisja Kwalifikacyjna&nbsp;sporz\u0105dza protok\u00f3\u0142&nbsp;z posiedzenia, zawieraj\u0105cy opinie o kandydatach do Szko\u0142y Doktorskiej UKSW oraz&nbsp;proponowan\u0105&nbsp;list\u0119&nbsp;rankingow\u0105&nbsp;wraz z rekomendacj\u0105&nbsp;przyj\u0119cia kandydat\u00f3w (rekomendacja nie stanowi ostatecznej oceny Kandydat\u00f3w). Protok\u00f3\u0142&nbsp;jest przekazywany do Komisji Rekrutacyjnej, kt\u00f3ra podejmuje decyzj\u0119 o przyj\u0119ciu b\u0105d\u017a odmowie przyj\u0119cia Kandydata.<\/p>\n\n\n\n<h2 class=\"wp-block-heading\">6. Jaki jest system punktowy rekrutacji stosowany przy kwalifikowaniu kandydat\u00f3w do Szko\u0142y Doktorskiej UKSW?<\/h2>\n\n\n\n<p><strong>Projekt naukowy<\/strong>&nbsp;oceniany jest wed\u0142ug nast\u0119puj\u0105cych kryteri\u00f3w:<\/p>\n\n\n\n<ul class=\"wp-block-list\">\n<li>nowatorstwo projektu: 0 \u2013 10 pkt,<\/li>\n\n\n\n<li>osadzenie w aktualnej wiedzy: 0 \u2013 10 pkt,<\/li>\n\n\n\n<li>poprawno\u015b\u0107 sformu\u0142owanych problem\u00f3w\/hipotez: 0 \u2013 10 pkt,<\/li>\n\n\n\n<li>poprawno\u015b\u0107 proponowanych metod dla stawianych problem\u00f3w: 0 \u2013 10 pkt,<\/li>\n\n\n\n<li>szanse realizacji projektu badawczego: 0 \u2013 10 pkt.<\/li>\n<\/ul>\n\n\n\n<p><strong>Dorobek naukowy<\/strong>&nbsp;oceniany jest wed\u0142ug nast\u0119puj\u0105cych kryteri\u00f3w:<\/p>\n\n\n\n<ul class=\"wp-block-list\">\n<li>publikacje w czasopismach lub wydawnictwach istotnych dla danej dyscypliny 0 \u2013 20 pkt,<\/li>\n\n\n\n<li>wyst\u0105pienia na konferencjach istotnych dla dyscypliny, stypendia i nagrody zwi\u0105zane z dzia\u0142alno\u015bci\u0105 naukow\u0105: 0 \u2013 5 pkt,<\/li>\n\n\n\n<li>udokumentowany udzia\u0142 w projektach badawczych istotnych dla danej dyscypliny naukowej: 0 \u2013 5 pkt.<\/li>\n<\/ul>\n\n\n\n<p><strong>Rozmowa kwalifikacyjna<\/strong>&nbsp;oceniana jest wed\u0142ug nast\u0119puj\u0105cych kryteri\u00f3w:<\/p>\n\n\n\n<ul class=\"wp-block-list\">\n<li>ocena prezentacji projektu badawczego: 0 \u2013 10 pkt,<\/li>\n\n\n\n<li>ocena odpowiedzi na pytania i udzia\u0142u w dyskusji: 0 \u2013 10 pkt.<\/li>\n<\/ul>\n\n\n\n<h2 class=\"wp-block-heading\">7. Jak ma wygl\u0105da\u0107 wst\u0119pna koncepcja tematyki badawczej?<\/h2>\n\n\n\n<p><strong>Wst\u0119pna&nbsp;koncepcja&nbsp;<\/strong><strong>tematyki badawczej<\/strong>, powinna:<\/p>\n\n\n\n<ul class=\"wp-block-list\">\n<li>zawiera\u0107&nbsp;opis problemu badawczego stanowi\u0105cego cel pracy i uzasadnienie jego&nbsp;wyboru,<\/li>\n\n\n\n<li>okre\u015bla\u0107&nbsp;metod\u0119\/spos\u00f3b realizacji zamierzonego celu,<\/li>\n\n\n\n<li>wskazywa\u0107&nbsp;\u017ar\u00f3d\u0142a i \/lub materia\u0142 empiryczny.<\/li>\n<\/ul>\n\n\n\n<h2 class=\"wp-block-heading\">8. Jaka jest minimalna liczba punkt\u00f3w wymagana do przyj\u0119cia do Szko\u0142y Doktorskiej UKSW?<\/h2>\n\n\n\n<p>Minimalna liczba punkt\u00f3w&nbsp;wynosi&nbsp;<strong>70<\/strong>.<\/p>\n\n\n\n<h2 class=\"wp-block-heading\">9. Czy na pewno dope\u0142ni\u0142am\/dope\u0142ni\u0142em wszystkich formalno\u015bci?<\/h2>\n\n\n\n<p><a href=\"https:\/\/irk.uksw.edu.pl\/pl\/offer\/SZD_2025\/registration\/\" target=\"_blank\" rel=\"noreferrer noopener\"><strong>Rejestracja w IRK<\/strong><\/a>&nbsp;zosta\u0142a przygotowana tak, \u017ceby kandydat niczego nie pomin\u0105\u0142.<\/p>\n\n\n\n<h2 class=\"wp-block-heading\">10. Czy mog\u0119 rekrutowa\u0107 si\u0119 do Szko\u0142y Doktorskiej UKSW b\u0119d\u0105c doktorantem na studiach doktoranckich?<\/h2>\n\n\n\n<p><strong>Tak<\/strong>, nie ma przeciwwskaza\u0144 do kszta\u0142cenia w Szkole Doktorskiej UKSW i na studiach doktoranckich. W rekrutacji kandydaci zobowi\u0105zani s\u0105 do z\u0142o\u017cenia o\u015bwiadczenia o ewentualnych dotychczasowych studiach doktoranckich. Ten sam projekt badawczy nie mo\u017ce by\u0107 jednak podstaw\u0105 do przyj\u0119cia na dotychczasowe studia doktoranckie i do Szko\u0142y Doktorskiej UKSW.<\/p>\n\n\n\n<h2 class=\"wp-block-heading\">11. W jaki spos\u00f3b mog\u0119 znale\u017a\u0107 opiekuna naukowego, kt\u00f3ry przygotuje mi rekomendacj\u0119?<\/h2>\n\n\n\n<p>Przed przyst\u0105pieniem do rekrutacji nale\u017cy mie\u0107 wyra\u017anie sformu\u0142owane oczekiwania i pomys\u0142 na projekt badawczy, kt\u00f3ry nale\u017cy skonsultowa\u0107 z opiekunem naukowym \u2013 potencjalnym promotorem.<\/p>\n\n\n\n<p>Na stronie Szko\u0142y Doktorskiej UKSW w zak\u0142adce Kandydat znajduje si\u0119\u00a0<strong><a href=\"https:\/\/szkoladoktorska.uksw.edu.pl\/wp-content\/uploads\/sites\/29\/2026\/04\/LISTA-OPIEKUNOW_rekrutacja2026_2027.xlsx\" data-type=\"page\" data-id=\"3771\">Lista opiekun\u00f3w naukowych<\/a><\/strong>\u00a0\u2013 pracownik\u00f3w naukowych wskazanych przez Dyrektor\u00f3w Instytut\u00f3w, z kt\u00f3rymi nale\u017cy si\u0119 kontaktowa\u0107 w sprawie otrzymania niezb\u0119dnej w trakcie procesu rekrutacji rekomendacji projektu badawczego.<\/p>\n\n\n\n<h2 class=\"wp-block-heading\">12. Jak b\u0119dzie wygl\u0105da\u0107 rozmowa kwalifikacyjna?<\/h2>\n\n\n\n<p>Kandydat staje przed Komisj\u0105 z\u0142o\u017con\u0105 z przedstawicieli danej dyscypliny. Kandydat poproszony zostanie o zaprezentowanie swojego projektu badawczego. Ka\u017cdy z cz\u0142onk\u00f3w Komisji mo\u017ce zada\u0107 pytanie. Je\u017celi Komisja uzna, \u017ce znajomo\u015b\u0107 j\u0119zyka angielskiego lub dowolnego innego j\u0119zyka jest istotn\u0105 kompetencj\u0105 dla realizacji projektu, rozmowa mo\u017ce toczy\u0107 si\u0119 w tym j\u0119zyku. O szczeg\u00f3\u0142ach rozmowy kwalifikacyjnej kandydat\u00f3w informuj\u0105 Komisje Kwalifikacyjne.<\/p>\n\n\n\n<h2 class=\"wp-block-heading\">13. Jaki jest program kszta\u0142cenia w Szkole Doktorskiej i czy zaj\u0119cia nie b\u0119d\u0105 kolidowa\u0142y z moj\u0105 prac\u0105?<\/h2>\n\n\n\n<p><strong>Og\u00f3lny program kszta\u0142cenia<\/strong>&nbsp;opisany jest w odpowiedniej uchwale Senatu&nbsp;<a href=\"https:\/\/monitor.uksw.edu.pl\/docs\/8100\" target=\"_blank\" rel=\"noreferrer noopener\">https:\/\/monitor.uksw.edu.pl\/docs\/8100<\/a>.<\/p>\n\n\n\n<p><strong>Nie ma formalnych przeciwwskaza\u0144 do r\u00f3wnoleg\u0142ej pracy i kszta\u0142cenia<\/strong>&nbsp;(z wyj\u0105tkiem ustawowego zakazu zatrudnienia w charakterze nauczyciela akademickiego).<\/p>\n\n\n\n<p>Ka\u017cdy doktorant otrzymuje stypendium, wi\u0119c praca zarobkowa nie b\u0119dzie traktowana jako wyja\u015bnienie dla brak\u00f3w lub op\u00f3\u017anie\u0144 w toku kszta\u0142cenia. Nale\u017cy pami\u0119ta\u0107, \u017ce obok programu kszta\u0142cenia, istotn\u0105 rol\u0119 pe\u0142ni indywidualny plan badawczy, kt\u00f3ry uwzgl\u0119dnia tak\u017ce inne aktywno\u015bci doktoranta, np. realizacj\u0119 grant\u00f3w naukowych, odbycie mi\u0119dzynarodowych sta\u017cy badawczych, publikacje naukowe i udzia\u0142 w konferencjach.<\/p>\n\n\n\n<h2 class=\"wp-block-heading\">14. Czy kszta\u0142cenie w Szkole Doktorskiej jest p\u0142atne?<\/h2>\n\n\n\n<p><strong>Nie<\/strong>, kszta\u0142cenie jest bezp\u0142atne dla wszystkich doktorant\u00f3w Szko\u0142y Doktorskiej, bez wzgl\u0119du na to, czy posiadaj\u0105 stopie\u0144 doktora.<br>Tak\u017ce obcokrajowcy mog\u0105 odbywa\u0107 kszta\u0142cenie bezp\u0142atnie.<\/p>\n\n\n\n<h2 class=\"wp-block-heading\">15. Czy jest mo\u017cliwo\u015b\u0107 kszta\u0142cenia w trybie eksternistycznym?<\/h2>\n\n\n\n<p><strong>Tak<\/strong>, jest to&nbsp;<strong>odp\u0142atna forma<\/strong>&nbsp;uzyskiwania stopnia doktora. W sprawach trybu eksternistycznego nale\u017cy kontaktowa\u0107 si\u0119 z danym instytutem, kt\u00f3ry zarz\u0105dza uprawnieniami Uniwersytetu w tym zakresie.&nbsp;<strong>Szko\u0142a Doktorska UKSW odpowiada tylko za stacjonarne kszta\u0142cenie doktorant\u00f3w.<\/strong>&nbsp;Tryb nadawania stopnia okre\u015blony zosta\u0142 w <a href=\"https:\/\/monitor.uksw.edu.pl\/docs\/download\/f021318f7842642805fb6bb02895efea\">Uchwale Senatu Uchwa\u0142a Nr 3\/2025 Senatu Uniwersytetu Kardyna\u0142a Stefana Wyszy\u0144skiego w Warszawie z dnia 30 stycznia 2025 r.<\/a><\/p>\n\n\n\n<h2 class=\"wp-block-heading\">16. Czy obcokrajowcy mog\u0105 bra\u0107 udzia\u0142 w rekrutacji?<\/h2>\n\n\n\n<p><strong>Tak<\/strong>, zasady rekrutacji s\u0105 jednakowe dla wszystkich kandydat\u00f3w. Kszta\u0142cenie odbywa si\u0119 jednak wy\u0142\u0105cznie w j\u0119zyku polskim.<\/p>\n\n\n\n<h2 class=\"wp-block-heading\">17. Chc\u0119 podj\u0105\u0107 kszta\u0142cenie w dyscyplinie nauki teologiczne lub prawo kanoniczne, ale nie mam stopnia licencjata kanonicznego, co musz\u0119 zrobi\u0107?<\/h2>\n\n\n\n<p>W przypadku dyscyplin ko\u015bcielnych \u2013 nauk teologicznych i prawa kanonicznego, do&nbsp;post\u0119powania rekrutacyjnego mo\u017ce zosta\u0107&nbsp;dopuszczona&nbsp;<strong>osoba posiadaj\u0105ca stopie\u0144&nbsp;licencjata&nbsp;ko\u015bcielnego&nbsp;w&nbsp;danej&nbsp;dyscyplinie<\/strong>,&nbsp;w&nbsp;rozumieniu&nbsp;przepis\u00f3w&nbsp;prawa&nbsp;kanonicznego lub&nbsp;<strong>osoba, kt\u00f3ra z\u0142o\u017cy o\u015bwiadczenie&nbsp;<\/strong>stanowi\u0105ce zobowi\u0105zanie do uzyskania stopnia licencjata&nbsp;ko\u015bcielnego w danej dyscyplinie do ko\u0144ca drugiego roku kszta\u0142cenia. Wz\u00f3r o\u015bwiadczenia stanowi&nbsp;<a href=\"https:\/\/szkoladoktorska.uksw.edu.pl\/wp-content\/uploads\/sites\/29\/2026\/01\/zal-4-do-u-160-2025.docx\" data-type=\"URL\" data-id=\"https:\/\/szkoladoktorska.uksw.edu.pl\/wp-content\/uploads\/sites\/29\/2022\/11\/Zalacznik-nr-4.docx\" target=\"_blank\" rel=\"noreferrer noopener\"><strong>Za\u0142\u0105cznik nr 4<\/strong><\/a><\/p>\n\n\n\n<p><strong>Nieuzyskanie stopnia licencjata ko\u015bcielnego do przeprowadzania oceny \u015br\u00f3dokresowej skutkuje skre\u015bleniem z listy doktorant\u00f3w.<\/strong><\/p>\n\n\n\n<p>Po przyj\u0119ciu do Szko\u0142y Doktorskiej UKSW doktoranci realizuj\u0105cy kszta\u0142cenie w dyscyplinach nauki teologiczne i prawo kanoniczne, s\u0105 zobowi\u0105zani do przed\u0142o\u017cenia&nbsp;<strong>za\u015bwiadczenia o odbywaniu kszta\u0142cenia<\/strong>&nbsp;zmierzaj\u0105cego do uzyskania stopnia licencjata ko\u015bcielnego. Kszta\u0142cenie w Szkole Doktorskiej UKSW nie przygotowuje do uzyskania tego stopnia, jednak&nbsp;<strong>Wydzia\u0142 Teologiczny prowadzi&nbsp;<a href=\"https:\/\/rekrutacja.uksw.edu.pl\/specjalistyczne_studia_teologiczne\">studia specjalistyczne<\/a><\/strong>, na kt\u00f3re doktorant jest zobowi\u0105zany si\u0119 zapisa\u0107.<\/p>\n\n\n\n<p><\/p>\n\n\n\n<p>Zaj\u0119cia ze studi\u00f3w specjalistycznych nie b\u0119d\u0105 uznawane za zaj\u0119cia wynikaj\u0105ce z programu kszta\u0142cenia w Szkole Doktorskiej UKSW. Jest to inny poziom kszta\u0142cenia i nie odpowiada wymaganiom stawianym uczelni w zakresie kszta\u0142cenia doktorant\u00f3w.<\/p>\n\n\n\n<h2 class=\"wp-block-heading\">18. Gdzie znajd\u0119 wzory dokument\u00f3w niezb\u0119dnych podczas rekrutacji do Szko\u0142y Doktorskiej UKSW?<\/h2>\n\n\n\n<p>Poni\u017cej zamieszczamy wzory dokument\u00f3w w formatach docx i pdf, kt\u00f3re stanowi\u0105 za\u0142\u0105czniki do&nbsp;U<a href=\"https:\/\/monitor.uksw.edu.pl\/docs\/8574\">chwa\u0142y Nr 160\/2025 Senatu Uniwersytetu Kardyna\u0142a Stefana Wyszy\u0144skiego w Warszawie z dnia 18 grudnia 2025 r. w sprawie warunk\u00f3w i trybu rekrutacji do Szko\u0142y Doktorskiej Uniwersytetu Kardyna\u0142a Stefana Wyszy\u0144skiego w Warszawie na rok akademicki 2026\/2027<\/a><\/p>\n\n\n\n<div class=\"wp-block-group\"><div class=\"wp-block-group__inner-container\">\n<h3 class=\"wp-block-heading\">O\u015bwiadczenie Kandydata<\/h3>\n\n\n\r\n<div class=\"\">\r\n\r\n\r\n<div class=\"row\">\r\n\r\n  \r\n<div class=\"col-xl-12 col-lg-12 col-md-12 col-sm-12 \">\r\n\t\t<div class=\"download_detils\">\r\n\t\t\t<a href=\"https:\/\/szkoladoktorska.uksw.edu.pl\/wp-content\/uploads\/sites\/29\/2026\/01\/zal-2-do-u-160-2025.docx\"  target=\"_blank\" >\r\n\t\t\t<img decoding=\"async\" src=\"https:\/\/szkoladoktorska.uksw.edu.pl\/wp-content\/themes\/uksw\/images\/import.svg\" alt=\"\"> Za\u0142\u0105cznik nr 2 [DOCX,  0.01 MB]<\/a>\r\n\t\t<\/div>\r\n<\/div>\r\n\r\n\r\n\t\t\r\n<div class=\"col-xl-12 col-lg-12 col-md-12 col-sm-12 \">\r\n\t\t<div class=\"download_detils\">\r\n\t\t\t<a href=\"https:\/\/szkoladoktorska.uksw.edu.pl\/wp-content\/uploads\/sites\/29\/2026\/01\/zal-2-do-u-160-2025.pdf\"  title=\"Za\u0142\u0105cznik  nr 2\" download >\r\n\t\t\t<img decoding=\"async\" src=\"https:\/\/szkoladoktorska.uksw.edu.pl\/wp-content\/themes\/uksw\/images\/import.svg\" alt=\"\"> Za\u0142\u0105cznik  nr 2 [PDF,  0.04 MB]<\/a>\r\n\t\t<\/div>\r\n<\/div>\r\n\r\n\r\n\t\t\r\n\t\t \r\n\r\n<\/div>\r\n<\/div>\r\n<div class=\"space20\"><\/div>\r\n\r\n\n\n\n<h3 class=\"wp-block-heading\">O\u015bwiadczenie Kandydata rekomendowanego&nbsp;do przyj\u0119cia do Szko\u0142y Doktorskiej UKSW&nbsp; sk\u0142adane w Biurze Szko\u0142y Doktorskiej UKSW wraz z orygina\u0142em&nbsp;dyplomu magisterskiego.<\/h3>\n\n\n\r\n<div class=\"\">\r\n\r\n\r\n<div class=\"row\">\r\n\r\n  \r\n<div class=\"col-xl-12 col-lg-12 col-md-12 col-sm-12 \">\r\n\t\t<div class=\"download_detils\">\r\n\t\t\t<a href=\"https:\/\/szkoladoktorska.uksw.edu.pl\/wp-content\/uploads\/sites\/29\/2026\/01\/zal-3-do-u-160-2025.docx\"  title=\"Za\u0142\u0105cznik nr 3\" download >\r\n\t\t\t<img decoding=\"async\" src=\"https:\/\/szkoladoktorska.uksw.edu.pl\/wp-content\/themes\/uksw\/images\/import.svg\" alt=\"\"> Za\u0142\u0105cznik nr 3 [DOCX,  0.02 MB]<\/a>\r\n\t\t<\/div>\r\n<\/div>\r\n\r\n\r\n\t\t\r\n<div class=\"col-xl-12 col-lg-12 col-md-12 col-sm-12 \">\r\n\t\t<div class=\"download_detils\">\r\n\t\t\t<a href=\"https:\/\/szkoladoktorska.uksw.edu.pl\/wp-content\/uploads\/sites\/29\/2026\/01\/zal-3-do-u-160-2025.pdf\"  target=\"_blank\" >\r\n\t\t\t<img decoding=\"async\" src=\"https:\/\/szkoladoktorska.uksw.edu.pl\/wp-content\/themes\/uksw\/images\/import.svg\" alt=\"\"> Za\u0142\u0105cznik nr 3 [PDF,  0.03 MB]<\/a>\r\n\t\t<\/div>\r\n<\/div>\r\n\r\n\r\n\t\t\r\n\t\t \r\n\r\n<\/div>\r\n<\/div>\r\n<div class=\"space20\"><\/div>\r\n\r\n\n\n\n<h3 class=\"wp-block-heading\">O\u015bwiadczenie&nbsp;Kandydata w dyscyplinach ko\u015bcielnych: prawo kanoniczne lub\/i nauki teologiczne, kt\u00f3ry nie&nbsp;posiada&nbsp;stopnia licencjata ko\u015bcielnego w rozumieniu przepis\u00f3w ko\u015bcielnych.<\/h3>\n\n\n\r\n<div class=\"\">\r\n\r\n\r\n<div class=\"row\">\r\n\r\n  \r\n<div class=\"col-xl-12 col-lg-12 col-md-12 col-sm-12 \">\r\n\t\t<div class=\"download_detils\">\r\n\t\t\t<a href=\"https:\/\/szkoladoktorska.uksw.edu.pl\/wp-content\/uploads\/sites\/29\/2026\/01\/zal-4-do-u-160-2025.docx\"  target=\"_blank\" >\r\n\t\t\t<img decoding=\"async\" src=\"https:\/\/szkoladoktorska.uksw.edu.pl\/wp-content\/themes\/uksw\/images\/import.svg\" alt=\"\"> Za\u0142\u0105cznik nr 4 [DOCX,  0.02 MB]<\/a>\r\n\t\t<\/div>\r\n<\/div>\r\n\r\n\r\n\t\t\r\n<div class=\"col-xl-12 col-lg-12 col-md-12 col-sm-12 \">\r\n\t\t<div class=\"download_detils\">\r\n\t\t\t<a href=\"https:\/\/szkoladoktorska.uksw.edu.pl\/wp-content\/uploads\/sites\/29\/2026\/01\/zal-4-do-u-160-2025.pdf\"  target=\"_blank\" >\r\n\t\t\t<img decoding=\"async\" src=\"https:\/\/szkoladoktorska.uksw.edu.pl\/wp-content\/themes\/uksw\/images\/import.svg\" alt=\"\"> Za\u0142\u0105cznik nr 4 [PDF,  0.04 MB]<\/a>\r\n\t\t<\/div>\r\n<\/div>\r\n\r\n\r\n\t\t\r\n\t\t \r\n\r\n<\/div>\r\n<\/div>\r\n<div class=\"space20\"><\/div>\r\n\r\n\n\n\n<h3 class=\"wp-block-heading\">Rekomendacja projektu badawczego oraz o\u015bwiadczenie opiekuna naukowego.<\/h3>\n\n\n\r\n<div class=\"\">\r\n\r\n\r\n<div class=\"row\">\r\n\r\n  \r\n<div class=\"col-xl-12 col-lg-12 col-md-12 col-sm-12 \">\r\n\t\t<div class=\"download_detils\">\r\n\t\t\t<a href=\"https:\/\/szkoladoktorska.uksw.edu.pl\/wp-content\/uploads\/sites\/29\/2026\/01\/zal-5-do-u-160-2025.docx\"  target=\"_blank\" >\r\n\t\t\t<img decoding=\"async\" src=\"https:\/\/szkoladoktorska.uksw.edu.pl\/wp-content\/themes\/uksw\/images\/import.svg\" alt=\"\"> Za\u0142\u0105cznik nr 5 [DOCX,  0.02 MB]<\/a>\r\n\t\t<\/div>\r\n<\/div>\r\n\r\n\r\n\t\t\r\n<div class=\"col-xl-12 col-lg-12 col-md-12 col-sm-12 \">\r\n\t\t<div class=\"download_detils\">\r\n\t\t\t<a href=\"https:\/\/szkoladoktorska.uksw.edu.pl\/wp-content\/uploads\/sites\/29\/2026\/01\/zal-5-do-u-160-2025.pdf\"  target=\"_blank\" >\r\n\t\t\t<img decoding=\"async\" src=\"https:\/\/szkoladoktorska.uksw.edu.pl\/wp-content\/themes\/uksw\/images\/import.svg\" alt=\"\"> Za\u0142\u0105cznik nr 5 [PDF,  0.05 MB]<\/a>\r\n\t\t<\/div>\r\n<\/div>\r\n\r\n\r\n\t\t\r\n\t\t \r\n\r\n<\/div>\r\n<\/div>\r\n<div class=\"space20\"><\/div>\r\n\r\n<\/div><\/div>\n\n\n\n<p><\/p>\n","protected":false},"excerpt":{"rendered":"<p>1. W jakich dyscyplinach Szko\u0142a Doktorska UKSW prowadzi kszta\u0142cenie? Szko\u0142a Doktorska UKSW prowadzi kszta\u0142cenie w nast\u0119puj\u0105cych dyscyplinach: Do rekrutacji mog\u0105&nbsp;przyst\u0105pi\u0107&nbsp;kandydaci zamierzaj\u0105cy prowadzi\u0107&nbsp;badania i odbywa\u0107&nbsp;kszta\u0142cenie w dyscyplinach, w kt\u00f3rych UKSW posiada uprawnienia do nadawania&nbsp;stopnia doktora. Lista dyscyplin bior\u0105cych udzia\u0142 w rekrutacji zostanie okre\u015blona w drodze decyzji Rektora 2. Jaki jest aktualny harmonogram rekrutacji? Aktualny harmonogram znajduje [&hellip;]<\/p>\n","protected":false},"author":1,"featured_media":0,"parent":3714,"menu_order":5,"comment_status":"closed","ping_status":"closed","template":"page-templates\/template-sub-page.php","meta":{"_acf_changed":false,"inline_featured_image":false,"footnotes":"","_links_to":"","_links_to_target":""},"class_list":["post-3768","page","type-page","status-publish","hentry"],"acf":[],"_links":{"self":[{"href":"https:\/\/szkoladoktorska.uksw.edu.pl\/pl\/wp-json\/wp\/v2\/pages\/3768","targetHints":{"allow":["GET"]}}],"collection":[{"href":"https:\/\/szkoladoktorska.uksw.edu.pl\/pl\/wp-json\/wp\/v2\/pages"}],"about":[{"href":"https:\/\/szkoladoktorska.uksw.edu.pl\/pl\/wp-json\/wp\/v2\/types\/page"}],"author":[{"embeddable":true,"href":"https:\/\/szkoladoktorska.uksw.edu.pl\/pl\/wp-json\/wp\/v2\/users\/1"}],"replies":[{"embeddable":true,"href":"https:\/\/szkoladoktorska.uksw.edu.pl\/pl\/wp-json\/wp\/v2\/comments?post=3768"}],"version-history":[{"count":89,"href":"https:\/\/szkoladoktorska.uksw.edu.pl\/pl\/wp-json\/wp\/v2\/pages\/3768\/revisions"}],"predecessor-version":[{"id":5720,"href":"https:\/\/szkoladoktorska.uksw.edu.pl\/pl\/wp-json\/wp\/v2\/pages\/3768\/revisions\/5720"}],"up":[{"embeddable":true,"href":"https:\/\/szkoladoktorska.uksw.edu.pl\/pl\/wp-json\/wp\/v2\/pages\/3714"}],"wp:attachment":[{"href":"https:\/\/szkoladoktorska.uksw.edu.pl\/pl\/wp-json\/wp\/v2\/media?parent=3768"}],"curies":[{"name":"wp","href":"https:\/\/api.w.org\/{rel}","templated":true}]}}