{"id":3769,"date":"2022-11-17T09:04:58","date_gmt":"2022-11-17T08:04:58","guid":{"rendered":"https:\/\/jednostki.uksw.edu.pl\/szkoladoktorska\/kandydat-2\/warunki-i-tryb-rekrutacji\/"},"modified":"2026-03-13T17:30:13","modified_gmt":"2026-03-13T16:30:13","slug":"warunki-i-tryb-rekrutacji","status":"publish","type":"page","link":"https:\/\/szkoladoktorska.uksw.edu.pl\/kandydat\/warunki-i-tryb-rekrutacji\/","title":{"rendered":"Warunki i tryb rekrutacji"},"content":{"rendered":"\n<p>Szczeg\u00f3\u0142owe kryteria i tryb rekrutacji do Szko\u0142y Doktorskiej UKSW na rok akademicki 2026\/2027 zosta\u0142y okre\u015blone w\u00a0<a href=\"https:\/\/monitor.uksw.edu.pl\/docs\/8574\">Uchwa\u0142a Nr 160\/2025 Senatu Uniwersytetu Kardyna\u0142a Stefana Wyszy\u0144skiego w Warszawie z dnia 18 grudnia 2025 r. w sprawie warunk\u00f3w i trybu rekrutacji do Szko\u0142y Doktorskiej Uniwersytetu Kardyna\u0142a Stefana Wyszy\u0144skiego w Warszawie na rok akademicki 2026\/2027<\/a><\/p>\n\n\n\n<p>Harmonogram rekrutacji do Szko\u0142y Doktorskiej UKSW na rok akademicki 2026\/2027<\/p>\n\n\n\n<p>&nbsp;<a href=\"https:\/\/monitor.uksw.edu.pl\/docs\/download\/cf78f40d45718660a8051de99b7c667c\">zal_1_do_u_160_2025.pdf<\/a><\/p>\n\n\n\n<p><\/p>\n\n\n\n<p><\/p>\n","protected":false},"excerpt":{"rendered":"<p>Szczeg\u00f3\u0142owe kryteria i tryb rekrutacji do Szko\u0142y Doktorskiej UKSW na rok akademicki 2026\/2027 zosta\u0142y okre\u015blone w\u00a0Uchwa\u0142a Nr 160\/2025 Senatu Uniwersytetu Kardyna\u0142a Stefana Wyszy\u0144skiego w Warszawie z dnia 18 grudnia 2025 r. w sprawie warunk\u00f3w i trybu rekrutacji do Szko\u0142y Doktorskiej Uniwersytetu Kardyna\u0142a Stefana Wyszy\u0144skiego w Warszawie na rok akademicki 2026\/2027 Harmonogram rekrutacji do Szko\u0142y Doktorskiej [&hellip;]<\/p>\n","protected":false},"author":1,"featured_media":0,"parent":3714,"menu_order":6,"comment_status":"closed","ping_status":"closed","template":"page-templates\/template-sub-page.php","meta":{"_acf_changed":false,"inline_featured_image":false,"footnotes":"","_links_to":"","_links_to_target":""},"class_list":["post-3769","page","type-page","status-publish","hentry"],"acf":[],"_links":{"self":[{"href":"https:\/\/szkoladoktorska.uksw.edu.pl\/pl\/wp-json\/wp\/v2\/pages\/3769","targetHints":{"allow":["GET"]}}],"collection":[{"href":"https:\/\/szkoladoktorska.uksw.edu.pl\/pl\/wp-json\/wp\/v2\/pages"}],"about":[{"href":"https:\/\/szkoladoktorska.uksw.edu.pl\/pl\/wp-json\/wp\/v2\/types\/page"}],"author":[{"embeddable":true,"href":"https:\/\/szkoladoktorska.uksw.edu.pl\/pl\/wp-json\/wp\/v2\/users\/1"}],"replies":[{"embeddable":true,"href":"https:\/\/szkoladoktorska.uksw.edu.pl\/pl\/wp-json\/wp\/v2\/comments?post=3769"}],"version-history":[{"count":19,"href":"https:\/\/szkoladoktorska.uksw.edu.pl\/pl\/wp-json\/wp\/v2\/pages\/3769\/revisions"}],"predecessor-version":[{"id":5681,"href":"https:\/\/szkoladoktorska.uksw.edu.pl\/pl\/wp-json\/wp\/v2\/pages\/3769\/revisions\/5681"}],"up":[{"embeddable":true,"href":"https:\/\/szkoladoktorska.uksw.edu.pl\/pl\/wp-json\/wp\/v2\/pages\/3714"}],"wp:attachment":[{"href":"https:\/\/szkoladoktorska.uksw.edu.pl\/pl\/wp-json\/wp\/v2\/media?parent=3769"}],"curies":[{"name":"wp","href":"https:\/\/api.w.org\/{rel}","templated":true}]}}