{"id":3771,"date":"2022-11-17T09:04:59","date_gmt":"2022-11-17T08:04:59","guid":{"rendered":"https:\/\/jednostki.uksw.edu.pl\/szkoladoktorska\/kandydat-2\/lista-opiekunow-naukowych\/"},"modified":"2026-04-07T13:41:28","modified_gmt":"2026-04-07T11:41:28","slug":"lista-opiekunow-naukowych","status":"publish","type":"page","link":"https:\/\/szkoladoktorska.uksw.edu.pl\/kandydat\/lista-opiekunow-naukowych\/","title":{"rendered":"Lista opiekun\u00f3w naukowych"},"content":{"rendered":"\n<h2 class=\"wp-block-heading\">Wykaz opiekun\u00f3w naukowych, z kt\u00f3rymi nale\u017cy si\u0119 kontaktowa\u0107 w sprawie rekomendacji projektu badawczego niezb\u0119dnej w procesie rekrutacji do Szko\u0142y Doktorskiej UKSW na rok akademicki 2026\/2027.<\/h2>\n\n\n\r\n<div class=\"\">\r\n\r\n\r\n<div class=\"row\">\r\n\r\n  \r\n<div class=\"col-xl-4 col-lg-12 col-md-12 col-sm-12 \">\r\n\t\t<div class=\"download_detils\">\r\n\t\t\t<a href=\"https:\/\/szkoladoktorska.uksw.edu.pl\/wp-content\/uploads\/sites\/29\/2026\/04\/LISTA-OPIEKUNOW_rekrutacja2026_2027.xlsx\"  target=\"_blank\" >\r\n\t\t\t<img decoding=\"async\" src=\"https:\/\/szkoladoktorska.uksw.edu.pl\/wp-content\/themes\/uksw\/images\/import.svg\" alt=\"\"> Wykaz opiekun\u00f3w naukowych 2026\/2027 [XLSX,  0.04 MB]<\/a>\r\n\t\t<\/div>\r\n<\/div>\r\n\r\n\r\n\t\t\r\n\t\t \r\n\r\n<\/div>\r\n<\/div>\r\n<div class=\"space20\"><\/div>\r\n\r\n","protected":false},"excerpt":{"rendered":"<p>Wykaz opiekun\u00f3w naukowych, z kt\u00f3rymi nale\u017cy si\u0119 kontaktowa\u0107 w sprawie rekomendacji projektu badawczego niezb\u0119dnej w procesie rekrutacji do Szko\u0142y Doktorskiej UKSW na rok akademicki 2026\/2027.<\/p>\n","protected":false},"author":1,"featured_media":0,"parent":3714,"menu_order":8,"comment_status":"closed","ping_status":"closed","template":"page-templates\/template-sub-page.php","meta":{"_acf_changed":false,"inline_featured_image":false,"footnotes":"","_links_to":"","_links_to_target":""},"class_list":["post-3771","page","type-page","status-publish","hentry"],"acf":[],"_links":{"self":[{"href":"https:\/\/szkoladoktorska.uksw.edu.pl\/pl\/wp-json\/wp\/v2\/pages\/3771","targetHints":{"allow":["GET"]}}],"collection":[{"href":"https:\/\/szkoladoktorska.uksw.edu.pl\/pl\/wp-json\/wp\/v2\/pages"}],"about":[{"href":"https:\/\/szkoladoktorska.uksw.edu.pl\/pl\/wp-json\/wp\/v2\/types\/page"}],"author":[{"embeddable":true,"href":"https:\/\/szkoladoktorska.uksw.edu.pl\/pl\/wp-json\/wp\/v2\/users\/1"}],"replies":[{"embeddable":true,"href":"https:\/\/szkoladoktorska.uksw.edu.pl\/pl\/wp-json\/wp\/v2\/comments?post=3771"}],"version-history":[{"count":46,"href":"https:\/\/szkoladoktorska.uksw.edu.pl\/pl\/wp-json\/wp\/v2\/pages\/3771\/revisions"}],"predecessor-version":[{"id":5722,"href":"https:\/\/szkoladoktorska.uksw.edu.pl\/pl\/wp-json\/wp\/v2\/pages\/3771\/revisions\/5722"}],"up":[{"embeddable":true,"href":"https:\/\/szkoladoktorska.uksw.edu.pl\/pl\/wp-json\/wp\/v2\/pages\/3714"}],"wp:attachment":[{"href":"https:\/\/szkoladoktorska.uksw.edu.pl\/pl\/wp-json\/wp\/v2\/media?parent=3771"}],"curies":[{"name":"wp","href":"https:\/\/api.w.org\/{rel}","templated":true}]}}