{"id":3772,"date":"2022-11-17T09:04:59","date_gmt":"2022-11-17T08:04:59","guid":{"rendered":"https:\/\/jednostki.uksw.edu.pl\/szkoladoktorska\/kandydat-2\/cudzoziemcy\/"},"modified":"2024-02-14T14:38:31","modified_gmt":"2024-02-14T13:38:31","slug":"cudzoziemcy","status":"publish","type":"page","link":"https:\/\/szkoladoktorska.uksw.edu.pl\/kandydat\/cudzoziemcy\/","title":{"rendered":"Cudzoziemcy"},"content":{"rendered":"\n<h2 class=\"wp-block-heading\">Cudzoziemcy mog\u0105 podejmowa\u0107 kszta\u0142cenie w Szkole Doktorskiej UKSW na podstawie:<\/h2>\n\n\n\n<ul class=\"wp-block-list\">\n<li>um\u00f3w mi\u0119dzynarodowych, na zasadach okre\u015blonych w tych umowach,<\/li>\n\n\n\n<li>um\u00f3w zawieranych z podmiotami zagranicznymi przez uczelnie, na zasadach okre\u015blonych w tych umowach,<\/li>\n\n\n\n<li>decyzji Ministra,<\/li>\n\n\n\n<li>decyzji dyrektora Narodowej Agencji Wymiany Akademickiej (NAWA), w odniesieniu do jej stypendyst\u00f3w,<\/li>\n\n\n\n<li>decyzji dyrektora Narodowego Centrum Nauki (NCN) o przyznaniu \u015brodk\u00f3w finansowych na realizacj\u0119 bada\u0144 podstawowych w formie projektu badawczego, sta\u017cu lub stypendium, zakwalifikowanych do finansowania w drodze konkursu,<\/li>\n\n\n\n<li>decyzji administracyjnej Rektora, dyrektora instytutu PAN, dyrektora instytutu badawczego lub dyrektora instytutu mi\u0119dzynarodowego.<\/li>\n<\/ul>\n\n\n\n<p><\/p>\n","protected":false},"excerpt":{"rendered":"<p>Cudzoziemcy mog\u0105 podejmowa\u0107 kszta\u0142cenie w Szkole Doktorskiej UKSW na podstawie:<\/p>\n","protected":false},"author":1,"featured_media":0,"parent":3714,"menu_order":9,"comment_status":"closed","ping_status":"closed","template":"page-templates\/template-sub-page.php","meta":{"_acf_changed":false,"inline_featured_image":false,"footnotes":"","_links_to":"","_links_to_target":""},"class_list":["post-3772","page","type-page","status-publish","hentry"],"acf":[],"_links":{"self":[{"href":"https:\/\/szkoladoktorska.uksw.edu.pl\/pl\/wp-json\/wp\/v2\/pages\/3772","targetHints":{"allow":["GET"]}}],"collection":[{"href":"https:\/\/szkoladoktorska.uksw.edu.pl\/pl\/wp-json\/wp\/v2\/pages"}],"about":[{"href":"https:\/\/szkoladoktorska.uksw.edu.pl\/pl\/wp-json\/wp\/v2\/types\/page"}],"author":[{"embeddable":true,"href":"https:\/\/szkoladoktorska.uksw.edu.pl\/pl\/wp-json\/wp\/v2\/users\/1"}],"replies":[{"embeddable":true,"href":"https:\/\/szkoladoktorska.uksw.edu.pl\/pl\/wp-json\/wp\/v2\/comments?post=3772"}],"version-history":[{"count":7,"href":"https:\/\/szkoladoktorska.uksw.edu.pl\/pl\/wp-json\/wp\/v2\/pages\/3772\/revisions"}],"predecessor-version":[{"id":4769,"href":"https:\/\/szkoladoktorska.uksw.edu.pl\/pl\/wp-json\/wp\/v2\/pages\/3772\/revisions\/4769"}],"up":[{"embeddable":true,"href":"https:\/\/szkoladoktorska.uksw.edu.pl\/pl\/wp-json\/wp\/v2\/pages\/3714"}],"wp:attachment":[{"href":"https:\/\/szkoladoktorska.uksw.edu.pl\/pl\/wp-json\/wp\/v2\/media?parent=3772"}],"curies":[{"name":"wp","href":"https:\/\/api.w.org\/{rel}","templated":true}]}}