{"id":3775,"date":"2022-11-17T09:05:01","date_gmt":"2022-11-17T08:05:01","guid":{"rendered":"https:\/\/jednostki.uksw.edu.pl\/szkoladoktorska\/doktorant-2\/akty-prawne\/"},"modified":"2026-03-22T18:20:23","modified_gmt":"2026-03-22T17:20:23","slug":"akty-prawne","status":"publish","type":"page","link":"https:\/\/szkoladoktorska.uksw.edu.pl\/doktorant\/akty-prawne\/","title":{"rendered":"Akty prawne"},"content":{"rendered":"\n<p>Dzia\u0142alno\u015b\u0107 Szk\u00f3\u0142 Doktorskich w Polsce reguluj\u0105 przepisy&nbsp;<a href=\"http:\/\/prawo.sejm.gov.pl\/isap.nsf\/download.xsp\/WDU20180001668\/U\/D20181668Lj.pdf\" target=\"_blank\" rel=\"noreferrer noopener\"><strong>Ustawy z dnia 20 lipca 2018 r. Prawo o szkolnictwie wy\u017cszym i nauce:<\/strong><\/a><\/p>\n\n\n\n<ul class=\"wp-block-list\">\n<li>kszta\u0142cenie doktorant\u00f3w \u2013 Dzia\u0142 V, Rozdzia\u0142 2, Oddzia\u0142 2, Art. 198-216,<\/li>\n\n\n\n<li>nadawanie stopnia doktora \u2013 Dzia\u0142 V, Rozdzia\u0142 2, Oddzia\u0142 1, Art. 185-197,<\/li>\n\n\n\n<li>ewaluacja szk\u00f3\u0142 doktorskich \u2013 Dzia\u0142 VI, Rozdzia\u0142 2, Art. 259-264,<\/li>\n\n\n\n<li>odpowiedzialno\u015b\u0107 dyscyplinarna nauczycieli akademickich \u2013 Dzia\u0142 VII, Rozdzia\u0142 1, Art. 275-306,<\/li>\n\n\n\n<li>odpowiedzialno\u015b\u0107 dyscyplinarna doktorant\u00f3w \u2013 Dzia\u0142 VII, Rozdzia\u0142 3, Art. 322,<\/li>\n\n\n\n<li>cudzoziemcy w systemie szkolnictwa wy\u017cszego i nauki \u2013 Dzia\u0142 VIII, Art. 323-328.<\/li>\n<\/ul>\n\n\n\n<p>\u0179r\u00f3d\u0142em wiedzy o obowi\u0105zuj\u0105cych na Uniwersytecie Kardyna\u0142a Stefana Wyszy\u0144skiego w Warszawie przepisach jest stale aktualizowany Monitor UKSW \u2013&nbsp;<strong><a href=\"http:\/\/www.monitor.uksw.edu.pl\/\">www.monitor.uksw.edu.pl<\/a><\/strong><\/p>\n\n\n\n<h2 class=\"wp-block-heading\">Wybrane dokumenty dotycz\u0105ce Szko\u0142y Doktorskiej UKSW i kszta\u0142cenia w UKSW:<\/h2>\n\n\n\n<figure class=\"wp-block-table\"><table><tbody><tr><td><strong>Utworzenie Szko\u0142y Doktorskiej UKSW<\/strong><\/td><td><a href=\"https:\/\/monitor.uksw.edu.pl\/docs\/4301\" target=\"_blank\" rel=\"noreferrer noopener\"><strong>Zarz\u0105dzenie Nr 26\/2019 Rektora<\/strong>&nbsp;Uniwersytetu Kardyna\u0142a Stefana Wyszy\u0144skiego w Warszawie z dnia 31 maja 2019 r. w sprawie utworzenia Szko\u0142y Doktorskiej Uniwersytetu Kardyna\u0142a Stefana Wyszy\u0144skiego w Warszawie<\/a>,<br><a href=\"https:\/\/monitor.uksw.edu.pl\/docs\/4312\"><strong>Decyzja Nr 30\/2019 Rektora<\/strong>&nbsp;Uniwersytetu Kardyna\u0142a Stefana Wyszy\u0144skiego w Warszawie z dnia 27 czerwca 2019 r. w sprawie nadania kancelaryjnego oznaczenia literowego Szkole Doktorskiej Uniwersytetu Kardyna\u0142a Stefana Wyszy\u0144skiego w Warszawie<\/a><\/td><\/tr><tr><td><strong>Regulamin Szko\u0142y Doktorskiej UKSW<\/strong><\/td><td><a href=\"https:\/\/monitor.uksw.edu.pl\/docs\/8143\"><strong>Uchwa\u0142a Nr 2\/2025 Senatu<\/strong> Uniwersytetu Kardyna\u0142a Stefana Wyszy\u0144skiego w Warszawie z dnia 30 stycznia 2025 r. w sprawie uchwalenia Regulaminu Szko\u0142y Doktorskiej Uniwersytetu Kardyna\u0142a Stefana Wyszy\u0144skiego w Warszawie<\/a><br><a href=\"https:\/\/monitor.uksw.edu.pl\/docs\/5951\"><strong>Obwieszczenie Nr 4\/2021 Rektora<\/strong>&nbsp;Uniwersytetu Kardyna\u0142a Stefana Wyszy\u0144skiego w Warszawie z dnia 11 maja 2021 r. w sprawie og\u0142oszenia tekstu jednolitego Uchwa\u0142y Nr 123\/2019 Senatu Uniwersytetu Kardyna\u0142a Stefana Wyszy\u0144skiego w Warszawie z dnia 27 czerwca 2019 r. w sprawie uchwalenia Regulaminu Szko\u0142y Doktorskiej Uniwersytetu Kardyna\u0142a Stefana Wyszy\u0144skiego w Warszawie,<\/a><br><a href=\"https:\/\/monitor.uksw.edu.pl\/docs\/5009\" target=\"_blank\" rel=\"noreferrer noopener\"><strong>Uchwa\u0142a Nr 39\/2020 Senatu<\/strong>&nbsp;Uniwersytetu Kardyna\u0142a Stefana Wyszy\u0144skiego w Warszawie z dnia 7 kwietnia 2020 r. zmieniaj\u0105ca Uchwa\u0142\u0119 Nr 123\/2019 Senatu UKSW z dnia 27 czerwca 2019 r. w<\/a>&nbsp;<a href=\"https:\/\/monitor.uksw.edu.pl\/docs\/5009\" target=\"_blank\" rel=\"noreferrer noopener\">sprawie uchwalenia Regulaminu Szko\u0142y Doktorskiej Uniwersytetu Kardyna\u0142a Stefana Wyszy\u0144skiego w Warszawie,<\/a><br><a href=\"https:\/\/monitor.uksw.edu.pl\/docs\/4331\" target=\"_blank\" rel=\"noreferrer noopener\"><strong>Uchwa\u0142a Nr 123\/2019 Senatu<\/strong>&nbsp;Uniwersytetu Kardyna\u0142a Stefana Wyszy\u0144skiego w Warszawie z dnia 27 czerwca 2019 r. w sprawie uchwalenia Regulaminu Szko\u0142y Doktorskiej Uniwersytetu Kardyna\u0142a Stefana Wyszy\u0144skiego w Warszawie<\/a><\/td><\/tr><tr><td><strong>Program Kszta\u0142cenia w Szkole Doktorskiej UKSW<\/strong><br><strong>Indywidualny Plan Badawczy <\/strong><br><strong>Seminarium State of the art<\/strong><\/td><td><a href=\"https:\/\/monitor.uksw.edu.pl\/docs\/8100\"><strong>Uchwa\u0142a Nr 299\/2024 Senatu<\/strong> Uniwersytetu Kardyna\u0142a Stefana Wyszy\u0144skiego w Warszawie z dnia 19 grudnia 2024 r. zmieniaj\u0105ca Uchwa\u0142\u0119 Nr 102\/2019 Senatu Uniwersytetu Kardyna\u0142a Stefana Wyszy\u0144skiego w Warszawie w sprawie Programu Kszta\u0142cenia w Szkole Doktorskiej Uniwersytetu Kardyna\u0142a Stefana Wyszy\u0144skiego oraz za\u0142o\u017ce\u0144 Indywidualnego Planu Badawczego doktorant\u00f3w Szko\u0142y Doktorskiej<br><\/a><a href=\"https:\/\/monitor.uksw.edu.pl\/docs\/4270\" target=\"_blank\" rel=\"noreferrer noopener\"><strong>Uchwa\u0142a Nr 102\/2019 Senatu<\/strong>\u00a0Uniwersytetu Kardyna\u0142a Stefana Wyszy\u0144skiego w Warszawie z dnia 23 maja 2019 r. w sprawie Programu Kszta\u0142cenia w Szkole Doktorskiej Uniwersytetu Kardyna\u0142a Stefana Wyszy\u0144skiego oraz za\u0142o\u017ce\u0144 Indywidualnego Planu Badawczego doktorant\u00f3w Szko\u0142y Doktorskiej UKSW,<\/a><br><a href=\"https:\/\/monitor.uksw.edu.pl\/sod\/docs\/2\"><strong>Decyzja Nr 1\/2020 Dyrektora Szko\u0142y Doktorskiej<\/strong>\u00a0Uniwersytetu Kardyna\u0142a Stefana Wyszy\u0144skiego w Warszawie z dnia 30 kwietnia 2020 r. w sprawie zasad zaliczania I roku kszta\u0142cenia w roku akademickim 2019\/2020,<\/a><br><a href=\"https:\/\/monitor.uksw.edu.pl\/sod\/docs\/3\"><strong>Decyzja Nr 2\/2020 Dyrektora Szko\u0142y Doktorskiej<\/strong>\u00a0Uniwersytetu Kardyna\u0142a Stefana Wyszy\u0144skiego w Warszawie z dnia 30 kwietnia 2020 r. w sprawie ustalenia zasad zaliczania seminarium state of the art<\/a><br><a href=\"https:\/\/monitor.uksw.edu.pl\/sod\/docs\/4\"><strong>Decyzja Nr 3\/2020 Dyrektora Szko\u0142y Doktorskiej<\/strong>\u00a0Uniwersytetu Kardyna\u0142a Stefana Wyszy\u0144skiego w Warszawie z dnia 30 kwietnia 2020 r. w sprawie ustalenia wzoru indywidualnego planu badawczego obowi\u0105zuj\u0105cego w Szkole Doktorskiej Uniwersytetu Kardyna\u0142a Stefana Wyszy\u0144skiego w Warszawie<\/a><br><a href=\"https:\/\/szkoladoktorska.uksw.edu.pl\/wp-content\/uploads\/sites\/29\/2025\/06\/Decyzja-nr2_2025-Dyrektora-SzD-UKSW.pdf\" target=\"_blank\" rel=\"noreferrer noopener\"><strong>Decyzja nr 2 \/2025 Dyrektora Szko\u0142y Doktorskiej <\/strong>Uniwersytetu Kardyna\u0142a Stefana Wyszy\u0144skiego w Warszawie z\u00a0dnia 9 czerwca 2025 r. w sprawie wzoru formularza oraz terminu z\u0142o\u017cenia Indywidualnego Planu Badawczego dla doktorant\u00f3w I roku rozpoczynaj\u0105cych kszta\u0142cenie w roku akademickim 2024\/2025 w Szkole Doktorskiej Uniwersytetu Kardyna\u0142a Stefana Wyszy\u0144skiego w Warszawie<\/a><br><a href=\"https:\/\/szkoladoktorska.uksw.edu.pl\/wp-content\/uploads\/sites\/29\/2025\/06\/wzor-IPB-SzD-zal.-do-decyzji-nr-2-Dyrektora-SzD.docx\"><strong>Indywidualny Plan Badawczy<\/strong><\/a> &#8211; wz\u00f3r<br><a href=\"https:\/\/szkoladoktorska.uksw.edu.pl\/wp-content\/uploads\/sites\/29\/2026\/03\/Decyzja-1_2026-Dyrektora-SzD-UKSW.pdf\"><strong>Decyzja nr 1\/2026 Dyrektora SzD UKSW<\/strong> z dnia 19 marca 2026 roku w sprawie Zasad wsp\u00f3\u0142pracy promotora i doktoranta w SzD <\/a><\/td><\/tr><tr><td>&nbsp;<strong>Zasady dokonywania oceny \u015br\u00f3dokresowej w UKSW<\/strong><strong>&nbsp;<\/strong><\/td><td><a href=\"https:\/\/monitor.uksw.edu.pl\/sod\/docs\/16\"><strong>Decyzja nr 2\/2022 Dyrektora Szko\u0142y Doktorskiej<\/strong>&nbsp;Uniwersytetu Kardyna\u0142a Stefana Wyszy\u0144skiego w Warszawie z dnia 29 kwietnia 2022 r. w sprawie wprowadzenia Zasad dokonywania oceny \u015br\u00f3dokresowej w Szkole Doktorskiej Uniwersytetu Kardyna\u0142a Stefana Wyszy\u0144skiego w Warszawie<\/a><\/td><\/tr><tr><td><strong>Uchwa\u0142y w sprawie warunk\u00f3w i trybu rekrutacji do Szko\u0142y Doktorskiej UKSW<\/strong><\/td><td><a href=\"https:\/\/monitor.uksw.edu.pl\/docs\/8574\">Uchwa\u0142a Nr 160\/2025 Senatu Uniwersytetu Kardyna\u0142a Stefana Wyszy\u0144skiego w Warszawie z dnia 18 grudnia 2025 r. w sprawie warunk\u00f3w i trybu rekrutacji do Szko\u0142y Doktorskiej Uniwersytetu Kardyna\u0142a Stefana Wyszy\u0144skiego w Warszawie na rok akademicki 2026\/2027<\/a><br><a href=\"https:\/\/monitor.uksw.edu.pl\/docs\/8139\"><strong>Uchwa\u0142a Nr 1\/2025 Senatu <\/strong>Uniwersytetu Kardyna\u0142a Stefana Wyszy\u0144skiego w Warszawie z dnia 30 stycznia 2025 r. w sprawie warunk\u00f3w i trybu rekrutacji do Szko\u0142y Doktorskiej Uniwersytetu Kardyna\u0142a Stefana Wyszy\u0144skiego w Warszawie na rok akademicki 2025\/2026<\/a><br><a href=\"https:\/\/monitor.uksw.edu.pl\/docs\/7413\"><strong>Uchwa\u0142a Nr 1\/2024 Senatu<\/strong> Uniwersytetu Kardyna\u0142a Stefana Wyszy\u0144skiego w Warszawie z dnia 25&nbsp;stycznia 2024 r. w sprawie warunk\u00f3w i trybu rekrutacji do Szko\u0142y Doktorskiej Uniwersytetu Kardyna\u0142a Stefana Wyszy\u0144skiego w Warszawie na rok akademicki 2024\/2025<\/a><br><a href=\"https:\/\/monitor.uksw.edu.pl\/docs\/6877\"><strong>Uchwa\u0142a Nr 6\/2023 Senatu<\/strong> Uniwersytetu Kardyna\u0142a Stefana Wyszy\u0144skiego w Warszawie z dnia 26&nbsp;stycznia 2023 r. w sprawie warunk\u00f3w i trybu rekrutacji do Szko\u0142y Doktorskiej Uniwersytetu Kardyna\u0142a Stefana Wyszy\u0144skiego w Warszawie na rok akademicki 2023\/2024<\/a><br><a href=\"https:\/\/monitor.uksw.edu.pl\/docs\/6322\"><strong>Uchwa\u0142a Nr 5\/2022 Senatu<\/strong>&nbsp;Uniwersytetu Kardyna\u0142a Stefana Wyszy\u0144skiego w Warszawie z dnia 20 stycznia 2022 r. w sprawie warunk\u00f3w i trybu rekrutacji do Szko\u0142y Doktorskiej Uniwersytetu Kardyna\u0142a Stefana Wyszy\u0144skiego w Warszawie na rok akademicki 2022\/2023<\/a><br><a href=\"https:\/\/monitor.uksw.edu.pl\/docs\/6215\"><strong>Uchwa\u0142a Nr 113\/2021 Senatu<\/strong>&nbsp;Uniwersytetu Kardyna\u0142a Stefana Wyszy\u0144skiego w Warszawie z dnia 28 pa\u017adziernika 2021 r. zmieniaj\u0105ca Uchwa\u0142\u0119 Nr 12\/2021 Senatu Uniwersytetu Kardyna\u0142a Stefana Wyszy\u0144skiego w Warszawie w sprawie warunk\u00f3w i trybu rekrutacji do Szko\u0142y Doktorskiej Uniwersytetu Kardyna\u0142a Stefana Wyszy\u0144skiego w Warszawie na rok akademicki 2021\/2022,<\/a><br><a href=\"https:\/\/monitor.uksw.edu.pl\/docs\/5830\"><strong>Uchwa\u0142a Nr 12\/2021 Senatu<\/strong>&nbsp;Uniwersytetu Kardyna\u0142a Stefana Wyszy\u0144skiego w Warszawie z dnia 25 lutego 2021 r. w sprawie warunk\u00f3w i trybu rekrutacji do Szko\u0142y Doktorskiej Uniwersytetu Kardyna\u0142a Stefana Wyszy\u0144skiego w Warszawie na rok akademicki 2021\/2022<\/a><br><a href=\"https:\/\/monitor.uksw.edu.pl\/docs\/5163\"><strong>Uchwa\u0142a Nr 101\/2020 Senatu<\/strong>&nbsp;Uniwersytetu Kardyna\u0142a Stefana Wyszy\u0144skiego w Warszawie z dnia 25 czerwca 2020 r. zmieniaj\u0105ca Uchwa\u0142\u0119 Nr 38\/2020 Senatu UKSW z dnia 7 kwietnia 2020 r. w sprawie warunk\u00f3w i trybu rekrutacji do Szko\u0142y Doktorskiej Uniwersytetu Kardyna\u0142a Stefana Wyszy\u0144skiego w Warszawie na rok akademicki 2020\/2021<\/a><br><a href=\"https:\/\/monitor.uksw.edu.pl\/docs\/5000\" target=\"_blank\" rel=\"noreferrer noopener\"><strong>Uchwa\u0142a Nr 38\/2020 Senatu<\/strong>&nbsp;Uniwersytetu Kardyna\u0142a Stefana Wyszy\u0144skiego w Warszawie z dnia 7 kwietnia 2020 r. w sprawie warunk\u00f3w i trybu rekrutacji do Szko\u0142y Doktorskiej Uniwersytetu Kardyna\u0142a Stefana Wyszy\u0144skiego w Warszawie na rok akademicki 2020\/2021<\/a><br><a href=\"https:\/\/monitor.uksw.edu.pl\/docs\/4330\"><strong>Uchwa\u0142a Nr 122\/2019<\/strong>&nbsp;Senatu Uniwersytetu Kardyna\u0142a Stefana Wyszy\u0144skiego w Warszawie z dnia 27 czerwca 2019 r. zmieniaj\u0105ca Uchwa\u0142\u0119 Nr 101\/2019 Senatu UKSW z dnia 23 maja 2019 r. w<\/a>&nbsp;<a href=\"https:\/\/monitor.uksw.edu.pl\/docs\/4330\">sprawie warunk\u00f3w i trybu rekrutacji do Szko\u0142y Doktorskiej Uniwersytetu Kardyna\u0142a Stefana Wyszy\u0144skiego w Warszawie na rok akademicki 2019\/2020<\/a><br><a href=\"https:\/\/monitor.uksw.edu.pl\/docs\/4269\"><strong>Uchwa\u0142a Nr 101\/2019 Senatu<\/strong>&nbsp;Uniwersytetu Kardyna\u0142a Stefana Wyszy\u0144skiego w Warszawie z dnia 23 maja 2019 r. w sprawie warunk\u00f3w i trybu rekrutacji do Szko\u0142y Doktorskiej Uniwersytetu Kardyna\u0142a Stefana Wyszy\u0144skiego w Warszawie na rok akademicki 2019\/2020<\/a><\/td><\/tr><tr><td><strong>Komisje Rekrutacyjne<\/strong><\/td><td><a href=\"https:\/\/monitor.uksw.edu.pl\/docs\/8315\"><strong>Decyzja Nr 55\/2025 Rektora<\/strong> Uniwersytetu Kardyna\u0142a Stefana Wyszy\u0144skiego w Warszawie z dnia 3&nbsp;czerwca 2025 r. w sprawie powo\u0142ania Komisji Rekrutacyjnej w Szkole Doktorskiej Uniwersytetu Kardyna\u0142a Stefana Wyszy\u0144skiego w Warszawie<\/a><br><a href=\"https:\/\/monitor.uksw.edu.pl\/docs\/7563\"><strong>Decyzja Nr 23\/2024 Rektora<\/strong> Uniwersytetu Kardyna\u0142a Stefana Wyszy\u0144skiego w Warszawie z dnia 28 czerwca 2024 r. w sprawie powo\u0142ania Komisji Rekrutacyjnej w Szkole Doktorskiej Uniwersytetu Kardyna\u0142a Stefana Wyszy\u0144skiego w Warszawie<\/a><br><a href=\"https:\/\/monitor.uksw.edu.pl\/docs\/7136\"><strong>Decyzja Nr 77\/2023 Rektora<\/strong> Uniwersytetu Kardyna\u0142a Stefana Wyszy\u0144skiego w Warszawie z dnia 30 czerwca 2023 r. zmieniaj\u0105ca Decyzj\u0119 Nr 63\/2023 Rektora Uniwersytetu Kardyna\u0142a Stefana Wyszy\u0144skiego w Warszawie w sprawie powo\u0142ania Komisji Rekrutacyjnej w Szkole Doktorskiej Uniwersytetu Kardyna\u0142a Stefana Wyszy\u0144skiego w Warszawie<\/a><br><a href=\"https:\/\/monitor.uksw.edu.pl\/docs\/7095\"><strong>Decyzja Nr 63\/2023 Rektora<\/strong> Uniwersytetu Kardyna\u0142a Stefana Wyszy\u0144skiego w Warszawie z dnia 13 czerwca 2023 r. w sprawie powo\u0142ania Komisji Rekrutacyjnej w Szkole Doktorskiej Uniwersytetu Kardyna\u0142a Stefana Wyszy\u0144skiego w Warszawie<\/a><br><a href=\"https:\/\/monitor.uksw.edu.pl\/docs\/6525\"><strong>Decyzja Nr 58\/2022 Rektora<\/strong> Uniwersytetu Kardyna\u0142a Stefana Wyszy\u0144skiego w Warszawie z dnia 14 czerwca 2022 r. w sprawie powo\u0142ania Komisji Rekrutacyjnej w Szkole Doktorskiej Uniwersytetu Kardyna\u0142a Stefana Wyszy\u0144skiego w Warszawie<\/a><br><a href=\"https:\/\/monitor.uksw.edu.pl\/docs\/6004\"><strong>Decyzja Nr 74\/2021 Rektora<\/strong>&nbsp;Uniwersytetu Kardyna\u0142a Stefana Wyszy\u0144skiego w Warszawie z dnia 9 czerwca 2021 r. w sprawie powo\u0142ania Komisji Rekrutacyjnej w Szkole Doktorskiej Uniwersytetu Kardyna\u0142a Stefana Wyszy\u0144skiego w Warszawie<\/a><br><a href=\"https:\/\/monitor.uksw.edu.pl\/docs\/5777\"><strong>Decyzja Nr 7\/2021 Rektora<\/strong>&nbsp;Uniwersytetu Kardyna\u0142a Stefana Wyszy\u0144skiego w Warszawie z dnia 28 stycznia 2021 r. zmieniaj\u0105ca Decyzj\u0119 Nr 220\/2020 Rektora Uniwersytetu Kardyna\u0142a Stefana Wyszy\u0144skiego w Warszawie w sprawie powo\u0142ania Komisji Rekrutacyjnej w Szkole Doktorskiej Uniwersytetu Kardyna\u0142a Stefana Wyszy\u0144skiego w Warszawie<\/a><br><a href=\"https:\/\/monitor.uksw.edu.pl\/docs\/5165\"><strong>Decyzja Nr 220\/2020 Rektora<\/strong>&nbsp;Uniwersytetu Kardyna\u0142a Stefana Wyszy\u0144skiego w Warszawie z dnia 2 lipca 2020 r. w sprawie powo\u0142ania Komisji Rekrutacyjnej w Szkole Doktorskiej Uniwersytetu Kardyna\u0142a Stefana Wyszy\u0144skiego w Warszawie<\/a><\/td><\/tr><tr><td><strong>Komisje Kwalifikacyjne<\/strong><\/td><td><a href=\"https:\/\/monitor.uksw.edu.pl\/docs\/7599\"><strong>Decyzja Nr 10\/2024 Prorektora<\/strong> ds. Nauki i Wsp\u00f3\u0142pracy Mi\u0119dzynarodowej Uniwersytetu Kardyna\u0142a Stefana Wyszy\u0144skiego w Warszawie z dnia 3 lipca 2024 r. zmieniaj\u0105ca Decyzj\u0119 Nr 9\/2024 Prorektora ds. Nauki i Wsp\u00f3\u0142pracy Mi\u0119dzynarodowej Uniwersytetu Kardyna\u0142a Stefana Wyszy\u0144skiego w Warszawie w sprawie powo\u0142ania Komisji Kwalifikacyjnych w Szkole Doktorskiej Uniwersytetu Kardyna\u0142a Stefana Wyszy\u0144skiego w Warszawie<\/a><br><a href=\"https:\/\/monitor.uksw.edu.pl\/docs\/7594\"><strong>Decyzja Nr 9\/2024 Prorektora<\/strong> ds. Nauki i Wsp\u00f3\u0142pracy Mi\u0119dzynarodowej Uniwersytetu Kardyna\u0142a Stefana Wyszy\u0144skiego w Warszawie z dnia 28 czerwca 2024 r. w sprawie powo\u0142ania Komisji Kwalifikacyjnych w Szkole Doktorskiej Uniwersytetu Kardyna\u0142a Stefana Wyszy\u0144skiego w&nbsp;Warszawie<\/a><br><a href=\"https:\/\/monitor.uksw.edu.pl\/sod\/docs\/5\"><strong>Decyzja nr 4\/2020 Dyrektora Szko\u0142y Doktorskiej<\/strong>&nbsp;Uniwersytetu Kardyna\u0142a Stefana Wyszy\u0144skiego w Warszawie z dnia 29 czerwca 2020 r. w sprawie powo\u0142ania Komisji Kwalifikacyjnych w Szkole Doktorskiej Uniwersytety Kardyna\u0142a Stefana Wyszy\u0144skiego w Warszawie<\/a><br><a href=\"https:\/\/monitor.uksw.edu.pl\/docs\/4403\"><strong>Decyzja Nr 1\/2019 Dyrektora Szko\u0142y Doktorskiej<\/strong>&nbsp;Uniwersytetu Kardyna\u0142a Stefana Wyszy\u0144skiego w Warszawie z dnia 12 sierpnia 2019 r. w sprawie powo\u0142ania Komisji Kwalifikacyjnych w Szkole Doktorskiej Uniwersytetu Kardyna\u0142a Stefana Wyszy\u0144skiego w Warszawie<\/a><\/td><\/tr><tr><td><strong>Post\u0119powanie o nadanie stopnia doktora w UKSW<\/strong><\/td><td><a href=\"https:\/\/monitor.uksw.edu.pl\/docs\/8144\"><strong>Uchwa\u0142a Nr 3\/2025 Senatu <\/strong>Uniwersytetu Kardyna\u0142a Stefana Wyszy\u0144skiego w Warszawie z dnia 30 stycznia 2025 r. w sprawie post\u0119powania o nadanie stopnia doktora w Uniwersytecie Kardyna\u0142a Stefana Wyszy\u0144skiego w Warszawie<\/a><br><a href=\"https:\/\/monitor.uksw.edu.pl\/docs\/6137\"><strong>Uchwa\u0142a Nr 90\/2021 Senatu<\/strong>&nbsp;Uniwersytetu Kardyna\u0142a Stefana Wyszy\u0144skiego w Warszawie z dnia 22 wrze\u015bnia 2021 r. zmieniaj\u0105ca Uchwa\u0142\u0119 Nr 201\/2019 Senatu Uniwersytetu Kardyna\u0142a Stefana Wyszy\u0144skiego w Warszawie w sprawie post\u0119powania o nadanie stopnia doktora w Uniwersytecie Kardyna\u0142a Stefana Wyszy\u0144skiego w Warszawie<\/a><br><a href=\"https:\/\/monitor.uksw.edu.pl\/docs\/4524\"><strong>Uchwa\u0142a Nr 201\/2019 Senatu<\/strong>&nbsp;Uniwersytetu Kardyna\u0142a Stefana Wyszy\u0144skiego w Warszawie z dnia 23 pa\u017adziernika 2019 r. w sprawie post\u0119powania o nadanie stopnia doktora w Uniwersytecie Kardyna\u0142a Stefana Wyszy\u0144skiego w Warszawie<\/a><\/td><\/tr><tr><td><strong>Wysoko\u015b\u0107 op\u0142at za us\u0142ugi edukacyjne oraz wydanie dokument\u00f3w zwi\u0105zanych z tokiem studi\u00f3w i kszta\u0142ceniem doktorant\u00f3w<\/strong><\/td><td><a href=\"https:\/\/monitor.uksw.edu.pl\/docs\/download\/df399733d6e7418109570064c70e1823\"><strong>Zarz\u0105dzenie Nr 42\/2025 Rektora<\/strong> Uniwersytetu Kardyna\u0142a Stefana Wyszy\u0144skiego w Warszawie z dnia 4 czerwca 2025 r. w sprawie wysoko\u015bci op\u0142at za \u015bwiadczone us\u0142ugi edukacyjne oraz za wydanie dokument\u00f3w zwi\u0105zanych z tokiem studi\u00f3w i kszta\u0142ceniem doktorant\u00f3w w roku akademickim 2025\/2026<\/a><\/td><\/tr><tr><td><strong>Badania lekarskie z zakresu profilaktycznej ochrony zdrowia<\/strong><\/td><td><a href=\"https:\/\/monitor.uksw.edu.pl\/docs\/download\/cfe3b06cd923d4cd189ff2465ff15339\"><strong>Zarz\u0105dzenie Nr 45\/2025 Rektora<\/strong> Uniwersytetu Kardyna\u0142a Stefana Wyszy\u0144skiego w Warszawie z dnia 12 czerwca 2025 r. w sprawie przeprowadzania badania lekarskiego z zakresu profilaktycznej ochrony zdrowia, badania laboratoryjnego do cel\u00f3w sanitarno-epidemiologicznych i szczepienia ochronnego przeciw WZW typu B dla kandydata zakwalifikowanego na studia i do Szko\u0142y Doktorskiej oraz studenta i doktoranta Uniwersytetu Kardyna\u0142a Stefana Wyszy\u0144skiego w Warszawie<\/a><\/td><\/tr><\/tbody><\/table><\/figure>\n","protected":false},"excerpt":{"rendered":"<p>Dzia\u0142alno\u015b\u0107 Szk\u00f3\u0142 Doktorskich w Polsce reguluj\u0105 przepisy&nbsp;Ustawy z dnia 20 lipca 2018 r. Prawo o szkolnictwie wy\u017cszym i nauce: \u0179r\u00f3d\u0142em wiedzy o obowi\u0105zuj\u0105cych na Uniwersytecie Kardyna\u0142a Stefana Wyszy\u0144skiego w Warszawie przepisach jest stale aktualizowany Monitor UKSW \u2013&nbsp;www.monitor.uksw.edu.pl Wybrane dokumenty dotycz\u0105ce Szko\u0142y Doktorskiej UKSW i kszta\u0142cenia w UKSW: Utworzenie Szko\u0142y Doktorskiej UKSW Zarz\u0105dzenie Nr 26\/2019 Rektora&nbsp;Uniwersytetu [&hellip;]<\/p>\n","protected":false},"author":1,"featured_media":0,"parent":3359,"menu_order":1,"comment_status":"closed","ping_status":"closed","template":"page-templates\/template-sub-page.php","meta":{"_acf_changed":false,"inline_featured_image":false,"footnotes":"","_links_to":"","_links_to_target":""},"class_list":["post-3775","page","type-page","status-publish","hentry"],"acf":[],"_links":{"self":[{"href":"https:\/\/szkoladoktorska.uksw.edu.pl\/pl\/wp-json\/wp\/v2\/pages\/3775","targetHints":{"allow":["GET"]}}],"collection":[{"href":"https:\/\/szkoladoktorska.uksw.edu.pl\/pl\/wp-json\/wp\/v2\/pages"}],"about":[{"href":"https:\/\/szkoladoktorska.uksw.edu.pl\/pl\/wp-json\/wp\/v2\/types\/page"}],"author":[{"embeddable":true,"href":"https:\/\/szkoladoktorska.uksw.edu.pl\/pl\/wp-json\/wp\/v2\/users\/1"}],"replies":[{"embeddable":true,"href":"https:\/\/szkoladoktorska.uksw.edu.pl\/pl\/wp-json\/wp\/v2\/comments?post=3775"}],"version-history":[{"count":34,"href":"https:\/\/szkoladoktorska.uksw.edu.pl\/pl\/wp-json\/wp\/v2\/pages\/3775\/revisions"}],"predecessor-version":[{"id":5700,"href":"https:\/\/szkoladoktorska.uksw.edu.pl\/pl\/wp-json\/wp\/v2\/pages\/3775\/revisions\/5700"}],"up":[{"embeddable":true,"href":"https:\/\/szkoladoktorska.uksw.edu.pl\/pl\/wp-json\/wp\/v2\/pages\/3359"}],"wp:attachment":[{"href":"https:\/\/szkoladoktorska.uksw.edu.pl\/pl\/wp-json\/wp\/v2\/media?parent=3775"}],"curies":[{"name":"wp","href":"https:\/\/api.w.org\/{rel}","templated":true}]}}