{"id":3776,"date":"2022-11-17T09:05:02","date_gmt":"2022-11-17T08:05:02","guid":{"rendered":"https:\/\/jednostki.uksw.edu.pl\/szkoladoktorska\/doktorant-2\/prawa-i-obowiazki-doktorantow\/"},"modified":"2026-01-16T12:05:25","modified_gmt":"2026-01-16T11:05:25","slug":"prawa-i-obowiazki-doktorantow","status":"publish","type":"page","link":"https:\/\/szkoladoktorska.uksw.edu.pl\/doktorant\/prawa-i-obowiazki-doktorantow\/","title":{"rendered":"Prawa i obowi\u0105zki doktorant\u00f3w"},"content":{"rendered":"\n<h2 class=\"wp-block-heading\">Doktorant ma prawo do:<\/h2>\n\n\n\n<ul class=\"wp-block-list\">\n<li>opieki naukowej promotora lub promotor\u00f3w podczas pracy nad rozpraw\u0105 doktorsk\u0105,<\/li>\n\n\n\n<li>wnioskowania o zmian\u0119 promotora, promotor\u00f3w lub promotora pomocniczego w uzasadnionych przypadkach,<\/li>\n\n\n\n<li>korzystania z laboratori\u00f3w, sprz\u0119tu i aparatury naukowo-badawczej oraz ze zbior\u00f3w bibliotecznych i zasob\u00f3w informatycznych potrzebnych do realizacji programu kszta\u0142cenia, indywidualnego planu badawczego i przygotowania rozprawy doktorskiej, na zasadach ustalonych w odr\u0119bnych przepisach,<\/li>\n\n\n\n<li>obj\u0119cia ubezpieczeniem odpowiedzialno\u015bci cywilnej za szkody powsta\u0142e w czasie prowadzenia zaj\u0119\u0107 dydaktycznych, w tym laboratoryjnych, na zasadach okre\u015blonych w odr\u0119bnych przepisach,<\/li>\n\n\n\n<li>realizowania, w szczeg\u00f3lnie uzasadnionych przypadkach, cz\u0119\u015bci kszta\u0142cenia poza Uczelni\u0105, na zasadzie oddelegowania,<\/li>\n\n\n\n<li>wsparcia w przygotowywaniu wniosk\u00f3w grantowych,<\/li>\n\n\n\n<li>odbywania sta\u017cy naukowych, po uzyskaniu pozytywnej opinii promotora i za zgod\u0105 Dyrektora Szko\u0142y,<\/li>\n\n\n\n<li>uczestnictwa w pracach naukowo-badawczych, rozwojowych i wdro\u017ceniowych prowadzonych na Uniwersytecie, w zakresie uzgodnionym z promotorem,<\/li>\n\n\n\n<li>posiadania legitymacji doktoranta,<\/li>\n\n\n\n<li>przerw wypoczynkowych w wymiarze nieprzekraczaj\u0105cym 8 tygodni w roku kalendarzowym,<\/li>\n\n\n\n<li>zawieszenia kszta\u0142cenia na okres odpowiadaj\u0105cy czasowi trwania urlopu macierzy\u0144skiego, urlopu na warunkach urlopu macierzy\u0144skiego, urlopu ojcowskiego oraz urlopu rodzicielskiego, okre\u015blonych w ustawie z dnia 26 czerwca 1974 r. \u2013 Kodeks pracy (Dz.U. 2023 poz. 1465 ze p\u00f3\u017a\u0144. zm.),<\/li>\n\n\n\n<li>przerw w odbywaniu kszta\u0142cenia w razie czasowej niezdolno\u015bci do odbywania tego kszta\u0142cenia spowodowanej chorob\u0105, sprawowania osobistej opieki nad chorym cz\u0142onkiem rodziny, sprawowania osobistej opieki nad dzieckiem do czwartego roku \u017cycia lub dzieckiem o orzeczonej niepe\u0142nosprawno\u015bci, \u0142\u0105cznie nie d\u0142u\u017cej ni\u017c rok,<\/li>\n\n\n\n<li>przed\u0142u\u017cenia terminu z\u0142o\u017cenia rozprawy doktorskiej, nie d\u0142u\u017cej ni\u017c o 2 lata na zasadach okre\u015blonych w &amp;35 ust. 1 Regulaminu;<\/li>\n\n\n\n<li>sk\u0142adania wniosk\u00f3w o ponowne rozpatrzenie sprawy w stosunku do wydanych decyzji administracyjnych,<\/li>\n\n\n\n<li>otrzymywania stypendium doktoranckiego<\/li>\n\n\n\n<li>wnioskowania o zwi\u0119kszenie stypendium doktoranckiego z tytu\u0142u posiadania orzeczenia o niepe\u0142nosprawno\u015bci,<\/li>\n\n\n\n<li>wnioskowania o zwi\u0119kszenie stypendium doktoranckiego w wysoko\u015bci 15% podstawowej stawki stypendium w przypadku gdy doktorant otrzyma\u0142 mi\u0119dzynarodowe wyr\u00f3\u017cnienie lub zdoby\u0142 inne wybitne osi\u0105gni\u0119cie wp\u0142ywaj\u0105ce na pozycj\u0119 mi\u0119dzynarodow\u0105 Uniwersytetu,<\/li>\n\n\n\n<li>wnioskowania o \u015brodki finansowe na dzia\u0142alno\u015b\u0107 badawczo-rozwojow\u0105,<\/li>\n\n\n\n<li>ubiegania si\u0119 o zakwaterowanie ma\u0142\u017conka lub dziecka w domu studenckim Uniwersytetu, na zasadach ustalonych w odr\u0119bnych przepisach,<\/li>\n\n\n\n<li>otrzymywania pomocy materialnej na zasadach okre\u015blonych odr\u0119bnymi przepisami oraz regulaminami obowi\u0105zuj\u0105cymi w Uniwersytecie,<\/li>\n\n\n\n<li>ubiegania si\u0119 o kredyt studencki na zasadach okre\u015blonych w ustawie,<\/li>\n\n\n\n<li>ubiegania si\u0119 o przyznanie stypendium przez jednostk\u0119 samorz\u0105du terytorialnego albo osob\u0119 fizyczn\u0105 lub osob\u0119 prawn\u0105 nieb\u0119d\u0105c\u0105 pa\u0144stwow\u0105 ani samorz\u0105dow\u0105 osob\u0105 prawn\u0105,<\/li>\n\n\n\n<li>oceny nauczycieli akademickich w zakresie wype\u0142niania przez nich obowi\u0105zk\u00f3w zwi\u0105zanych z kszta\u0142ceniem, na zasadach okre\u015blonych przez Rektora,<\/li>\n\n\n\n<li>zrzeszania si\u0119 w organizacjach, ko\u0142ach naukowych lub stowarzyszeniach doktorant\u00f3w Uniwersytetu oraz ubiegania si\u0119 o dofinansowania na dzia\u0142alno\u015b\u0107 tych organizacji na podstawie odr\u0119bnych przepis\u00f3w.<\/li>\n<\/ul>\n\n\n\n<h2 class=\"wp-block-heading\">Doktorant jest obowi\u0105zany do:<\/h2>\n\n\n\n<ul class=\"wp-block-list\">\n<li>przestrzegania postanowie\u0144 Regulaminu Szko\u0142y Doktorskiej, regulamin\u00f3w obowi\u0105zuj\u0105cych na Uniwersytecie oraz prawa powszechnie obowi\u0105zuj\u0105cego,<\/li>\n\n\n\n<li>sumiennego i rzetelnego realizowania programu kszta\u0142cenia oraz indywidualnego planu badawczego<\/li>\n\n\n\n<li>post\u0119powania zgodnie ze z\u0142o\u017conym \u015blubowaniem,<\/li>\n\n\n\n<li>udzia\u0142u w zaj\u0119ciach wynikaj\u0105cych z programu kszta\u0142cenia i indywidualnego planu badawczego,<\/li>\n\n\n\n<li>sk\u0142adania sprawozdania rocznego do kierownika \u015bcie\u017cki kszta\u0142cenia wraz z opini\u0105 promotora lub promotor\u00f3w z przebiegu realizacji programu kszta\u0142cenia oraz z rezultat\u00f3w i post\u0119p\u00f3w prac uj\u0119tych w indywidualnym planie badawczym,<\/li>\n\n\n\n<li>sk\u0142adania o\u015bwiadczenia, na potrzeby ewaluacji jako\u015bci dzia\u0142alno\u015bci naukowej, upowa\u017cniaj\u0105cego Uczelni\u0119 do wykazania osi\u0105gni\u0119\u0107 naukowych w ramach dyscypliny, w kt\u00f3rej przygotowywana jest rozprawa doktorska, albo w jednej z dyscyplin zawieraj\u0105cych si\u0119 w dziedzinie, w kt\u00f3rej przygotowywana jest rozprawa doktorska,<\/li>\n\n\n\n<li>sk\u0142adania o\u015bwiadczenia o dyscyplinie, w kt\u00f3rej jest przygotowywana rozprawa doktorska, w terminie 30 dni od rozpocz\u0119cia kszta\u0142cenia w Szkole Doktorskiej,<\/li>\n\n\n\n<li>posiadania elektronicznego identyfikatora naukowca zgodnego z mi\u0119dzynarodowymi standardami, <\/li>\n\n\n\n<li>zdawania sprawy z osi\u0105gni\u0119\u0107 naukowych zwi\u0105zanych z kszta\u0142ceniem w Szkole Doktorskiej na potrzeby ewaluacji jako\u015bci dzia\u0142alno\u015bci naukowej,<\/li>\n\n\n\n<li>za\u0142o\u017cenia indywidualnego konta w Systemie Polskiej Bibliografii Naukowej (PBN) oraz jego powi\u0105zanie z kontem Systemu ORCID, w terminie 30 dni od rozpocz\u0119cia kszta\u0142cenia w Szkole Doktorskiej,<\/li>\n\n\n\n<li>uzupe\u0142niania na bie\u017c\u0105co swoich publikacji w Bazie Wiedzy UKSW<\/li>\n\n\n\n<li>sprawozdawania danych i informacji raportowanych do Zintegrowanego Systemu Informacji o Szkolnictwie Wy\u017cszym i Nauce \u201ePOL-on\u201d oraz informowania o tym Koordynatora Szko\u0142y Doktorskiej,<\/li>\n\n\n\n<li>przestrzegania zasad i przepis\u00f3w przeciwpo\u017carowych oraz bezpiecze\u0144stwa i higieny pracy panuj\u0105cych na Uniwersytecie,<\/li>\n\n\n\n<li>dostarczania do Biura Szko\u0142y Doktorskiej zwolnie\u0144 lekarskich, informacji o urlopie macierzy\u0144skim w terminie do 7 dni roboczych od daty rozpocz\u0119cia urlopu lub zwolnienia,<\/li>\n\n\n\n<li>udzia\u0142u w pracach Samorz\u0105du Doktorant\u00f3w UKSW oraz w innych zadaniach zleconych przez Dyrektora Szko\u0142y, promotora lub Dyrektora Instytutu, zwi\u0105zanych z odbywanym kszta\u0142ceniem.<\/li>\n<\/ul>\n","protected":false},"excerpt":{"rendered":"<p>Doktorant ma prawo do: Doktorant jest obowi\u0105zany do:<\/p>\n","protected":false},"author":1,"featured_media":0,"parent":3359,"menu_order":2,"comment_status":"closed","ping_status":"closed","template":"page-templates\/template-sub-page.php","meta":{"_acf_changed":false,"inline_featured_image":false,"footnotes":"","_links_to":"","_links_to_target":""},"class_list":["post-3776","page","type-page","status-publish","hentry"],"acf":[],"_links":{"self":[{"href":"https:\/\/szkoladoktorska.uksw.edu.pl\/pl\/wp-json\/wp\/v2\/pages\/3776","targetHints":{"allow":["GET"]}}],"collection":[{"href":"https:\/\/szkoladoktorska.uksw.edu.pl\/pl\/wp-json\/wp\/v2\/pages"}],"about":[{"href":"https:\/\/szkoladoktorska.uksw.edu.pl\/pl\/wp-json\/wp\/v2\/types\/page"}],"author":[{"embeddable":true,"href":"https:\/\/szkoladoktorska.uksw.edu.pl\/pl\/wp-json\/wp\/v2\/users\/1"}],"replies":[{"embeddable":true,"href":"https:\/\/szkoladoktorska.uksw.edu.pl\/pl\/wp-json\/wp\/v2\/comments?post=3776"}],"version-history":[{"count":17,"href":"https:\/\/szkoladoktorska.uksw.edu.pl\/pl\/wp-json\/wp\/v2\/pages\/3776\/revisions"}],"predecessor-version":[{"id":5565,"href":"https:\/\/szkoladoktorska.uksw.edu.pl\/pl\/wp-json\/wp\/v2\/pages\/3776\/revisions\/5565"}],"up":[{"embeddable":true,"href":"https:\/\/szkoladoktorska.uksw.edu.pl\/pl\/wp-json\/wp\/v2\/pages\/3359"}],"wp:attachment":[{"href":"https:\/\/szkoladoktorska.uksw.edu.pl\/pl\/wp-json\/wp\/v2\/media?parent=3776"}],"curies":[{"name":"wp","href":"https:\/\/api.w.org\/{rel}","templated":true}]}}