{"id":3777,"date":"2022-11-17T09:05:02","date_gmt":"2022-11-17T08:05:02","guid":{"rendered":"https:\/\/jednostki.uksw.edu.pl\/szkoladoktorska\/doktorant-2\/ramowy-program-ksztalcenia-i-plan-zajec\/"},"modified":"2026-02-02T12:15:15","modified_gmt":"2026-02-02T11:15:15","slug":"ramowy-program-ksztalcenia-i-plan-zajec","status":"publish","type":"page","link":"https:\/\/szkoladoktorska.uksw.edu.pl\/doktorant\/ramowy-program-ksztalcenia-i-plan-zajec\/","title":{"rendered":"Ramowy program kszta\u0142cenia i plan zaj\u0119\u0107"},"content":{"rendered":"\n<p>Kszta\u0142cenie w Szkole Doktorskiej UKSW ma charakter interdyscyplinarny.<\/p>\n\n\n\n<p><a href=\"https:\/\/szkoladoktorska.uksw.edu.pl\/wp-content\/uploads\/sites\/29\/2025\/12\/1735557382_zal-do-u-299-2024-11.pdf\" data-type=\"URL\" data-id=\"https:\/\/szkoladoktorska.uksw.edu.pl\/wp-content\/uploads\/sites\/29\/2022\/11\/zal-1-do-u-102-2019-program-ksztalcenia.pdf\"><strong>Program kszta\u0142cenia<\/strong><\/a>&nbsp;obejmuje&nbsp;<strong>obowi\u0105zkowe zaj\u0119cia dydaktyczne<\/strong>: warsztaty, seminaria, konwersatoria.&nbsp;Pozosta\u0142e zaj\u0119cia uwzgl\u0119dnia si\u0119 w Indywidualnym Planie Badawczym (IPB).&nbsp;<\/p>\n\n\n\n<p>W programie kszta\u0142cenia w ci\u0105gu 3 lat doktoranci musz\u0105 zrealizowa\u0107<strong>&nbsp;6 przedmiot\u00f3w w ramach \u201eWyk\u0142ad\/seminarium\/konwersatorium do wyboru\u201d&nbsp;<\/strong>wg nast\u0119puj\u0105cego harmonogramu:<\/p>\n\n\n\n<ul class=\"wp-block-list\">\n<li>2 w pierwszym roku kszta\u0142cenia,<\/li>\n\n\n\n<li>3 w drugim roku kszta\u0142cenia,<\/li>\n\n\n\n<li>1 w trzecim roku kszta\u0142cenia.<\/li>\n<\/ul>\n\n\n\n<p><strong><a href=\"https:\/\/szkoladoktorska.uksw.edu.pl\/doktorant-2\/seminarium-state-of-the-art\/\" data-type=\"page\" data-id=\"3782\">Seminarium S<em>tate of the art<\/em><\/a><\/strong> ma charakter interdyscyplinarny i jest obligatoryjne dla doktorant\u00f3w roku II i III niezale\u017cnie od dyscypliny, w kt\u00f3rej odbywaj\u0105 kszta\u0142cenie.<\/p>\n\n\n\n<p><strong>Seminaria doktoranckie<\/strong>, w wymiarze 60 godzin rocznie, s\u0105 realizowane w terminach indywidualnie ustalanych z promotorem.<\/p>\n\n\n\n<p><strong>Praktyki dydaktyczne<\/strong>&nbsp;s\u0105 obligatoryjne dla doktorant\u00f3w rozpoczynaj\u0105cych kszta\u0142cenie w roku akad. 2024\/2025 \u2013 polegaj\u0105 one na prowadzeniu lub wsp\u00f3\u0142prowadzeniu zaj\u0119\u0107 dydaktycznych ze studentami. Mog\u0105 by\u0107 realizowane przez Doktoranta dopiero po ocenie \u015br\u00f3dokresowej, czyli na III i IV roku kszta\u0142cenia. Informacja o zaplanowanych zaj\u0119ciach powinna znale\u017a\u0107 si\u0119 w IPB. \u0141\u0105czny wymiar zaj\u0119\u0107 nie mo\u017ce przekroczy\u0107 60 godzin dydaktycznych w toku kszta\u0142cenia.<\/p>\n\n\n\r\n<div class=\"\">\r\n\r\n\r\n<div class=\"row\">\r\n\r\n  \r\n<div class=\"col-xl-12 col-lg-12 col-md-12 col-sm-12 \">\r\n\t\t<div class=\"download_detils\">\r\n\t\t\t<a href=\"https:\/\/szkoladoktorska.uksw.edu.pl\/wp-content\/uploads\/sites\/29\/2026\/02\/Szk-Dokt-Plan-sem-letni-2025-26_v2.pdf\"  title=\"Plan zaj\u0119\u0107 2025_2026 semestr letni\" download >\r\n\t\t\t<img decoding=\"async\" src=\"https:\/\/szkoladoktorska.uksw.edu.pl\/wp-content\/themes\/uksw\/images\/import.svg\" alt=\"\"> Plan zaj\u0119\u0107 2025_2026 semestr letni [PDF,  0.24 MB]<\/a>\r\n\t\t<\/div>\r\n<\/div>\r\n\r\n\r\n\t\t\r\n<div class=\"col-xl-12 col-lg-12 col-md-12 col-sm-12 \">\r\n\t\t<div class=\"download_detils\">\r\n\t\t\t<a href=\"https:\/\/szkoladoktorska.uksw.edu.pl\/wp-content\/uploads\/sites\/29\/2025\/08\/SzD-Plan-sem-zimowy-2025-26.pdf\"  target=\"_blank\" >\r\n\t\t\t<img decoding=\"async\" src=\"https:\/\/szkoladoktorska.uksw.edu.pl\/wp-content\/themes\/uksw\/images\/import.svg\" alt=\"\"> PLAN ZAJ\u0118\u0106 2025_26 semestr zimowy [PDF,  0.16 MB]<\/a>\r\n\t\t<\/div>\r\n<\/div>\r\n\r\n\r\n\t\t\r\n\t\t \r\n\r\n<\/div>\r\n<\/div>\r\n<div class=\"space20\"><\/div>\r\n\r\n","protected":false},"excerpt":{"rendered":"<p>Kszta\u0142cenie w Szkole Doktorskiej UKSW ma charakter interdyscyplinarny. Program kszta\u0142cenia&nbsp;obejmuje&nbsp;obowi\u0105zkowe zaj\u0119cia dydaktyczne: warsztaty, seminaria, konwersatoria.&nbsp;Pozosta\u0142e zaj\u0119cia uwzgl\u0119dnia si\u0119 w Indywidualnym Planie Badawczym (IPB).&nbsp; W programie kszta\u0142cenia w ci\u0105gu 3 lat doktoranci musz\u0105 zrealizowa\u0107&nbsp;6 przedmiot\u00f3w w ramach \u201eWyk\u0142ad\/seminarium\/konwersatorium do wyboru\u201d&nbsp;wg nast\u0119puj\u0105cego harmonogramu: Seminarium State of the art ma charakter interdyscyplinarny i jest obligatoryjne dla doktorant\u00f3w roku [&hellip;]<\/p>\n","protected":false},"author":1,"featured_media":0,"parent":3359,"menu_order":3,"comment_status":"closed","ping_status":"closed","template":"page-templates\/template-sub-page.php","meta":{"_acf_changed":false,"inline_featured_image":false,"footnotes":"","_links_to":"","_links_to_target":""},"class_list":["post-3777","page","type-page","status-publish","hentry"],"acf":[],"_links":{"self":[{"href":"https:\/\/szkoladoktorska.uksw.edu.pl\/pl\/wp-json\/wp\/v2\/pages\/3777","targetHints":{"allow":["GET"]}}],"collection":[{"href":"https:\/\/szkoladoktorska.uksw.edu.pl\/pl\/wp-json\/wp\/v2\/pages"}],"about":[{"href":"https:\/\/szkoladoktorska.uksw.edu.pl\/pl\/wp-json\/wp\/v2\/types\/page"}],"author":[{"embeddable":true,"href":"https:\/\/szkoladoktorska.uksw.edu.pl\/pl\/wp-json\/wp\/v2\/users\/1"}],"replies":[{"embeddable":true,"href":"https:\/\/szkoladoktorska.uksw.edu.pl\/pl\/wp-json\/wp\/v2\/comments?post=3777"}],"version-history":[{"count":21,"href":"https:\/\/szkoladoktorska.uksw.edu.pl\/pl\/wp-json\/wp\/v2\/pages\/3777\/revisions"}],"predecessor-version":[{"id":5660,"href":"https:\/\/szkoladoktorska.uksw.edu.pl\/pl\/wp-json\/wp\/v2\/pages\/3777\/revisions\/5660"}],"up":[{"embeddable":true,"href":"https:\/\/szkoladoktorska.uksw.edu.pl\/pl\/wp-json\/wp\/v2\/pages\/3359"}],"wp:attachment":[{"href":"https:\/\/szkoladoktorska.uksw.edu.pl\/pl\/wp-json\/wp\/v2\/media?parent=3777"}],"curies":[{"name":"wp","href":"https:\/\/api.w.org\/{rel}","templated":true}]}}