{"id":3778,"date":"2022-11-17T09:05:03","date_gmt":"2022-11-17T08:05:03","guid":{"rendered":"https:\/\/jednostki.uksw.edu.pl\/szkoladoktorska\/doktorant-2\/stypendium-doktoranckie\/"},"modified":"2025-06-04T08:24:46","modified_gmt":"2025-06-04T06:24:46","slug":"stypendium-doktoranckie","status":"publish","type":"page","link":"https:\/\/szkoladoktorska.uksw.edu.pl\/doktorant\/stypendium-doktoranckie\/","title":{"rendered":"Stypendium doktoranckie"},"content":{"rendered":"\n<p><strong>Doktoranci, kt\u00f3rzy nie posiadaj\u0105 stopnia doktora, otrzymuj\u0105 stypendium doktoranckie.<\/strong><\/p>\n\n\n\n<p><strong>Wysoko\u015b\u0107 miesi\u0119cznego stypendium doktoranckiego<\/strong>&nbsp;wynosi co najmniej:<\/p>\n\n\n\n<ul class=\"wp-block-list\">\n<li>37% wynagrodzenia profesora \u2013 wyp\u0142acana do miesi\u0105ca, w kt\u00f3rym zosta\u0142a przeprowadzona ocena \u015br\u00f3dokresowa (kwota stypendium\u00a0<strong>3 466,90 z\u0142 brutto<\/strong>),\u00a0<\/li>\n\n\n\n<li>57% wynagrodzenia profesora \u2013 wyp\u0142acana po miesi\u0105cu, w kt\u00f3rym zosta\u0142a przeprowadzona ocena \u015br\u00f3dokresowa (kwota stypendium\u00a0<strong>5 340,90 z\u0142 brutto)<\/strong>.<\/li>\n<\/ul>\n\n\n\n<p>Doktorant posiadaj\u0105cy orzeczenie o niepe\u0142nosprawno\u015bci, orzeczenie o stopniu niepe\u0142nosprawno\u015bci albo orzeczenie, o kt\u00f3rym mowa w art. 5 oraz art. 62 ustawy z dnia 27 sierpnia 1997 r. o rehabilitacji zawodowej i spo\u0142ecznej oraz zatrudnianiu os\u00f3b niepe\u0142nosprawnych, otrzymuje <strong>stypendium doktoranckie w wysoko\u015bci zwi\u0119kszonej o 30 % kwoty wskazanej w ust. 4 pkt 1.<\/strong>&nbsp;Ustawy z dnia 20 lipca 2018 r. \u2013 Prawo o szkolnictwie wy\u017cszym i nauce.<\/p>\n\n\n\n<p>Dodatkowo, doktorant ma\u00a0<strong>prawo do zwi\u0119kszenia stypendium doktoranckiego w wysoko\u015bci 15%<\/strong> w przypadku otrzymania mi\u0119dzynarodowego wyr\u00f3\u017cnienia lub zdobycia innego wybitnego osi\u0105gni\u0119cia mi\u0119dzynarodowego wp\u0142ywaj\u0105cego na pozycj\u0119 mi\u0119dzynarodow\u0105 Uniwersytetu. Takie zwi\u0119kszenie przys\u0142uguje na okres nie d\u0142u\u017cszy ni\u017c 2 lata.<\/p>\n\n\n\n<p>Zgodnie z art. 209 ust. 8 Ustawy z dnia 20 lipca 2018 r. \u2013 Prawo o szkolnictwie wy\u017cszym i nauce&nbsp;<strong>doktorant, kt\u00f3ry z\u0142o\u017cy\u0142 rozpraw\u0119 doktorsk\u0105 w terminie wcze\u015bniejszym ni\u017c termin uko\u0144czenia kszta\u0142cenia przewidziany w programie kszta\u0142cenia, otrzymuje stypendium doktoranckie do dnia, w kt\u00f3rym up\u0142ywa termin uko\u0144czenia kszta\u0142cenia, jednak nie d\u0142u\u017cej ni\u017c przez 6 miesi\u0119cy<\/strong>.<\/p>\n\n\n\n<p><strong>\u0141\u0105czny okres<\/strong>&nbsp;otrzymywania stypendium doktoranckiego w szko\u0142ach doktorskich&nbsp;<strong>nie mo\u017ce przekroczy\u0107 4 lat<\/strong>.<\/p>\n\n\n\n<p>Doktoranci UKSW maj\u0105 mo\u017cliwo\u015b\u0107 ubiegania si\u0119 o miejsce w domu studenckim, tak\u017ce wsp\u00f3\u0142ma\u0142\u017conk\u00f3w i dzieci oraz ubiegania si\u0119 o kredyt studencki. W tym zakresie nale\u017cy kontaktowa\u0107 si\u0119 w&nbsp;<strong><a href=\"https:\/\/dpm.uksw.edu.pl\/\">Dzia\u0142em Pomocy Materialnej dla Student\u00f3w<\/a><\/strong>&nbsp;lub&nbsp;<strong><a href=\"https:\/\/cws.uksw.edu.pl\/\">Centrum Wsparcia Studenta<\/a><\/strong>.<\/p>\n","protected":false},"excerpt":{"rendered":"<p>Doktoranci, kt\u00f3rzy nie posiadaj\u0105 stopnia doktora, otrzymuj\u0105 stypendium doktoranckie. Wysoko\u015b\u0107 miesi\u0119cznego stypendium doktoranckiego&nbsp;wynosi co najmniej: Doktorant posiadaj\u0105cy orzeczenie o niepe\u0142nosprawno\u015bci, orzeczenie o stopniu niepe\u0142nosprawno\u015bci albo orzeczenie, o kt\u00f3rym mowa w art. 5 oraz art. 62 ustawy z dnia 27 sierpnia 1997 r. o rehabilitacji zawodowej i spo\u0142ecznej oraz zatrudnianiu os\u00f3b niepe\u0142nosprawnych, otrzymuje stypendium doktoranckie w [&hellip;]<\/p>\n","protected":false},"author":1,"featured_media":0,"parent":3359,"menu_order":4,"comment_status":"closed","ping_status":"closed","template":"page-templates\/template-sub-page.php","meta":{"_acf_changed":false,"inline_featured_image":false,"footnotes":"","_links_to":"","_links_to_target":""},"class_list":["post-3778","page","type-page","status-publish","hentry"],"acf":[],"_links":{"self":[{"href":"https:\/\/szkoladoktorska.uksw.edu.pl\/pl\/wp-json\/wp\/v2\/pages\/3778","targetHints":{"allow":["GET"]}}],"collection":[{"href":"https:\/\/szkoladoktorska.uksw.edu.pl\/pl\/wp-json\/wp\/v2\/pages"}],"about":[{"href":"https:\/\/szkoladoktorska.uksw.edu.pl\/pl\/wp-json\/wp\/v2\/types\/page"}],"author":[{"embeddable":true,"href":"https:\/\/szkoladoktorska.uksw.edu.pl\/pl\/wp-json\/wp\/v2\/users\/1"}],"replies":[{"embeddable":true,"href":"https:\/\/szkoladoktorska.uksw.edu.pl\/pl\/wp-json\/wp\/v2\/comments?post=3778"}],"version-history":[{"count":6,"href":"https:\/\/szkoladoktorska.uksw.edu.pl\/pl\/wp-json\/wp\/v2\/pages\/3778\/revisions"}],"predecessor-version":[{"id":5087,"href":"https:\/\/szkoladoktorska.uksw.edu.pl\/pl\/wp-json\/wp\/v2\/pages\/3778\/revisions\/5087"}],"up":[{"embeddable":true,"href":"https:\/\/szkoladoktorska.uksw.edu.pl\/pl\/wp-json\/wp\/v2\/pages\/3359"}],"wp:attachment":[{"href":"https:\/\/szkoladoktorska.uksw.edu.pl\/pl\/wp-json\/wp\/v2\/media?parent=3778"}],"curies":[{"name":"wp","href":"https:\/\/api.w.org\/{rel}","templated":true}]}}