{"id":3779,"date":"2022-11-17T09:05:03","date_gmt":"2022-11-17T08:05:03","guid":{"rendered":"https:\/\/jednostki.uksw.edu.pl\/szkoladoktorska\/doktorant-2\/ubezpieczenie\/"},"modified":"2025-06-04T08:25:06","modified_gmt":"2025-06-04T06:25:06","slug":"ubezpieczenie","status":"publish","type":"page","link":"https:\/\/szkoladoktorska.uksw.edu.pl\/doktorant\/ubezpieczenie\/","title":{"rendered":"Ubezpieczenie"},"content":{"rendered":"\n<p>Doktoranci pobieraj\u0105cy stypendium doktoranckie, s\u0105 obj\u0119ci\u00a0<strong>obowi\u0105zkowym ubezpieczeniem emerytalnym i\u00a0rentowym oraz wypadkowym.<\/strong> <strong>Doktoranci s\u0105 zg\u0142aszani do ubezpieczania zdrowotnego w pierwszej kolejno\u015bci przez:<\/strong><\/p>\n\n\n\n<ul class=\"wp-block-list\">\n<li>rodzic\u00f3w (je\u017celi nie pracuj\u0105 i nie prowadz\u0105 dzia\u0142alno\u015bci gospodarczej) do uko\u0144\u00adcze\u00adnia 26 roku \u017cycia,<\/li>\n\n\n\n<li>pracuj\u0105cego ma\u0142\u017conka,<\/li>\n\n\n\n<li>pracodawc\u0119 (je\u017celi s\u0105 zatrudnieni na umow\u0119 o prac\u0119, umow\u0119 zlecenie),<\/li>\n\n\n\n<li>samodzielnie (je\u017celi prowadz\u0105 dzia\u0142alno\u015b\u0107 gospodarcz\u0105).<\/li>\n<\/ul>\n\n\n\n<p><strong>Po uko\u0144czeniu 26 roku \u017cycia doktorant, kt\u00f3ry nie podlega ubezpieczeniu zdrowotnemu z innego tytu\u0142u, zostaje zg\u0142oszony do ubezpieczenia przez Uczelni\u0119.<\/strong><\/p>\n\n\n\n<p><strong>Ubezpieczenie nast\u0119puje na wniosek doktoranta<\/strong>&nbsp;\u2013 na podstawie z\u0142o\u017conego bez zb\u0119dnej zw\u0142oki w Biurze Szko\u0142y Doktorskiej UKSW&nbsp;<a href=\"https:\/\/szkoladoktorska.uksw.edu.pl\/wp-content\/uploads\/sites\/29\/2022\/11\/Oswiadczenie_Doktoranta_UKSW_2021-2022.pdf\" data-type=\"URL\" data-id=\"https:\/\/szkoladoktorska.uksw.edu.pl\/wp-content\/uploads\/sites\/29\/2022\/11\/Oswiadczenie_Doktoranta_UKSW_2021-2022.pdf\"><strong>O\u015bwiadczenia Doktoranta UKSW<\/strong>.<\/a><\/p>\n","protected":false},"excerpt":{"rendered":"<p>Doktoranci pobieraj\u0105cy stypendium doktoranckie, s\u0105 obj\u0119ci\u00a0obowi\u0105zkowym ubezpieczeniem emerytalnym i\u00a0rentowym oraz wypadkowym. Doktoranci s\u0105 zg\u0142aszani do ubezpieczania zdrowotnego w pierwszej kolejno\u015bci przez: Po uko\u0144czeniu 26 roku \u017cycia doktorant, kt\u00f3ry nie podlega ubezpieczeniu zdrowotnemu z innego tytu\u0142u, zostaje zg\u0142oszony do ubezpieczenia przez Uczelni\u0119. Ubezpieczenie nast\u0119puje na wniosek doktoranta&nbsp;\u2013 na podstawie z\u0142o\u017conego bez zb\u0119dnej zw\u0142oki w Biurze Szko\u0142y [&hellip;]<\/p>\n","protected":false},"author":1,"featured_media":0,"parent":3359,"menu_order":5,"comment_status":"closed","ping_status":"closed","template":"page-templates\/template-sub-page.php","meta":{"_acf_changed":false,"inline_featured_image":false,"footnotes":"","_links_to":"","_links_to_target":""},"class_list":["post-3779","page","type-page","status-publish","hentry"],"acf":[],"_links":{"self":[{"href":"https:\/\/szkoladoktorska.uksw.edu.pl\/pl\/wp-json\/wp\/v2\/pages\/3779","targetHints":{"allow":["GET"]}}],"collection":[{"href":"https:\/\/szkoladoktorska.uksw.edu.pl\/pl\/wp-json\/wp\/v2\/pages"}],"about":[{"href":"https:\/\/szkoladoktorska.uksw.edu.pl\/pl\/wp-json\/wp\/v2\/types\/page"}],"author":[{"embeddable":true,"href":"https:\/\/szkoladoktorska.uksw.edu.pl\/pl\/wp-json\/wp\/v2\/users\/1"}],"replies":[{"embeddable":true,"href":"https:\/\/szkoladoktorska.uksw.edu.pl\/pl\/wp-json\/wp\/v2\/comments?post=3779"}],"version-history":[{"count":6,"href":"https:\/\/szkoladoktorska.uksw.edu.pl\/pl\/wp-json\/wp\/v2\/pages\/3779\/revisions"}],"predecessor-version":[{"id":4497,"href":"https:\/\/szkoladoktorska.uksw.edu.pl\/pl\/wp-json\/wp\/v2\/pages\/3779\/revisions\/4497"}],"up":[{"embeddable":true,"href":"https:\/\/szkoladoktorska.uksw.edu.pl\/pl\/wp-json\/wp\/v2\/pages\/3359"}],"wp:attachment":[{"href":"https:\/\/szkoladoktorska.uksw.edu.pl\/pl\/wp-json\/wp\/v2\/media?parent=3779"}],"curies":[{"name":"wp","href":"https:\/\/api.w.org\/{rel}","templated":true}]}}