{"id":3780,"date":"2022-11-17T09:05:04","date_gmt":"2022-11-17T08:05:04","guid":{"rendered":"https:\/\/jednostki.uksw.edu.pl\/szkoladoktorska\/doktorant-2\/indywidualny-plan-badawczy\/"},"modified":"2026-01-25T15:22:59","modified_gmt":"2026-01-25T14:22:59","slug":"indywidualny-plan-badawczy","status":"publish","type":"page","link":"https:\/\/szkoladoktorska.uksw.edu.pl\/doktorant\/indywidualny-plan-badawczy\/","title":{"rendered":"Indywidualny Plan Badawczy"},"content":{"rendered":"\n<p><strong>Indywidualny Plan Badawczy (IPB)<\/strong>&nbsp;jest opracowywany przez doktoranta w porozumieniu z promotorem lub promotorami.<\/p>\n\n\n\n<p>Doktorant  jest zobligowany do przygotowania IPB w terminie&nbsp;<strong>12 miesi\u0119cy od dnia rozpocz\u0119cia kszta\u0142cenia<\/strong>&nbsp;w Szkole Doktorskiej UKSW oraz przed\u0142o\u017cenia go do weryfikacji formalnej Dyrektorowi Szko\u0142y oraz do zaopiniowania Radzie Szko\u0142y.<\/p>\n\n\n\n<p><strong>UWAGA: Doktoranci kszta\u0142c\u0105cy si\u0119 od roku 2024\/2025 sk\u0142adaj\u0105 Indywidualny Plan Badawczy (IPB) wed\u0142ug nowego wzoru (patrz poni\u017cej)<\/strong><\/p>\n\n\n\n<p>IPB zatwierdza Rada Dyscypliny, w kt\u00f3rej doktorant przygotowuje rozpraw\u0119 doktorsk\u0105.<\/p>\n\n\n\n<p><strong>W IPB okre\u015bla si\u0119:<\/strong><\/p>\n\n\n\n<ul class=\"wp-block-list\">\n<li>zakres zaj\u0119\u0107 przewidzianych do zaliczenia w toku kszta\u0142cenia,<\/li>\n\n\n\n<li>termin i tematyk\u0119 zg\u0142oszenia do druku co najmniej dw\u00f3ch artyku\u0142\u00f3w naukowych do czasopism obj\u0119tych wykazem Ministra Nauki i Szkolnictwa Wy\u017cszego lub jednej monografii naukowej do wydawnictwa obj\u0119tego wykazem Ministra Nauki i Szkolnictwa Wy\u017cszego,<\/li>\n\n\n\n<li>termin z\u0142o\u017cenia wniosku o zewn\u0119trzne finansowanie bada\u0144 naukowych doktoranta, nie p\u00f3\u017aniej jednak ni\u017c przed ocen\u0105 \u015br\u00f3dokresow\u0105 (<strong>uwaga<\/strong>: <em>kategoria nieobligatoryjna dla doktorant\u00f3w  kszta\u0142c\u0105cych si\u0119 od roku 2024\/2025<\/em>),<\/li>\n\n\n\n<li>zadania badawcze niezb\u0119dne do realizacji projektu naukowego dotycz\u0105cego przygotowywanej rozprawy doktorskiej oraz inne aktywno\u015bci naukowe zwi\u0105zane z krajow\u0105 lub mi\u0119dzynarodow\u0105 mobilno\u015bci\u0105 doktoranta,<\/li>\n\n\n\n<li>terminy zwi\u0105zane z procedur\u0105 doktoryzowania, w tym termin z\u0142o\u017cenia rozprawy doktorskiej. <\/li>\n\n\n\n<li>W dyscyplinach podlegaj\u0105cych zwierzchno\u015bci ko\u015bcielnej (nauki teologiczne, prawo kanoniczne) uwzgl\u0119dnia si\u0119 postanowienia Konstytucji Apostolskiej&nbsp;<em>Veritatis gaudium<\/em>.<\/li>\n<\/ul>\n\n\n\n<p>Z zachowaniem powy\u017cszych punkt\u00f3w&nbsp;<strong>IPB mo\u017ce okre\u015bla\u0107 dodatkowo<\/strong>:<\/p>\n\n\n\n<ul class=\"wp-block-list\">\n<li>obowi\u0105zek odbycia zaj\u0119\u0107 z dodatkowego j\u0119zyka obcego,<\/li>\n\n\n\n<li>wymiar praktyk zawodowych w formie prowadzenia zaj\u0119\u0107 lub uczestniczenia w ich prowadzeniu, kt\u00f3re doktorant odb\u0119dzie w ramach Wydzia\u0142u lub Instytutu w wymiarze nieprzekraczaj\u0105cym 60 godzin dydaktycznych w toku kszta\u0142cenia, nie szybciej jednak ni\u017c po ocenie \u015br\u00f3dokresowej (<strong>uwaga<\/strong>: p<em>raktyki dydaktyczne s\u0105 obowi\u0105zkowe dla doktorant\u00f3w kszta\u0142c\u0105cych si\u0119 od roku 2024\/2025<\/em>),<\/li>\n\n\n\n<li>inne zadania i aktywno\u015bci doktoranta zwi\u0105zane z przygotowywan\u0105 rozpraw\u0105 doktorsk\u0105, w tym dzia\u0142alno\u015b\u0107 na rzecz Uniwersytetu, Szko\u0142y Doktorskiej, Wydzia\u0142u lub Instytutu.<\/li>\n<\/ul>\n\n\n\n<p>Zgodnie z \u00a7 27 ust. 3 pkt 1 Regulaminu Szko\u0142y Doktorskiej UKSW,&nbsp;<strong>niez\u0142o\u017cenie w terminie indywidualnego planu badawczego, mo\u017ce skutkowa\u0107 skre\u015bleniem z listy doktorant\u00f3w<\/strong>.<\/p>\n\n\n\n<p><\/p>\n\n\n\r\n<div class=\"\">\r\n\r\n\r\n<div class=\"row\">\r\n\r\n  \r\n<div class=\"col-xl-12 col-lg-12 col-md-12 col-sm-12 \">\r\n\t\t<div class=\"download_detils\">\r\n\t\t\t<a href=\"https:\/\/szkoladoktorska.uksw.edu.pl\/wp-content\/uploads\/sites\/29\/2025\/06\/Decyzja-nr2_2025-Dyrektora-SzD-UKSW.pdf\"  target=\"_blank\" >\r\n\t\t\t<img decoding=\"async\" src=\"https:\/\/szkoladoktorska.uksw.edu.pl\/wp-content\/themes\/uksw\/images\/import.svg\" alt=\"\"> Decyzja nr2 \/2025 Dyrektora Szko\u0142y Doktorskiej UKSW z dnia 9 czerwca 2025 [PDF,  0.06 MB]<\/a>\r\n\t\t<\/div>\r\n<\/div>\r\n\r\n\r\n\t\t\r\n<div class=\"col-xl-12 col-lg-12 col-md-12 col-sm-12 \">\r\n\t\t<div class=\"download_detils\">\r\n\t\t\t<a href=\"https:\/\/szkoladoktorska.uksw.edu.pl\/wp-content\/uploads\/sites\/29\/2025\/06\/wzor-IPB-SzD-zal.-do-decyzji-nr-2-Dyrektora-SzD.docx\"  target=\"_blank\" >\r\n\t\t\t<img decoding=\"async\" src=\"https:\/\/szkoladoktorska.uksw.edu.pl\/wp-content\/themes\/uksw\/images\/import.svg\" alt=\"\"> Indywidualny Plan Badawczy (IPB) &#8211; wz\u00f3r dla doktorant\u00f3w rozpoczynaj\u0105cych\nkszta\u0142cenie od roku 2024\/2025 [DOCX,  0.23 MB]<\/a>\r\n\t\t<\/div>\r\n<\/div>\r\n\r\n\r\n\t\t\r\n<div class=\"col-xl-12 col-lg-12 col-md-12 col-sm-12 \">\r\n\t\t<div class=\"download_detils\">\r\n\t\t\t<a href=\"https:\/\/szkoladoktorska.uksw.edu.pl\/wp-content\/uploads\/sites\/29\/2022\/11\/D_3_2020_IndywidualnyPlanBadawczy.pdf\"  target=\"_blank\" >\r\n\t\t\t<img decoding=\"async\" src=\"https:\/\/szkoladoktorska.uksw.edu.pl\/wp-content\/themes\/uksw\/images\/import.svg\" alt=\"\"> Decyzja Nr 3\/2020 Dyrektora Szko\u0142y Doktorskiej Uniwersytetu Kardyna\u0142a Stefana\nWyszy\u0144skiego w Warszawie z dnia 30 kwietnia 2020 r. w sprawie ustalenia wzoru\nindywidualnego planu badawczego obowi\u0105zuj\u0105cego w Szkole Doktorskiej\nUniwersytetu Kardyna\u0142a Stefana Wyszy\u0144skiego w Warszawie [PDF,  0.10 MB]<\/a>\r\n\t\t<\/div>\r\n<\/div>\r\n\r\n\r\n\t\t\r\n<div class=\"col-xl-12 col-lg-12 col-md-12 col-sm-12 \">\r\n\t\t<div class=\"download_detils\">\r\n\t\t\t<a href=\"https:\/\/szkoladoktorska.uksw.edu.pl\/wp-content\/uploads\/sites\/29\/2022\/11\/Zal-1_-D_3_2020-wzor-IPB.pdf\"  target=\"_blank\" >\r\n\t\t\t<img decoding=\"async\" src=\"https:\/\/szkoladoktorska.uksw.edu.pl\/wp-content\/themes\/uksw\/images\/import.svg\" alt=\"\"> Indywidualny Plan Badawczy \u2013 wz\u00f3r dokumentu [PDF,  0.28 MB]<\/a>\r\n\t\t<\/div>\r\n<\/div>\r\n\r\n\r\n\t\t\r\n\t\t \r\n\r\n<\/div>\r\n<\/div>\r\n<div class=\"space20\"><\/div>\r\n\r\n","protected":false},"excerpt":{"rendered":"<p>Indywidualny Plan Badawczy (IPB)&nbsp;jest opracowywany przez doktoranta w porozumieniu z promotorem lub promotorami. Doktorant jest zobligowany do przygotowania IPB w terminie&nbsp;12 miesi\u0119cy od dnia rozpocz\u0119cia kszta\u0142cenia&nbsp;w Szkole Doktorskiej UKSW oraz przed\u0142o\u017cenia go do weryfikacji formalnej Dyrektorowi Szko\u0142y oraz do zaopiniowania Radzie Szko\u0142y. UWAGA: Doktoranci kszta\u0142c\u0105cy si\u0119 od roku 2024\/2025 sk\u0142adaj\u0105 Indywidualny Plan Badawczy (IPB) wed\u0142ug [&hellip;]<\/p>\n","protected":false},"author":1,"featured_media":0,"parent":3359,"menu_order":6,"comment_status":"closed","ping_status":"closed","template":"page-templates\/template-sub-page.php","meta":{"_acf_changed":false,"inline_featured_image":false,"footnotes":"","_links_to":"","_links_to_target":""},"class_list":["post-3780","page","type-page","status-publish","hentry"],"acf":[],"_links":{"self":[{"href":"https:\/\/szkoladoktorska.uksw.edu.pl\/pl\/wp-json\/wp\/v2\/pages\/3780","targetHints":{"allow":["GET"]}}],"collection":[{"href":"https:\/\/szkoladoktorska.uksw.edu.pl\/pl\/wp-json\/wp\/v2\/pages"}],"about":[{"href":"https:\/\/szkoladoktorska.uksw.edu.pl\/pl\/wp-json\/wp\/v2\/types\/page"}],"author":[{"embeddable":true,"href":"https:\/\/szkoladoktorska.uksw.edu.pl\/pl\/wp-json\/wp\/v2\/users\/1"}],"replies":[{"embeddable":true,"href":"https:\/\/szkoladoktorska.uksw.edu.pl\/pl\/wp-json\/wp\/v2\/comments?post=3780"}],"version-history":[{"count":21,"href":"https:\/\/szkoladoktorska.uksw.edu.pl\/pl\/wp-json\/wp\/v2\/pages\/3780\/revisions"}],"predecessor-version":[{"id":5650,"href":"https:\/\/szkoladoktorska.uksw.edu.pl\/pl\/wp-json\/wp\/v2\/pages\/3780\/revisions\/5650"}],"up":[{"embeddable":true,"href":"https:\/\/szkoladoktorska.uksw.edu.pl\/pl\/wp-json\/wp\/v2\/pages\/3359"}],"wp:attachment":[{"href":"https:\/\/szkoladoktorska.uksw.edu.pl\/pl\/wp-json\/wp\/v2\/media?parent=3780"}],"curies":[{"name":"wp","href":"https:\/\/api.w.org\/{rel}","templated":true}]}}