{"id":3782,"date":"2022-11-17T09:05:05","date_gmt":"2022-11-17T08:05:05","guid":{"rendered":"https:\/\/jednostki.uksw.edu.pl\/szkoladoktorska\/doktorant-2\/seminarium-state-of-the-art\/"},"modified":"2026-03-12T17:51:39","modified_gmt":"2026-03-12T16:51:39","slug":"seminarium-state-of-the-art","status":"publish","type":"page","link":"https:\/\/szkoladoktorska.uksw.edu.pl\/doktorant\/seminarium-state-of-the-art\/","title":{"rendered":"Seminarium State of the art"},"content":{"rendered":"\n<p><strong><a href=\"https:\/\/szkoladoktorska.uksw.edu.pl\/wp-content\/uploads\/sites\/29\/2026\/01\/Zalacznik-do-uchwaly-nr-2.2025.2026-Rady-SzD-UKSW-z-dnia-22-grudnia-2025-w-sprawie-okreslania-zasad-zaliczenia-seminarium-State-of-the-Art-wersja-do-podpisu.pdf\" data-type=\"link\" data-id=\"https:\/\/szkoladoktorska.uksw.edu.pl\/wp-content\/uploads\/sites\/29\/2026\/01\/Zalacznik-do-uchwaly-nr-2.2025.2026-Rady-SzD-UKSW-z-dnia-22-grudnia-2025-w-sprawie-okreslania-zasad-zaliczenia-seminarium-State-of-the-Art-wersja-do-podpisu.pdf\">Seminarium State of the art<\/a><\/strong>&nbsp;jest przedmiotem wynikaj\u0105cym z&nbsp;<strong><a href=\"https:\/\/szkoladoktorska.uksw.edu.pl\/wp-content\/uploads\/sites\/29\/2025\/12\/1735557382_zal-do-u-299-2024-11.pdf\" data-type=\"link\" data-id=\"https:\/\/szkoladoktorska.uksw.edu.pl\/wp-content\/uploads\/sites\/29\/2025\/12\/1735557382_zal-do-u-299-2024-11.pdf\">programu kszta\u0142cenia<\/a>&nbsp;<\/strong>w Szkole Doktorskiej UKSW, do kt\u00f3rego zaliczenia zobligowany jest ka\u017cdy doktorant kszta\u0142c\u0105cy si\u0119 w Szkole Doktorskiej UKSW.<\/p>\n\n\n\n<p><strong>Seminarium<\/strong> odbywa si\u0119 w ramach wsp\u00f3lnych zaj\u0119\u0107 dla doktorant\u00f3w drugiego roku oraz w ramach grup seminaryjnych  reprezentuj\u0105cych dyscypliny naukowe dla doktorant\u00f3w trzeciego roku.<\/p>\n\n\n\n<p>Prezentacja przygotowana przez doktoranta drugiego roku obejmuje wyst\u0105pienie trwaj\u0105ce nie wi\u0119cej ni\u017c 15 minut, w kt\u00f3rym doktorant przedstawia kluczowe zagadnienia zwi\u0105zane ze swoj\u0105 rozpraw\u0105 doktorsk\u0105 lub wybrany problem badawczy rozprawy.<\/p>\n\n\n\n<p>Prezentacja przygotowana przez doktoranta trzeciego roku obejmuje trwaj\u0105ce nie wi\u0119cej ni\u017c 30 minut szczeg\u00f3\u0142owe om\u00f3wienie projektu rozprawy doktorskiej i poziomu jego realizacji<\/p>\n\n\n\n<p>W seminarium doktorant\u00f3w trzeciego roku mog\u0105 uczestniczy\u0107 pozostali cz\u0142onkowie spo\u0142eczno\u015bci akademickiej UKSW, w szczeg\u00f3lno\u015bci doktoranci i m\u0142odzi naukowcy oraz osoby zaproszone przez doktoranta lub osoby odpowiedzialne za kszta\u0142cenie w Szkole Doktorskiej UKSW.<\/p>\n\n\n\n<p>Seminarium doktorant\u00f3w trzeciego roku sk\u0142ada si\u0119 z dw\u00f3ch cz\u0119\u015bci:<\/p>\n\n\n\n<ul class=\"wp-block-list\">\n<li>jawnej (wyst\u0105pienie doktoranta, odpowiedzi doktoranta na zadawane pytania, otwarta dyskusja),<\/li>\n\n\n\n<li>niejawnej (dyskusja cz\u0142onk\u00f3w Komisji Oceniaj\u0105cej, ustalenie oceny seminarium).<\/li>\n<\/ul>\n\n\n\n<p><strong>Wyst\u0105pienie doktoranta<\/strong>&nbsp;powinno spe\u0142nia\u0107 nast\u0119puj\u0105ce warunki:<\/p>\n\n\n\n<ul class=\"wp-block-list\">\n<li>powinno by\u0107 oparte na aktualnej literaturze na dany temat, poddanej krytycznej i refleksyjnej analizie,<\/li>\n\n\n\n<li>podczas wyst\u0105pienia powinna zosta\u0107 zaproponowana synteza aktualnej wiedzy, z elementami autorskimi w proponowanej syntezie,<\/li>\n\n\n\n<li>wyst\u0105pienie powinno by\u0107 przygotowane w taki spos\u00f3b, aby by\u0142o zrozumia\u0142e zar\u00f3wno dla przedstawicieli danej dyscypliny, jak r\u00f3wnie\u017c innych dyscyplin naukowych.<\/li>\n<\/ul>\n\n\n\n<p><\/p>\n\n\n\n<ul class=\"wp-block-list\">\n<li><strong>Kryteria oceny wyst\u0105pienia doktoranta<\/strong>&nbsp;podczas seminarium <em>State of the art<\/em>:<\/li>\n\n\n\n<li>aktualno\u015b\u0107 literatury, poprawno\u015b\u0107 zaprezentowania aktualnego stanu wiedzy oraz elementy autorskie w zaprezentowanej syntezie,<\/li>\n\n\n\n<li>komunikatywno\u015b\u0107 wyst\u0105pienia dla przedstawicieli zar\u00f3wno danej dyscypliny, jak i innych dyscyplin,<\/li>\n\n\n\n<li>udzia\u0142 w dyskusji.<\/li>\n<\/ul>\n\n\n\n<p>Doktorant roku trzeciego, kt\u00f3ry z uzasadnionych powod\u00f3w nie stawi\u0142 si\u0119 na wyznaczone wcze\u015bniej posiedzenie Komisji Oceniaj\u0105cej mo\u017ce zwr\u00f3ci\u0107 si\u0119 do Dyrektora Szko\u0142y Doktorskiej o wyznaczenie nowego terminu.<\/p>\n\n\n\n<h2 class=\"wp-block-heading\"><a href=\"https:\/\/szkoladoktorska.uksw.edu.pl\/wp-content\/uploads\/sites\/29\/2026\/01\/Zalacznik-do-uchwaly-nr-2.2025.2026-Rady-SzD-UKSW-z-dnia-22-grudnia-2025-w-sprawie-okreslania-zasad-zaliczenia-seminarium-State-of-the-Art-wersja-do-podpisu.pdf\" data-type=\"link\" data-id=\"https:\/\/szkoladoktorska.uksw.edu.pl\/wp-content\/uploads\/sites\/29\/2026\/01\/Zalacznik-do-uchwaly-nr-2.2025.2026-Rady-SzD-UKSW-z-dnia-22-grudnia-2025-w-sprawie-okreslania-zasad-zaliczenia-seminarium-State-of-the-Art-wersja-do-podpisu.pdf\">Seminarium<em>&nbsp;State of the art<\/em>&nbsp;w roku akademickim 2025\/2026<\/a><\/h2>\n\n\n\n<p><\/p>\n\n\n\n<p>Doktorant 3 roku kszta\u0142cenia  do 10 lutego sk\u0142ada do w\u0142a\u015bciwego kierownika \u015bcie\u017cki kszta\u0142cenia&nbsp;<strong>Wniosek o przeprowadzenie seminarium <em>State of the art.<\/em><\/strong><\/p>\n\n\n\r\n<div class=\"\">\r\n\r\n\r\n<div class=\"row\">\r\n\r\n  \r\n<div class=\"col-xl-12 col-lg-12 col-md-12 col-sm-12 \">\r\n\t\t<div class=\"download_detils\">\r\n\t\t\t<a href=\"https:\/\/szkoladoktorska.uksw.edu.pl\/wp-content\/uploads\/sites\/29\/2026\/01\/Wniosek_state-of-the-art-2025_2026.pdf\"  title=\"Wniosek state of the art\" download >\r\n\t\t\t<img decoding=\"async\" src=\"https:\/\/szkoladoktorska.uksw.edu.pl\/wp-content\/themes\/uksw\/images\/import.svg\" alt=\"\"> Wniosek state of the art [PDF,  0.26 MB]<\/a>\r\n\t\t<\/div>\r\n<\/div>\r\n\r\n\r\n\t\t\r\n<div class=\"col-xl-12 col-lg-12 col-md-12 col-sm-12 \">\r\n\t\t<div class=\"download_detils\">\r\n\t\t\t<a href=\"https:\/\/szkoladoktorska.uksw.edu.pl\/wp-content\/uploads\/sites\/29\/2026\/01\/Wniosek_state-of-the-art-2025_2026.docx\"  title=\"Wniosek state of the art\" download >\r\n\t\t\t<img decoding=\"async\" src=\"https:\/\/szkoladoktorska.uksw.edu.pl\/wp-content\/themes\/uksw\/images\/import.svg\" alt=\"\"> Wniosek state of the art [DOCX,  1.52 MB]<\/a>\r\n\t\t<\/div>\r\n<\/div>\r\n\r\n\r\n\t\t\r\n\t\t \r\n\r\n<\/div>\r\n<\/div>\r\n<div class=\"space20\"><\/div>\r\n\r\n\n\n\n<p>Kierownik \u015bcie\u017cki kszta\u0142cenia przedk\u0142ada Dyrektorowi Szko\u0142y Doktorskiej UKSW zaopiniowany wniosek wraz ze sk\u0142adem komisji powo\u0142anej do oceny seminarium.<\/p>\n\n\n\n<p>Termin seminarium ustala si\u0119 w porozumieniu z doktorantem oraz promotorem.<\/p>\n\n\n\n<h2 class=\"wp-block-heading\"><br>Harmonogram seminarium<\/h2>\n\n\n\r\n<div class=\"\">\r\n\r\n\r\n<div class=\"row\">\r\n\r\n  \r\n<div class=\"col-xl-12 col-lg-12 col-md-12 col-sm-12 \">\r\n\t\t<div class=\"download_detils\">\r\n\t\t\t<a href=\"https:\/\/szkoladoktorska.uksw.edu.pl\/wp-content\/uploads\/sites\/29\/2026\/03\/Seminarium-State-of-the-Art-2025_2026-v.2.docx\"  title=\"Seminarium State of the art - harmonogram\" download >\r\n\t\t\t<img decoding=\"async\" src=\"https:\/\/szkoladoktorska.uksw.edu.pl\/wp-content\/themes\/uksw\/images\/import.svg\" alt=\"\"> Seminarium State of the art &#8211; harmonogram [DOCX,  0.03 MB]<\/a>\r\n\t\t<\/div>\r\n<\/div>\r\n\r\n\r\n\t\t\r\n\t\t \r\n\r\n<\/div>\r\n<\/div>\r\n<div class=\"space20\"><\/div>\r\n\r\n\n\n\n<h2 class=\"wp-block-heading\">Protoko\u0142y<\/h2>\n\n\n\r\n<div class=\"\">\r\n\r\n\r\n<div class=\"row\">\r\n\r\n  \r\n<div class=\"col-xl-12 col-lg-12 col-md-12 col-sm-12 \">\r\n\t\t<div class=\"download_detils\">\r\n\t\t\t<a href=\"https:\/\/szkoladoktorska.uksw.edu.pl\/wp-content\/uploads\/sites\/29\/2026\/01\/Protokol-z-posiedzienia-Komisji-Oceniajacej-Seminarium-State-of-the-art-dla-3-roku.docx\"  target=\"_blank\" >\r\n\t\t\t<img decoding=\"async\" src=\"https:\/\/szkoladoktorska.uksw.edu.pl\/wp-content\/themes\/uksw\/images\/import.svg\" alt=\"\"> Seminarium State of the art 3 rok protok\u00f3\u0142 [DOCX,  0.02 MB]<\/a>\r\n\t\t<\/div>\r\n<\/div>\r\n\r\n\r\n\t\t\r\n\t\t \r\n\r\n<\/div>\r\n<\/div>\r\n<div class=\"space20\"><\/div>\r\n\r\n\n\n\n<h2 class=\"wp-block-heading\"><\/h2>\n","protected":false},"excerpt":{"rendered":"<p>Seminarium State of the art&nbsp;jest przedmiotem wynikaj\u0105cym z&nbsp;programu kszta\u0142cenia&nbsp;w Szkole Doktorskiej UKSW, do kt\u00f3rego zaliczenia zobligowany jest ka\u017cdy doktorant kszta\u0142c\u0105cy si\u0119 w Szkole Doktorskiej UKSW. Seminarium odbywa si\u0119 w ramach wsp\u00f3lnych zaj\u0119\u0107 dla doktorant\u00f3w drugiego roku oraz w ramach grup seminaryjnych reprezentuj\u0105cych dyscypliny naukowe dla doktorant\u00f3w trzeciego roku. Prezentacja przygotowana przez doktoranta drugiego roku obejmuje [&hellip;]<\/p>\n","protected":false},"author":1,"featured_media":0,"parent":3359,"menu_order":8,"comment_status":"closed","ping_status":"closed","template":"page-templates\/template-sub-page.php","meta":{"_acf_changed":false,"inline_featured_image":false,"footnotes":"","_links_to":"","_links_to_target":""},"class_list":["post-3782","page","type-page","status-publish","hentry"],"acf":[],"_links":{"self":[{"href":"https:\/\/szkoladoktorska.uksw.edu.pl\/pl\/wp-json\/wp\/v2\/pages\/3782","targetHints":{"allow":["GET"]}}],"collection":[{"href":"https:\/\/szkoladoktorska.uksw.edu.pl\/pl\/wp-json\/wp\/v2\/pages"}],"about":[{"href":"https:\/\/szkoladoktorska.uksw.edu.pl\/pl\/wp-json\/wp\/v2\/types\/page"}],"author":[{"embeddable":true,"href":"https:\/\/szkoladoktorska.uksw.edu.pl\/pl\/wp-json\/wp\/v2\/users\/1"}],"replies":[{"embeddable":true,"href":"https:\/\/szkoladoktorska.uksw.edu.pl\/pl\/wp-json\/wp\/v2\/comments?post=3782"}],"version-history":[{"count":102,"href":"https:\/\/szkoladoktorska.uksw.edu.pl\/pl\/wp-json\/wp\/v2\/pages\/3782\/revisions"}],"predecessor-version":[{"id":5679,"href":"https:\/\/szkoladoktorska.uksw.edu.pl\/pl\/wp-json\/wp\/v2\/pages\/3782\/revisions\/5679"}],"up":[{"embeddable":true,"href":"https:\/\/szkoladoktorska.uksw.edu.pl\/pl\/wp-json\/wp\/v2\/pages\/3359"}],"wp:attachment":[{"href":"https:\/\/szkoladoktorska.uksw.edu.pl\/pl\/wp-json\/wp\/v2\/media?parent=3782"}],"curies":[{"name":"wp","href":"https:\/\/api.w.org\/{rel}","templated":true}]}}