{"id":3784,"date":"2022-11-17T09:05:06","date_gmt":"2022-11-17T08:05:06","guid":{"rendered":"https:\/\/jednostki.uksw.edu.pl\/szkoladoktorska\/doktorant-2\/przedluzenie-terminu-zlozenia-rozprawy-i-zawieszenie-ksztalcenia\/"},"modified":"2026-01-17T17:40:24","modified_gmt":"2026-01-17T16:40:24","slug":"przedluzenie-terminu-zlozenia-rozprawy-i-zawieszenie-ksztalcenia","status":"publish","type":"page","link":"https:\/\/szkoladoktorska.uksw.edu.pl\/doktorant\/przedluzenie-terminu-zlozenia-rozprawy-i-zawieszenie-ksztalcenia\/","title":{"rendered":"Przed\u0142u\u017cenie terminu z\u0142o\u017cenia rozprawy i zawieszenie kszta\u0142cenia"},"content":{"rendered":"\n<h2 class=\"wp-block-heading\">Zawieszenie kszta\u0142cenia<\/h2>\n\n\n\n<p>Zgodnie z \u00a7 14 pkt 12 i \u00a7 36 Regulaminu Szko\u0142y Doktorskiej UKSW Dyrektor Szko\u0142y, na wniosek doktoranta, zezwala na&nbsp;<strong>zawieszenie kszta\u0142cenia<\/strong>&nbsp;na okres odpowiadaj\u0105cy czasowi trwania urlopu macierzy\u0144skiego, urlopu na warunkach urlopu macierzy\u0144skiego, urlopu ojcowskiego oraz urlopu rodzicielskiego, okre\u015blonych w ustawie z dnia 26 czerwca 1974 r. \u2013 Kodeks pracy i przerw\u0119 w odbywaniu kszta\u0142cenia w razie czasowej niezdolno\u015bci do odbywania tego kszta\u0142cenia spowodowanej chorob\u0105, sprawowania osobistej opieki nad chorym cz\u0142onkiem rodziny, dzieckiem do czwartego roku \u017cycia lub dzieckiem o orzeczonej niepe\u0142nosprawno\u015bci &#8211; \u0142\u0105cznie nie d\u0142u\u017cej ni\u017c rok.<\/p>\n\n\n\n<h2 class=\"wp-block-heading\">Przed\u0142u\u017cenie terminu z\u0142o\u017cenia rozprawy doktorskiej<\/h2>\n\n\n\n<p>Zgodnie z \u00a7 35 ust. 1 Regulaminu Szko\u0142y Doktorskiej UKSW Dyrektor Szko\u0142y, na wniosek doktoranta i po zasi\u0119gni\u0119ciu opinii promotora oraz Rady Szko\u0142y mo\u017ce podj\u0105\u0107 decyzj\u0119 o<strong>&nbsp;przed\u0142u\u017ceniu terminu z\u0142o\u017cenia rozprawy doktorskiej<\/strong>, \u0142\u0105cznie nie d\u0142u\u017cej ni\u017c o 2 lata, w przypadku:<\/p>\n\n\n\n<ol class=\"wp-block-list\">\n<li>czasowej niezdolno\u015bci doktoranta spowodowanej d\u0142ugotrwa\u0142\u0105 chorob\u0105,<\/li>\n\n\n\n<li>konieczno\u015bci sprawowania osobistej opieki nad chorym cz\u0142onkiem rodziny,<\/li>\n\n\n\n<li>konieczno\u015bci sprawowania osobistej opieki nad dzieckiem do 4. roku \u017cycia lub dzieckiem posiadaj\u0105cym orzeczenie o niepe\u0142nosprawno\u015bci,<\/li>\n\n\n\n<li>posiadania orzeczenia o stopniu niepe\u0142nosprawno\u015bci,<\/li>\n\n\n\n<li>konieczno\u015bci doko\u0144czenia bada\u0144 naukowych niezb\u0119dnych dla uko\u0144czenia rozprawy doktorskiej,<\/li>\n\n\n\n<li>konieczno\u015bci doko\u0144czenia realizacji grantu badawczego finansowanego ze \u017ar\u00f3de\u0142 zewn\u0119trznych.<\/li>\n\n\n\n<li>innych okoliczno\u015bci przewidzianych przepisami prawa.<\/li>\n<\/ol>\n\n\n\n<p><strong>Wniosek o przed\u0142u\u017cenie terminu z\u0142o\u017cenia rozprawy doktorskiej<\/strong>\u00a0powinien zawiera\u0107 uzasadnienie wraz z okre\u015bleniem przewidywanego terminu z\u0142o\u017cenia rozprawy doktorskiej. Do wniosku nale\u017cy do\u0142\u0105czy\u0107 stosowne dokumenty zgodnie z <a href=\"https:\/\/szkoladoktorska.uksw.edu.pl\/wp-content\/uploads\/sites\/29\/2026\/01\/zarzadzenie-Dyrektora-przedluzenie-terminu-zlozenia-rozprawy-doktorskiej.pdf\"><strong>Zarz\u0105dzeniem Nr 1\/2025<\/strong> <strong>Dyrektora Szko\u0142y Doktorskiej<\/strong> <strong>Uniwersytetu Kardyna\u0142a Stefana Wyszy\u0144skiego w Warszawie z\u00a0dnia 1 pa\u017adziernika 2025 r.<\/strong><\/a><\/p>\n\n\n\n<p>Dyrektor Szko\u0142y w ci\u0105gu 14 dni od dnia dostarczenia wniosku wydaje decyzj\u0119 w przedmiocie przed\u0142u\u017cenia terminu rozprawy doktorskiej.<\/p>\n\n\n\n<p>Od decyzji s\u0142u\u017cy odwo\u0142anie do Rektora w terminie 14 dni od otrzymania decyzji Dyrektora. Decyzja Rektora jest ostateczna.<\/p>\n","protected":false},"excerpt":{"rendered":"<p>Zawieszenie kszta\u0142cenia Zgodnie z \u00a7 14 pkt 12 i \u00a7 36 Regulaminu Szko\u0142y Doktorskiej UKSW Dyrektor Szko\u0142y, na wniosek doktoranta, zezwala na&nbsp;zawieszenie kszta\u0142cenia&nbsp;na okres odpowiadaj\u0105cy czasowi trwania urlopu macierzy\u0144skiego, urlopu na warunkach urlopu macierzy\u0144skiego, urlopu ojcowskiego oraz urlopu rodzicielskiego, okre\u015blonych w ustawie z dnia 26 czerwca 1974 r. \u2013 Kodeks pracy i przerw\u0119 w odbywaniu [&hellip;]<\/p>\n","protected":false},"author":1,"featured_media":0,"parent":3359,"menu_order":10,"comment_status":"closed","ping_status":"closed","template":"page-templates\/template-sub-page.php","meta":{"_acf_changed":false,"inline_featured_image":false,"footnotes":"","_links_to":"","_links_to_target":""},"class_list":["post-3784","page","type-page","status-publish","hentry"],"acf":[],"_links":{"self":[{"href":"https:\/\/szkoladoktorska.uksw.edu.pl\/pl\/wp-json\/wp\/v2\/pages\/3784","targetHints":{"allow":["GET"]}}],"collection":[{"href":"https:\/\/szkoladoktorska.uksw.edu.pl\/pl\/wp-json\/wp\/v2\/pages"}],"about":[{"href":"https:\/\/szkoladoktorska.uksw.edu.pl\/pl\/wp-json\/wp\/v2\/types\/page"}],"author":[{"embeddable":true,"href":"https:\/\/szkoladoktorska.uksw.edu.pl\/pl\/wp-json\/wp\/v2\/users\/1"}],"replies":[{"embeddable":true,"href":"https:\/\/szkoladoktorska.uksw.edu.pl\/pl\/wp-json\/wp\/v2\/comments?post=3784"}],"version-history":[{"count":7,"href":"https:\/\/szkoladoktorska.uksw.edu.pl\/pl\/wp-json\/wp\/v2\/pages\/3784\/revisions"}],"predecessor-version":[{"id":5622,"href":"https:\/\/szkoladoktorska.uksw.edu.pl\/pl\/wp-json\/wp\/v2\/pages\/3784\/revisions\/5622"}],"up":[{"embeddable":true,"href":"https:\/\/szkoladoktorska.uksw.edu.pl\/pl\/wp-json\/wp\/v2\/pages\/3359"}],"wp:attachment":[{"href":"https:\/\/szkoladoktorska.uksw.edu.pl\/pl\/wp-json\/wp\/v2\/media?parent=3784"}],"curies":[{"name":"wp","href":"https:\/\/api.w.org\/{rel}","templated":true}]}}