{"id":3785,"date":"2022-11-17T09:05:07","date_gmt":"2022-11-17T08:05:07","guid":{"rendered":"https:\/\/jednostki.uksw.edu.pl\/szkoladoktorska\/doktorant-2\/skreslenie-z-listy-doktorantow\/"},"modified":"2026-01-16T13:04:59","modified_gmt":"2026-01-16T12:04:59","slug":"skreslenie-z-listy-doktorantow","status":"publish","type":"page","link":"https:\/\/szkoladoktorska.uksw.edu.pl\/doktorant\/skreslenie-z-listy-doktorantow\/","title":{"rendered":"Skre\u015blenie z listy doktorant\u00f3w"},"content":{"rendered":"\n<p>Zgodnie z art. 203 ust. 1 Ustawy z dnia 18 lipca 2018 r. \u2013 Prawo o szkolnictwie wy\u017cszym i nauce oraz \u00a7 27 ust. 2 Regulaminu Szko\u0142y Doktorskiej UKSW&nbsp;<strong>doktoranta skre\u015bla si\u0119 z listy doktorant\u00f3w<\/strong>&nbsp;w przypadku:<\/p>\n\n\n\n<ul class=\"wp-block-list\">\n<li>negatywnego wyniku oceny \u015br\u00f3dokresowej,<\/li>\n\n\n\n<li>niez\u0142o\u017cenia rozprawy doktorskiej w terminie okre\u015blonym w indywidualnym planie badawczym\u00a0(z zastrze\u017ceniem \u00a7 35 Regulaminu Szko\u0142y Doktorskiej UKSW, kt\u00f3ry dotyczy warunk\u00f3w przed\u0142u\u017cenia terminu z\u0142o\u017cenia rozprawy doktorskiej i zawieszenia kszta\u0142cenia),<\/li>\n\n\n\n<li>rezygnacji z kszta\u0142cenia w Szkole Doktorskiej z\u0142o\u017conego w formie pisemnej w Biurze Szko\u0142y Doktorskiej.<\/li>\n\n\n\n<li>innych okoliczno\u015bci wynikaj\u0105cych z ustawy<\/li>\n<\/ul>\n\n\n\n<p>Zgodnie z art. 203 ust. 2 Ustawy z dnia 18 lipca 2018 r. \u2013 Prawo o szkolnictwie wy\u017cszym i nauce oraz \u00a7 27 ust. 3 Regulaminu Szko\u0142y Doktorskiej UKSW\u00a0<strong>doktorant mo\u017ce by\u0107 skre\u015blony z listy doktorant\u00f3w<\/strong>\u00a0w przypadku:<\/p>\n\n\n\n<ul class=\"wp-block-list\">\n<li>niezadowalaj\u0105cego post\u0119pu w przygotowaniu rozprawy doktorskiej, w tym niez\u0142o\u017cenia w terminie indywidualnego planu badawczego lub odrzucenia rocznego sprawozdania doktoranta,<\/li>\n\n\n\n<li>niewywi\u0105zywania si\u0119 z obowi\u0105zk\u00f3w wynikaj\u0105cych z przepis\u00f3w Regulaminu Szko\u0142y Doktorskiej UKSW oraz Statutu Uczelni.<\/li>\n<\/ul>\n\n\n\n<p>Decyzj\u0119 o skre\u015bleniu doktoranta z listy doktorant\u00f3w podejmuje w drodze decyzji administracyjnej Dyrektor Szko\u0142y Doktorskiej UKSW na podstawie upowa\u017cnienia Rektora.<\/p>\n\n\n\n<p>Od decyzji przys\u0142uguje wniosek o ponowne rozpatrzenie sprawy.<\/p>\n","protected":false},"excerpt":{"rendered":"<p>Zgodnie z art. 203 ust. 1 Ustawy z dnia 18 lipca 2018 r. \u2013 Prawo o szkolnictwie wy\u017cszym i nauce oraz \u00a7 27 ust. 2 Regulaminu Szko\u0142y Doktorskiej UKSW&nbsp;doktoranta skre\u015bla si\u0119 z listy doktorant\u00f3w&nbsp;w przypadku: Zgodnie z art. 203 ust. 2 Ustawy z dnia 18 lipca 2018 r. \u2013 Prawo o szkolnictwie wy\u017cszym i nauce [&hellip;]<\/p>\n","protected":false},"author":1,"featured_media":0,"parent":3359,"menu_order":22,"comment_status":"closed","ping_status":"closed","template":"page-templates\/template-sub-page.php","meta":{"_acf_changed":false,"inline_featured_image":false,"footnotes":"","_links_to":"","_links_to_target":""},"class_list":["post-3785","page","type-page","status-publish","hentry"],"acf":[],"_links":{"self":[{"href":"https:\/\/szkoladoktorska.uksw.edu.pl\/pl\/wp-json\/wp\/v2\/pages\/3785","targetHints":{"allow":["GET"]}}],"collection":[{"href":"https:\/\/szkoladoktorska.uksw.edu.pl\/pl\/wp-json\/wp\/v2\/pages"}],"about":[{"href":"https:\/\/szkoladoktorska.uksw.edu.pl\/pl\/wp-json\/wp\/v2\/types\/page"}],"author":[{"embeddable":true,"href":"https:\/\/szkoladoktorska.uksw.edu.pl\/pl\/wp-json\/wp\/v2\/users\/1"}],"replies":[{"embeddable":true,"href":"https:\/\/szkoladoktorska.uksw.edu.pl\/pl\/wp-json\/wp\/v2\/comments?post=3785"}],"version-history":[{"count":5,"href":"https:\/\/szkoladoktorska.uksw.edu.pl\/pl\/wp-json\/wp\/v2\/pages\/3785\/revisions"}],"predecessor-version":[{"id":5578,"href":"https:\/\/szkoladoktorska.uksw.edu.pl\/pl\/wp-json\/wp\/v2\/pages\/3785\/revisions\/5578"}],"up":[{"embeddable":true,"href":"https:\/\/szkoladoktorska.uksw.edu.pl\/pl\/wp-json\/wp\/v2\/pages\/3359"}],"wp:attachment":[{"href":"https:\/\/szkoladoktorska.uksw.edu.pl\/pl\/wp-json\/wp\/v2\/media?parent=3785"}],"curies":[{"name":"wp","href":"https:\/\/api.w.org\/{rel}","templated":true}]}}