{"id":3787,"date":"2022-11-17T09:05:08","date_gmt":"2022-11-17T08:05:08","guid":{"rendered":"https:\/\/jednostki.uksw.edu.pl\/szkoladoktorska\/nauka-2\/przydatne-strony\/"},"modified":"2025-03-03T09:13:46","modified_gmt":"2025-03-03T08:13:46","slug":"przydatne-strony","status":"publish","type":"page","link":"https:\/\/szkoladoktorska.uksw.edu.pl\/nauka\/przydatne-strony\/","title":{"rendered":"Przydatne strony"},"content":{"rendered":"\n<p>Zach\u0119camy do zapoznania si\u0119 z poni\u017cszymi stronami internetowymi oraz materia\u0142ami:<\/p>\n\n\n\n<ul class=\"wp-block-list\">\n<li><a href=\"https:\/\/krd.edu.pl\/\">Krajowa Reprezentacja Doktorant\u00f3w<\/a><\/li>\n\n\n\n<li><a href=\"https:\/\/www.rdn.gov.pl\/\">Rada Doskona\u0142o\u015bci Naukowej<\/a><\/li>\n\n\n\n<li><a href=\"https:\/\/nawa.gov.pl\/\">Narodowa Agencja Wymiany Akademickiej<\/a><\/li>\n\n\n\n<li><a href=\"https:\/\/www.ncn.gov.pl\/\">Narodowe Centrum Nauki<\/a><\/li>\n\n\n\n<li><a href=\"https:\/\/www.gov.pl\/web\/ncbr\">Narodowe Centrum Bada\u0144 i Rozwoju<\/a><\/li>\n\n\n\n<li><a href=\"https:\/\/www.fnp.org.pl\/oferta\/start\/\">Fundacja na rzecz Nauki Polskiej<\/a><\/li>\n\n\n\n<li><a href=\"http:\/\/www.nauka-polska.opi.org.pl\/\">Portal Nauka Polska<\/a><\/li>\n\n\n\n<li><a href=\"https:\/\/www.mojestypendium.pl\/\">Moje Stypendium<\/a><\/li>\n\n\n\n<li><a href=\"https:\/\/bbn.uksw.edu.pl\/Kurs_granty_badawcze_krok_po_kroku\">Granty badawcze krok po kroku \u2013 kurs audio<\/a><\/li>\n\n\n\n<li><a href=\"https:\/\/bbn.uksw.edu.pl\/szkolenie\">Wnioski grantowe bez tajemnic \u2013 materia\u0142y szkoleniowe<\/a><\/li>\n\n\n\n<li><a href=\"https:\/\/bbn.uksw.edu.pl\/analiza_tresci_recenzji_wnioskow_skladanych_do_NCN\">Analiza&nbsp; tre\u015bci recenzji wniosk\u00f3w sk\u0142adanych do NCN<\/a><\/li>\n\n\n\n<li><a href=\"https:\/\/bbn.uksw.edu.pl\/node\/369\">Pakiet pierwszej pomocy dla grantobiorc\u00f3w \u2013 materia\u0142y z zaj\u0119\u0107 dydaktycznych<\/a><\/li>\n\n\n\n<li><a href=\"https:\/\/bbn.uksw.edu.pl\/node\/502\">Letnia Szko\u0142a M\u0142odych Naukowc\u00f3w \u2013 materia\u0142y szkoleniowe<\/a><\/li>\n\n\n\n<li><a href=\"https:\/\/studia.gov.pl\/\">Studia.gov.pl<\/a><\/li>\n\n\n\n<li><a href=\"https:\/\/www.prawo.pl\/student\/\">Prawo.pl<\/a><\/li>\n<\/ul>\n","protected":false},"excerpt":{"rendered":"<p>Zach\u0119camy do zapoznania si\u0119 z poni\u017cszymi stronami internetowymi oraz materia\u0142ami:<\/p>\n","protected":false},"author":1,"featured_media":0,"parent":3361,"menu_order":1,"comment_status":"closed","ping_status":"closed","template":"page-templates\/template-sub-page.php","meta":{"_acf_changed":false,"inline_featured_image":false,"footnotes":"","_links_to":"","_links_to_target":""},"class_list":["post-3787","page","type-page","status-publish","hentry"],"acf":[],"_links":{"self":[{"href":"https:\/\/szkoladoktorska.uksw.edu.pl\/pl\/wp-json\/wp\/v2\/pages\/3787","targetHints":{"allow":["GET"]}}],"collection":[{"href":"https:\/\/szkoladoktorska.uksw.edu.pl\/pl\/wp-json\/wp\/v2\/pages"}],"about":[{"href":"https:\/\/szkoladoktorska.uksw.edu.pl\/pl\/wp-json\/wp\/v2\/types\/page"}],"author":[{"embeddable":true,"href":"https:\/\/szkoladoktorska.uksw.edu.pl\/pl\/wp-json\/wp\/v2\/users\/1"}],"replies":[{"embeddable":true,"href":"https:\/\/szkoladoktorska.uksw.edu.pl\/pl\/wp-json\/wp\/v2\/comments?post=3787"}],"version-history":[{"count":5,"href":"https:\/\/szkoladoktorska.uksw.edu.pl\/pl\/wp-json\/wp\/v2\/pages\/3787\/revisions"}],"predecessor-version":[{"id":4533,"href":"https:\/\/szkoladoktorska.uksw.edu.pl\/pl\/wp-json\/wp\/v2\/pages\/3787\/revisions\/4533"}],"up":[{"embeddable":true,"href":"https:\/\/szkoladoktorska.uksw.edu.pl\/pl\/wp-json\/wp\/v2\/pages\/3361"}],"wp:attachment":[{"href":"https:\/\/szkoladoktorska.uksw.edu.pl\/pl\/wp-json\/wp\/v2\/media?parent=3787"}],"curies":[{"name":"wp","href":"https:\/\/api.w.org\/{rel}","templated":true}]}}