{"id":3788,"date":"2022-11-17T09:05:08","date_gmt":"2022-11-17T08:05:08","guid":{"rendered":"https:\/\/jednostki.uksw.edu.pl\/szkoladoktorska\/nauka-2\/konferencje\/"},"modified":"2025-03-03T09:14:22","modified_gmt":"2025-03-03T08:14:22","slug":"konferencje","status":"publish","type":"page","link":"https:\/\/szkoladoktorska.uksw.edu.pl\/nauka\/konferencje\/","title":{"rendered":"Konferencje"},"content":{"rendered":"\n<figure class=\"wp-block-table\"><table><tbody><tr><td><strong>KONFERENCJA<\/strong><\/td><td><strong>TERMIN<\/strong><\/td><td><strong>MIEJSCOWO\u015a\u0106<\/strong><\/td><\/tr><tr><td><a href=\"https:\/\/www.facebook.com\/Og%C3%B3lnopolska-Konferencja-Doktorancka-Perspektywy-bada%C5%84-historycznych-101515535944968\">Og\u00f3lnopolska Konferencja Doktorancka \u201ePerspektywy bada\u0144 historycznych: Obserwacje, kultywacje, innowacje\u201d<\/a><\/td><td>17-18.11. 2022 roku<\/td><td>Pozna\u0144, Sala Posiedze\u0144 Pozna\u0144skiego Towarzystwa Przyjaci\u00f3\u0142 Nauk, ul.<br>Miel\u017cy\u0144skiego 27\/29<\/td><\/tr><tr><td><a href=\"https:\/\/networks.h-net.org\/node\/73374\/announcements\/10238959\/phd-workshop-defence-borders-military-history\">XLVII Kongres Mi\u0119dzynarodowej Komisji Historii Wojskowo\u015bci (ICMH)&nbsp;<strong>\u201eDefence of the borders in military history\u201d.<\/strong><\/a><\/td><td>28.08-2.09.2022&nbsp;<\/td><td>Wroc\u0142aw-Opole<\/td><\/tr><tr><td>Procesy transformacyjne sfery spo\u0142eczno-humanitarnej wsp\u00f3\u0142czesnej Ukrainy w czasie wojny: wezwania, problemy i perspektywy<br><strong><a href=\"https:\/\/szkoladoktorska.uksw.edu.pl\/wp-content\/uploads\/2022\/05\/Konferencja-02-03.06.2022_Pl.docx\">Materia\u0142y informacyjne oraz formularz zg\u0142oszeniowy<\/a><\/strong><\/td><td>02-03.06. 2022 r.&nbsp;<\/td><td>Tarnopol\/online<\/td><\/tr><tr><td><a href=\"https:\/\/us.edu.pl\/instytut\/int\/event\/kondycja-wspolczesnej-rodziny\">\u201e<strong>Kondycja wsp\u00f3\u0142czesnej rodziny<\/strong>\u201d \u2013 organizowana przez Interdyscyplinarny Zesp\u00f3\u0142 Badawczy przy Wydziale Teologicznym Uniwersytetu \u015al\u0105skiego<\/a><\/td><td>17.11.2022<\/td><td>aula Wydzia\u0142u Teologicznego U\u015a w Katowicach przy ul. Jordana 18<\/td><\/tr><tr><td><a href=\"https:\/\/tiny.pl\/9sztd\">II Doktorancko-Studenckie Seminarium Naukowe&nbsp;<strong>pt. Krytyka redakcji (Redaktionsgeschichte) i elementy innych metod bada\u0144 tekstu biblijnego na podstawie wybranych przyk\u0142ad\u00f3w<\/strong><\/a>&nbsp;<\/td><td>25 maja 2022, godz. 16:30<\/td><td>Instytut Nauk Teologicznych US ul. Paw\u0142a VI 2, Szczecin oraz MsTeams<\/td><\/tr><tr><td><a href=\"https:\/\/szkoladoktorska.uksw.edu.pl\/wp-content\/uploads\/2022\/03\/PBC_zaproszenie-04.pdf\">Mi\u0119dzynarodowa Konferencja Naukowa \u201c10 lat Polonijnej Biblioteki Cyfrowej\u201d \u2013 organizowana przez Wydzia\u0142 Dziennikarstwa Informacji i Bibliologii UW oraz Polskie Towarzystwo Bibliologiczne Oddzia\u0142 Warszawski<\/a><\/td><td>16-18.11.2022 r.<\/td><td>Warszawa<\/td><\/tr><tr><td><a href=\"https:\/\/szkoladoktorska.uksw.edu.pl\/wp-content\/uploads\/2022\/02\/Komunikat-1-XXXV-LSMP.pdf\">Jubileuszowa XXXV Letnia Szko\u0142a M\u0142odych Pedagog\u00f3w im. Marii Dudzikowej \u2013 organizowana przez Komitet Nauk Pedagogicznych Polskiej Akademii Nauk<\/a><\/td><td>05-09.09.2022 r.<\/td><td>Bielsko-Bia\u0142a<\/td><\/tr><tr><td>Mi\u0119dzynarodowa Multidyscyplinarna Konferencja&nbsp;<a href=\"https:\/\/szkoladoktorska.uksw.edu.pl\/wp-content\/uploads\/2022\/03\/MKDUS.pdf\">MKDUS 2.0<\/a><\/td><td>22-24.06.2022 r.<\/td><td>platforma MS Teams<\/td><\/tr><tr><td>W\u0119gajty jako czasownik? Krajobrazy \u2027 Spo\u0142eczno\u015bci \u2027 Pogranicza<a href=\"https:\/\/docs.google.com\/forms\/d\/e\/1FAIpQLSd0RBGF-cTvMTWyKLBQqPJUtHpNEU6BfpRRr5kvas3Zv2Pmfw\/viewform\">Cz\u0119\u015b\u0107 panelowa (on-line) dotycz\u0105ca&nbsp;<u>wy\u0142\u0105cznie<\/u>&nbsp;krajobrazu<\/a><a href=\"https:\/\/docs.google.com\/forms\/d\/e\/1FAIpQLSd3Hdn8FtbY5OejkS28_OlGhFwma9hhtULtF4dRdRwXp2uRpg\/viewform\">Cz\u0119\u015b\u0107 plenarna (on-site) dotycz\u0105ca krajobrazu, spo\u0142eczno\u015bci i pogranicza&nbsp;<\/a><\/td><td>&nbsp;&nbsp;20-21.06.2022 r.&nbsp;&nbsp;<\/td><td>W\u0119gajty<br>(forma hybrydowa)<\/td><\/tr><tr><td><a href=\"https:\/\/www.doktorant.com.pl\/index.php\/2022-dnd-10\">WIELKA SESJA POSTEROWA w ramach X edycji Og\u00f3lnopolskiej Konferencji M\u0142odych Naukowc\u00f3w nt. DOKONANIA NAUKOWE DOKTORANT\u00d3W<\/a><\/td><td>24-26.06.2022 r.<\/td><td>online<\/td><\/tr><\/tbody><\/table><\/figure>\n","protected":false},"excerpt":{"rendered":"<p>KONFERENCJA TERMIN MIEJSCOWO\u015a\u0106 Og\u00f3lnopolska Konferencja Doktorancka \u201ePerspektywy bada\u0144 historycznych: Obserwacje, kultywacje, innowacje\u201d 17-18.11. 2022 roku Pozna\u0144, Sala Posiedze\u0144 Pozna\u0144skiego Towarzystwa Przyjaci\u00f3\u0142 Nauk, ul.Miel\u017cy\u0144skiego 27\/29 XLVII Kongres Mi\u0119dzynarodowej Komisji Historii Wojskowo\u015bci (ICMH)&nbsp;\u201eDefence of the borders in military history\u201d. 28.08-2.09.2022&nbsp; Wroc\u0142aw-Opole Procesy transformacyjne sfery spo\u0142eczno-humanitarnej wsp\u00f3\u0142czesnej Ukrainy w czasie wojny: wezwania, problemy i perspektywyMateria\u0142y informacyjne oraz formularz [&hellip;]<\/p>\n","protected":false},"author":1,"featured_media":0,"parent":3361,"menu_order":2,"comment_status":"closed","ping_status":"closed","template":"page-templates\/template-sub-page.php","meta":{"_acf_changed":false,"inline_featured_image":false,"footnotes":"","_links_to":"","_links_to_target":""},"class_list":["post-3788","page","type-page","status-publish","hentry"],"acf":[],"_links":{"self":[{"href":"https:\/\/szkoladoktorska.uksw.edu.pl\/pl\/wp-json\/wp\/v2\/pages\/3788","targetHints":{"allow":["GET"]}}],"collection":[{"href":"https:\/\/szkoladoktorska.uksw.edu.pl\/pl\/wp-json\/wp\/v2\/pages"}],"about":[{"href":"https:\/\/szkoladoktorska.uksw.edu.pl\/pl\/wp-json\/wp\/v2\/types\/page"}],"author":[{"embeddable":true,"href":"https:\/\/szkoladoktorska.uksw.edu.pl\/pl\/wp-json\/wp\/v2\/users\/1"}],"replies":[{"embeddable":true,"href":"https:\/\/szkoladoktorska.uksw.edu.pl\/pl\/wp-json\/wp\/v2\/comments?post=3788"}],"version-history":[{"count":6,"href":"https:\/\/szkoladoktorska.uksw.edu.pl\/pl\/wp-json\/wp\/v2\/pages\/3788\/revisions"}],"predecessor-version":[{"id":4537,"href":"https:\/\/szkoladoktorska.uksw.edu.pl\/pl\/wp-json\/wp\/v2\/pages\/3788\/revisions\/4537"}],"up":[{"embeddable":true,"href":"https:\/\/szkoladoktorska.uksw.edu.pl\/pl\/wp-json\/wp\/v2\/pages\/3361"}],"wp:attachment":[{"href":"https:\/\/szkoladoktorska.uksw.edu.pl\/pl\/wp-json\/wp\/v2\/media?parent=3788"}],"curies":[{"name":"wp","href":"https:\/\/api.w.org\/{rel}","templated":true}]}}