{"id":3789,"date":"2022-11-17T09:05:09","date_gmt":"2022-11-17T08:05:09","guid":{"rendered":"https:\/\/jednostki.uksw.edu.pl\/szkoladoktorska\/nauka-2\/konkursy\/"},"modified":"2025-03-03T09:14:43","modified_gmt":"2025-03-03T08:14:43","slug":"konkursy","status":"publish","type":"page","link":"https:\/\/szkoladoktorska.uksw.edu.pl\/nauka\/konkursy\/","title":{"rendered":"Konkursy"},"content":{"rendered":"\n<figure class=\"wp-block-table\"><table class=\"has-fixed-layout\"><tbody><tr><td><strong>KONKURS<\/strong><\/td><td><strong>TERMIN<\/strong><\/td><td><strong>SZCZEG\u00d3\u0141OWE INFORMACJE<\/strong><\/td><\/tr><tr><td>XI edycja Konkursu o Nagrod\u0119 Przewodnicz\u0105cego KNF za najlepsz\u0105 prac\u0119 doktorsk\u0105 z zakresu rynku finansowego<\/td><td>16.08.2022 r.<\/td><td>W Konkursie mog\u0105 wzi\u0105\u0107 udzia\u0142 autorzy prac doktorskich napisanych w j\u0119zyku polskim, na podstawie kt\u00f3rych nadano stopie\u0144 naukowy doktora w Rzeczypospolitej Polskiej&nbsp;<strong>w 2021 roku<\/strong>.<br><a href=\"https:\/\/www.knf.gov.pl\/dla_rynku\/edukacja_cedur\/konkursy\/Konkurs_o_nagrode_Przewodniczacego_KNF?articleId=75841&amp;p_id=18\">Szczeg\u00f3\u0142y dost\u0119pne na stronie<\/a><\/td><\/tr><tr><td>\u201cKonkurs Debiutant\u00f3w\u201d dla autor\u00f3w najlepszego artyku\u0142u naukowego<\/td><td>30.04.2022 r.<\/td><td><a href=\"https:\/\/probacja.com\/resources\/html\/cms\/MAINPAGE\">https:\/\/probacja.com\/resources\/html\/cms\/MAINPAGE<\/a><\/td><\/tr><tr><td>Wydawnictwo Naukowe ArchaeGraph \u2013 nab\u00f3r do recenzowanej monografii naukowej pt:&nbsp; \u201cPokolenia XYZ \u2013 Studia interdyscyplinarne\u201d<\/td><td>11.04.2022 r.<\/td><td><a href=\"https:\/\/szkoladoktorska.uksw.edu.pl\/wp-content\/uploads\/2022\/03\/ArchaeGraph.pdf\">nab\u00f3r do recenzowanej monografii<\/a><\/td><\/tr><tr><td>Wydawnictwo Naukowe ArchaeGraph \u2013 nab\u00f3r do recenzowanej monografii naukowej pt:&nbsp; \u201cBezpiecze\u0144stwo mi\u0119dzynarodowe \u2013 Europa i \u015bwiat. Studia interdyscyplinarne\u201d<\/td><td>04.04.2022 r.<\/td><td><a href=\"https:\/\/szkoladoktorska.uksw.edu.pl\/wp-content\/uploads\/2022\/03\/nabor-do-recenzowanej-monografii.pdf\">nab\u00f3r do recenzowanej monografii<\/a><\/td><\/tr><\/tbody><\/table><\/figure>\n","protected":false},"excerpt":{"rendered":"<p>KONKURS TERMIN SZCZEG\u00d3\u0141OWE INFORMACJE XI edycja Konkursu o Nagrod\u0119 Przewodnicz\u0105cego KNF za najlepsz\u0105 prac\u0119 doktorsk\u0105 z zakresu rynku finansowego 16.08.2022 r. W Konkursie mog\u0105 wzi\u0105\u0107 udzia\u0142 autorzy prac doktorskich napisanych w j\u0119zyku polskim, na podstawie kt\u00f3rych nadano stopie\u0144 naukowy doktora w Rzeczypospolitej Polskiej&nbsp;w 2021 roku.Szczeg\u00f3\u0142y dost\u0119pne na stronie \u201cKonkurs Debiutant\u00f3w\u201d dla autor\u00f3w najlepszego artyku\u0142u naukowego [&hellip;]<\/p>\n","protected":false},"author":1,"featured_media":0,"parent":3361,"menu_order":3,"comment_status":"closed","ping_status":"closed","template":"page-templates\/template-sub-page.php","meta":{"_acf_changed":false,"inline_featured_image":false,"footnotes":"","_links_to":"","_links_to_target":""},"class_list":["post-3789","page","type-page","status-publish","hentry"],"acf":[],"_links":{"self":[{"href":"https:\/\/szkoladoktorska.uksw.edu.pl\/pl\/wp-json\/wp\/v2\/pages\/3789","targetHints":{"allow":["GET"]}}],"collection":[{"href":"https:\/\/szkoladoktorska.uksw.edu.pl\/pl\/wp-json\/wp\/v2\/pages"}],"about":[{"href":"https:\/\/szkoladoktorska.uksw.edu.pl\/pl\/wp-json\/wp\/v2\/types\/page"}],"author":[{"embeddable":true,"href":"https:\/\/szkoladoktorska.uksw.edu.pl\/pl\/wp-json\/wp\/v2\/users\/1"}],"replies":[{"embeddable":true,"href":"https:\/\/szkoladoktorska.uksw.edu.pl\/pl\/wp-json\/wp\/v2\/comments?post=3789"}],"version-history":[{"count":6,"href":"https:\/\/szkoladoktorska.uksw.edu.pl\/pl\/wp-json\/wp\/v2\/pages\/3789\/revisions"}],"predecessor-version":[{"id":4538,"href":"https:\/\/szkoladoktorska.uksw.edu.pl\/pl\/wp-json\/wp\/v2\/pages\/3789\/revisions\/4538"}],"up":[{"embeddable":true,"href":"https:\/\/szkoladoktorska.uksw.edu.pl\/pl\/wp-json\/wp\/v2\/pages\/3361"}],"wp:attachment":[{"href":"https:\/\/szkoladoktorska.uksw.edu.pl\/pl\/wp-json\/wp\/v2\/media?parent=3789"}],"curies":[{"name":"wp","href":"https:\/\/api.w.org\/{rel}","templated":true}]}}