{"id":3791,"date":"2022-11-17T09:05:10","date_gmt":"2022-11-17T08:05:10","guid":{"rendered":"https:\/\/jednostki.uksw.edu.pl\/szkoladoktorska\/nauka-2\/projekty\/"},"modified":"2023-01-19T11:45:31","modified_gmt":"2023-01-19T10:45:31","slug":"projekty","status":"publish","type":"page","link":"https:\/\/szkoladoktorska.uksw.edu.pl\/nauka\/projekty\/","title":{"rendered":"Projekty"},"content":{"rendered":"\n<p><a href=\"https:\/\/bbn.uksw.edu.pl\/PROM\"><strong>Program PROM \u2013 Mi\u0119dzynarodowa wymiana stypendialna doktorant\u00f3w i kadry akademickiej w Uniwersytecie Kardyna\u0142a Stefana Wyszy\u0144skiego w Warszawie.<\/strong><\/a><\/p>\n\n\n\n<h2 class=\"wp-block-heading\">Wsparcie udzielane w ramach<\/h2>\n\n\n\n<h3 class=\"wp-block-heading\">Programu obejmuje:<\/h3>\n\n\n\n<ul class=\"wp-block-list\">\n<li>udzia\u0142 w szkole letniej,<\/li>\n\n\n\n<li>pozyskanie materia\u0142\u00f3w do pracy doktorskiej\/artyku\u0142u naukowego,<\/li>\n\n\n\n<li>wykonanie kwerend archiwalnych\/bibliotecznych,<\/li>\n\n\n\n<li>udzia\u0142 w kr\u00f3tkich formach kszta\u0142cenia,<\/li>\n\n\n\n<li>aktywny udzia\u0142 w konferencji zagranicznej,<\/li>\n\n\n\n<li>udzia\u0142 w szkoleniach.<\/li>\n<\/ul>\n\n\n\n<h3 class=\"wp-block-heading\">Uczestnicy Programu:<\/h3>\n\n\n\n<ul class=\"wp-block-list\">\n<li>doktoranci stacjonarnych studi\u00f3w doktoranckich, kt\u00f3rzy w roku akademickim 2019\/2020 b\u0119d\u0105 na II, III, lub IV roku kszta\u0142cenia oraz wybitni doktoranci, kt\u00f3rzy z powod\u00f3w zdrowotnych lub ze wzgl\u0119du na przed\u0142u\u017caj\u0105ce si\u0119 badania korzystaj\u0105 z wyd\u0142u\u017cenia okresu studi\u00f3w doktoranckich,<\/li>\n\n\n\n<li>osoby korzystaj\u0105ce z urlopu macierzy\u0144skiego lub urlopu na prawach urlopu macierzy\u0144skiego,<\/li>\n\n\n\n<li>doktoranci Szko\u0142y Doktorskiej UKSW realizuj\u0105cy wyjazd do zagranicznej instytucji naukowej w celu pozyskania materia\u0142\u00f3w do pracy doktorskiej lub przeprowadzenia kwerendy archiwalnej\/bibliotecznej,<\/li>\n\n\n\n<li>kadra akademicka z UKSW i spoza UKSW, bior\u0105ca udzia\u0142 w kszta\u0142ceniu doktorant\u00f3w nie przekraczaj\u0105ca w dniu rozpocz\u0119cia wyjazdu, co do zasady, 40. roku \u017cycia,<\/li>\n\n\n\n<li>doktoranci przyje\u017cd\u017caj\u0105cy na UKSW z kraj\u00f3w europejskich, niekoniecznie wchodz\u0105cych w sk\u0142ad Unii Europejskiej.<\/li>\n<\/ul>\n","protected":false},"excerpt":{"rendered":"<p>Program PROM \u2013 Mi\u0119dzynarodowa wymiana stypendialna doktorant\u00f3w i kadry akademickiej w Uniwersytecie Kardyna\u0142a Stefana Wyszy\u0144skiego w Warszawie. Wsparcie udzielane w ramach Programu obejmuje: Uczestnicy Programu:<\/p>\n","protected":false},"author":1,"featured_media":0,"parent":3361,"menu_order":28,"comment_status":"closed","ping_status":"closed","template":"page-templates\/template-sub-page.php","meta":{"_acf_changed":false,"inline_featured_image":false,"footnotes":"","_links_to":"","_links_to_target":""},"class_list":["post-3791","page","type-page","status-publish","hentry"],"acf":[],"_links":{"self":[{"href":"https:\/\/szkoladoktorska.uksw.edu.pl\/pl\/wp-json\/wp\/v2\/pages\/3791","targetHints":{"allow":["GET"]}}],"collection":[{"href":"https:\/\/szkoladoktorska.uksw.edu.pl\/pl\/wp-json\/wp\/v2\/pages"}],"about":[{"href":"https:\/\/szkoladoktorska.uksw.edu.pl\/pl\/wp-json\/wp\/v2\/types\/page"}],"author":[{"embeddable":true,"href":"https:\/\/szkoladoktorska.uksw.edu.pl\/pl\/wp-json\/wp\/v2\/users\/1"}],"replies":[{"embeddable":true,"href":"https:\/\/szkoladoktorska.uksw.edu.pl\/pl\/wp-json\/wp\/v2\/comments?post=3791"}],"version-history":[{"count":4,"href":"https:\/\/szkoladoktorska.uksw.edu.pl\/pl\/wp-json\/wp\/v2\/pages\/3791\/revisions"}],"predecessor-version":[{"id":4543,"href":"https:\/\/szkoladoktorska.uksw.edu.pl\/pl\/wp-json\/wp\/v2\/pages\/3791\/revisions\/4543"}],"up":[{"embeddable":true,"href":"https:\/\/szkoladoktorska.uksw.edu.pl\/pl\/wp-json\/wp\/v2\/pages\/3361"}],"wp:attachment":[{"href":"https:\/\/szkoladoktorska.uksw.edu.pl\/pl\/wp-json\/wp\/v2\/media?parent=3791"}],"curies":[{"name":"wp","href":"https:\/\/api.w.org\/{rel}","templated":true}]}}