{"id":3792,"date":"2022-11-17T09:05:10","date_gmt":"2022-11-17T08:05:10","guid":{"rendered":"https:\/\/jednostki.uksw.edu.pl\/szkoladoktorska\/nauka-2\/samorzad-doktorantow-uksw\/"},"modified":"2023-01-19T11:47:33","modified_gmt":"2023-01-19T10:47:33","slug":"samorzad-doktorantow-uksw","status":"publish","type":"page","link":"https:\/\/szkoladoktorska.uksw.edu.pl\/nauka\/samorzad-doktorantow-uksw\/","title":{"rendered":"Samorz\u0105d Doktorant\u00f3w UKSW"},"content":{"rendered":"<div class=\"wp-block-image\">\n<figure class=\"alignright size-full is-resized\"><img decoding=\"async\" src=\"https:\/\/szkoladoktorska.uksw.edu.pl\/wp-content\/uploads\/sites\/29\/2022\/11\/307579021_458231399675169_5235533867146983267_n.png\" alt=\"Samorz\u0105d Doktorant\u00f3w UKSW logo\" class=\"wp-image-4047\" width=\"200\" height=\"200\" srcset=\"https:\/\/szkoladoktorska.uksw.edu.pl\/wp-content\/uploads\/sites\/29\/2022\/11\/307579021_458231399675169_5235533867146983267_n.png 400w, https:\/\/szkoladoktorska.uksw.edu.pl\/wp-content\/uploads\/sites\/29\/2022\/11\/307579021_458231399675169_5235533867146983267_n-300x300.png 300w, https:\/\/szkoladoktorska.uksw.edu.pl\/wp-content\/uploads\/sites\/29\/2022\/11\/307579021_458231399675169_5235533867146983267_n-150x150.png 150w\" sizes=\"(max-width: 200px) 100vw, 200px\" \/><\/figure><\/div>\n\n\n<p>Samorz\u0105d Doktorant\u00f3w Uniwersytetu Kardyna\u0142a Stefana Wyszy\u0144skiego tworz\u0105 wszyscy uczestnicy studi\u00f3w doktoranckich prowadzonych na UKSW oraz Szko\u0142y Doktorskiej UKSW. Organy Samorz\u0105du s\u0105 wy\u0142\u0105cznymi reprezentantami og\u00f3\u0142u doktorant\u00f3w Uniwersytetu, maj\u0105 za zadanie reprezentowa\u0107 interesy doktorant\u00f3w oraz broni\u0107 ich praw wewn\u0105trz Uniwersytetu i poza nim.<\/p>\n\n\n\n<h2 class=\"wp-block-heading\">Zgodnie z obowi\u0105zuj\u0105cym Regulaminem Samorz\u0105du Doktorant\u00f3w z dnia 5 czerwca 2018 r. struktur\u0119 Samorz\u0105du tworz\u0105:<\/h2>\n\n\n\n<ul class=\"wp-block-list\">\n<li>Przewodnicz\u0105cy Samorz\u0105du Doktorant\u00f3w,<\/li>\n\n\n\n<li>Parlament Samorz\u0105du Doktorant\u00f3w,&nbsp;<\/li>\n\n\n\n<li>Zarz\u0105d Samorz\u0105du Doktorant\u00f3w,<\/li>\n\n\n\n<li>Wydzia\u0142owe Rady Doktorant\u00f3w,&nbsp;<\/li>\n\n\n\n<li>Komisja Rewizyjna,<\/li>\n\n\n\n<li>Komisja Wyborcza,<\/li>\n<\/ul>\n\n\n\n<p><strong>WSZELKIE AKTUALNO\u015aCI ZWI\u0104ZANE Z DZIA\u0141ANO\u015aCI\u0104 SAMORZ\u0104DU DOKTORANT\u00d3W UKSW ZAMIESZCZANE S\u0104 NA OFICJALNYM FANPAGE\u2019U FACEBOOK<\/strong>&nbsp;<a href=\"https:\/\/www.facebook.com\/uksw.doktoranci\">https:\/\/www.facebook.com\/uksw.doktoranci<\/a><\/p>\n","protected":false},"excerpt":{"rendered":"<p>Samorz\u0105d Doktorant\u00f3w Uniwersytetu Kardyna\u0142a Stefana Wyszy\u0144skiego tworz\u0105 wszyscy uczestnicy studi\u00f3w doktoranckich prowadzonych na UKSW oraz Szko\u0142y Doktorskiej UKSW. Organy Samorz\u0105du s\u0105 wy\u0142\u0105cznymi reprezentantami og\u00f3\u0142u doktorant\u00f3w Uniwersytetu, maj\u0105 za zadanie reprezentowa\u0107 interesy doktorant\u00f3w oraz broni\u0107 ich praw wewn\u0105trz Uniwersytetu i poza nim. Zgodnie z obowi\u0105zuj\u0105cym Regulaminem Samorz\u0105du Doktorant\u00f3w z dnia 5 czerwca 2018 r. struktur\u0119 Samorz\u0105du [&hellip;]<\/p>\n","protected":false},"author":1,"featured_media":0,"parent":3361,"menu_order":29,"comment_status":"closed","ping_status":"closed","template":"page-templates\/template-sub-page.php","meta":{"_acf_changed":false,"inline_featured_image":false,"footnotes":"","_links_to":"","_links_to_target":""},"class_list":["post-3792","page","type-page","status-publish","hentry"],"acf":[],"_links":{"self":[{"href":"https:\/\/szkoladoktorska.uksw.edu.pl\/pl\/wp-json\/wp\/v2\/pages\/3792","targetHints":{"allow":["GET"]}}],"collection":[{"href":"https:\/\/szkoladoktorska.uksw.edu.pl\/pl\/wp-json\/wp\/v2\/pages"}],"about":[{"href":"https:\/\/szkoladoktorska.uksw.edu.pl\/pl\/wp-json\/wp\/v2\/types\/page"}],"author":[{"embeddable":true,"href":"https:\/\/szkoladoktorska.uksw.edu.pl\/pl\/wp-json\/wp\/v2\/users\/1"}],"replies":[{"embeddable":true,"href":"https:\/\/szkoladoktorska.uksw.edu.pl\/pl\/wp-json\/wp\/v2\/comments?post=3792"}],"version-history":[{"count":24,"href":"https:\/\/szkoladoktorska.uksw.edu.pl\/pl\/wp-json\/wp\/v2\/pages\/3792\/revisions"}],"predecessor-version":[{"id":4545,"href":"https:\/\/szkoladoktorska.uksw.edu.pl\/pl\/wp-json\/wp\/v2\/pages\/3792\/revisions\/4545"}],"up":[{"embeddable":true,"href":"https:\/\/szkoladoktorska.uksw.edu.pl\/pl\/wp-json\/wp\/v2\/pages\/3361"}],"wp:attachment":[{"href":"https:\/\/szkoladoktorska.uksw.edu.pl\/pl\/wp-json\/wp\/v2\/media?parent=3792"}],"curies":[{"name":"wp","href":"https:\/\/api.w.org\/{rel}","templated":true}]}}